{"id":38540,"date":"2024-09-25T12:52:00","date_gmt":"2024-09-25T10:52:00","guid":{"rendered":"https:\/\/poll-berlin.de\/galerie\/weitere-kuenstler\/jacobo-borges\/kataloge\/katalog-2-borges\/"},"modified":"2024-12-04T13:01:24","modified_gmt":"2024-12-04T12:01:24","slug":"katalog-2-borges","status":"publish","type":"page","link":"https:\/\/poll-berlin.de\/galerie\/weitere-kuenstler\/jacobo-borges\/kataloge\/katalog-2-borges\/","title":{"rendered":"Katalog 2 &#8211; Borges"},"content":{"rendered":"\n<p><strong>Jacobo Borges. Berliner Bilder II. \u00dcberg\u00e4nge<br><\/strong>Galerie Eva Poll (Hrsg.), Texte von Wieland Schmied und Jacobo Borges, Katalog anl\u00e4sslich der Gleichnamighen Ausstellung in der Galerie Eva Poll, Berlin (14.9.-28.10.1992), POLLeditionen Bd. 34, Berlin 1992, 29 x 21 cm, 16 Seiten, 10 Farbabbildungen und 1 S\/W-Abbildung<br>8 Euro<\/p>\n\n\n<a id=\"mailinger\" href=\"mailto:galerie@poll-berlin.de?subject=Bestellung Katalog 2 &#8211; Borges&amp;body=Hiermit bestelle ich verbindlich den Katalog \u201eJacobo Borges. Berliner Bilder II. \u00dcberg\u00e4\u201c zu einem Preis von 8 Euro (zzgl. Versand). Bitte teilen Sie mir die entsprechende Bankverbindung mit.%0D%0AMeine Adresse lautet:%0D%0A%0D%0AInstitution:%0D%0AVorname, Name:%0D%0AStra\u00dfe, Haus-Nr.:%0D%0APLZ, Stadt:%0D%0ALand:\" title=\"Bestellung\">Bestellung<\/a>\n","protected":false},"excerpt":{"rendered":"<p>Jacobo Borges. Berliner Bilder II. \u00dcberg\u00e4ngeGalerie Eva Poll (Hrsg.), Texte von Wieland Schmied und Jacobo Borges, Katalog anl\u00e4sslich der Gleichnamighen Ausstellung in der Galerie Eva Poll, Berlin (14.9.-28.10.1992), POLLeditionen Bd. 34, Berlin 1992, 29 x 21 cm, 16 Seiten, 10 Farbabbildungen und 1 S\/W-Abbildung8 Euro<\/p>\n","protected":false},"author":2,"featured_media":38550,"parent":979,"menu_order":1,"comment_status":"closed","ping_status":"closed","template":"kuenstler-katalog.php","meta":{"_acf_changed":false,"footnotes":""},"class_list":["post-38540","page","type-page","status-publish","has-post-thumbnail","hentry"],"acf":{"photo_gallery":{"bilder":[[]]}},"_links":{"self":[{"href":"https:\/\/poll-berlin.de\/galerie\/wp-json\/wp\/v2\/pages\/38540","targetHints":{"allow":["GET"]}}],"collection":[{"href":"https:\/\/poll-berlin.de\/galerie\/wp-json\/wp\/v2\/pages"}],"about":[{"href":"https:\/\/poll-berlin.de\/galerie\/wp-json\/wp\/v2\/types\/page"}],"author":[{"embeddable":true,"href":"https:\/\/poll-berlin.de\/galerie\/wp-json\/wp\/v2\/users\/2"}],"replies":[{"embeddable":true,"href":"https:\/\/poll-berlin.de\/galerie\/wp-json\/wp\/v2\/comments?post=38540"}],"version-history":[{"count":3,"href":"https:\/\/poll-berlin.de\/galerie\/wp-json\/wp\/v2\/pages\/38540\/revisions"}],"predecessor-version":[{"id":40187,"href":"https:\/\/poll-berlin.de\/galerie\/wp-json\/wp\/v2\/pages\/38540\/revisions\/40187"}],"up":[{"embeddable":true,"href":"https:\/\/poll-berlin.de\/galerie\/wp-json\/wp\/v2\/pages\/979"}],"wp:featuredmedia":[{"embeddable":true,"href":"https:\/\/poll-berlin.de\/galerie\/wp-json\/wp\/v2\/media\/38550"}],"wp:attachment":[{"href":"https:\/\/poll-berlin.de\/galerie\/wp-json\/wp\/v2\/media?parent=38540"}],"curies":[{"name":"wp","href":"https:\/\/api.w.org\/{rel}","templated":true}]}}