{"id":38071,"date":"2024-10-16T14:09:24","date_gmt":"2024-10-16T12:09:24","guid":{"rendered":"https:\/\/poll-berlin.de\/galerie\/?page_id=38071"},"modified":"2025-07-22T18:36:06","modified_gmt":"2025-07-22T16:36:06","slug":"werke-in-sammlungen","status":"publish","type":"page","link":"https:\/\/poll-berlin.de\/galerie\/weitere-kuenstler\/gerhard-taubert\/werke-in-sammlungen\/","title":{"rendered":"Werke in Sammlungen"},"content":{"rendered":"\n<p><strong>Werke in Sammlungen<\/strong><\/p>\n\n\n\n<p>Sammlung Kunsthaus NRW, Aachen<br>Victoria-Versicherung, Berlin<br>Stadtmuseum D\u00fcsseldorf<br>Stadtsparkasse D\u00fcsseldorf<br>Stiftung Sammlung Kemp, D\u00fcsseldorf<br>Kunstsammlung Krohne, Duisburg<br>Sammlung Deutsche Bank, Frankfurt am Main<br>HypoVereinsbank, M\u00fcnchen<br>IBM Deutschland GmbH, Stuttgart<\/p>\n","protected":false},"excerpt":{"rendered":"<p>Werke in Sammlungen Sammlung Kunsthaus NRW, AachenVictoria-Versicherung, BerlinStadtmuseum D\u00fcsseldorfStadtsparkasse D\u00fcsseldorfStiftung Sammlung Kemp, D\u00fcsseldorfKunstsammlung Krohne, DuisburgSammlung Deutsche Bank, Frankfurt am MainHypoVereinsbank, M\u00fcnchenIBM Deutschland GmbH, Stuttgart<\/p>\n","protected":false},"author":1,"featured_media":0,"parent":38067,"menu_order":2,"comment_status":"closed","ping_status":"closed","template":"kuenstler-text.php","meta":{"_acf_changed":false,"footnotes":""},"class_list":["post-38071","page","type-page","status-publish","hentry"],"acf":[],"_links":{"self":[{"href":"https:\/\/poll-berlin.de\/galerie\/wp-json\/wp\/v2\/pages\/38071","targetHints":{"allow":["GET"]}}],"collection":[{"href":"https:\/\/poll-berlin.de\/galerie\/wp-json\/wp\/v2\/pages"}],"about":[{"href":"https:\/\/poll-berlin.de\/galerie\/wp-json\/wp\/v2\/types\/page"}],"author":[{"embeddable":true,"href":"https:\/\/poll-berlin.de\/galerie\/wp-json\/wp\/v2\/users\/1"}],"replies":[{"embeddable":true,"href":"https:\/\/poll-berlin.de\/galerie\/wp-json\/wp\/v2\/comments?post=38071"}],"version-history":[{"count":6,"href":"https:\/\/poll-berlin.de\/galerie\/wp-json\/wp\/v2\/pages\/38071\/revisions"}],"predecessor-version":[{"id":43625,"href":"https:\/\/poll-berlin.de\/galerie\/wp-json\/wp\/v2\/pages\/38071\/revisions\/43625"}],"up":[{"embeddable":true,"href":"https:\/\/poll-berlin.de\/galerie\/wp-json\/wp\/v2\/pages\/38067"}],"wp:attachment":[{"href":"https:\/\/poll-berlin.de\/galerie\/wp-json\/wp\/v2\/media?parent=38071"}],"curies":[{"name":"wp","href":"https:\/\/api.w.org\/{rel}","templated":true}]}}