{"id":38069,"date":"2024-08-28T18:55:48","date_gmt":"2024-08-28T16:55:48","guid":{"rendered":"https:\/\/poll-berlin.de\/galerie\/?page_id=38069"},"modified":"2025-04-04T15:29:58","modified_gmt":"2025-04-04T13:29:58","slug":"biografie","status":"publish","type":"page","link":"https:\/\/poll-berlin.de\/galerie\/weitere-kuenstler\/gerhard-taubert\/biografie\/","title":{"rendered":"Biografie"},"content":{"rendered":"\n<p><strong>Biografie<\/strong><\/p>\n\n\n\n<div style=\"height:10px\" aria-hidden=\"true\" class=\"wp-block-spacer\"><\/div>\n\n\n\n<figure class=\"wp-block-table\"><table><tbody><tr><td>1928<\/td><td>geboren in Altenburg<\/td><\/tr><tr><td>1947-1948<\/td><td>Privatsch\u00fcler bei Prof. Heinrich Burckhardt, Altenburg<\/td><\/tr><tr><td>1948<\/td><td>Studium der Malerei an der Hochschule f\u00fcr Baukunst und Bildende K\u00fcnste Weimar bei Prof. Hanns Hoffmann-Lederer und Prof. Otto Herbig<\/td><\/tr><tr><td>1950<\/td><td>Fortsetzung des Studiums der Malerei an der Kunstakademie D\u00fcsseldorf bei Prof. Bruno Goller und Prof. Otto Pankok<\/td><\/tr><tr><td>seit 1952<\/td><td>Arbeit als freischaffender Maler in D\u00fcsseldorf<\/td><\/tr><tr><td>1987-2002<\/td><td>Atelier in Malemort-du-Comtat (Frankreich)<\/td><\/tr><tr><td>2002-2012<\/td><td>Atelier in Roussillon (Frankreich)<\/td><\/tr><tr><td>2012<\/td><td>gestorben in D\u00fcsseldorf<\/td><\/tr><\/tbody><\/table><\/figure>\n\n\n\n<div style=\"height:10px\" aria-hidden=\"true\" class=\"wp-block-spacer\"><\/div>\n\n\n\n<p><strong>Preise und Stipendien<\/strong><\/p>\n\n\n\n<div style=\"height:10px\" aria-hidden=\"true\" class=\"wp-block-spacer\"><\/div>\n\n\n\n<figure class=\"wp-block-table\"><table><tbody><tr><td>1948<\/td><td>Maxim-Gorki-Preis<\/td><\/tr><\/tbody><\/table><\/figure>\n","protected":false},"excerpt":{"rendered":"<p>Biografie 1928 geboren in Altenburg 1947-1948 Privatsch\u00fcler bei Prof. Heinrich Burckhardt, Altenburg 1948 Studium der Malerei an der Hochschule f\u00fcr Baukunst und Bildende K\u00fcnste Weimar bei Prof. Hanns Hoffmann-Lederer und Prof. Otto Herbig 1950 Fortsetzung des Studiums der Malerei an der Kunstakademie D\u00fcsseldorf bei Prof. Bruno Goller und Prof. Otto Pankok seit 1952 Arbeit als [&hellip;]<\/p>\n","protected":false},"author":1,"featured_media":0,"parent":38067,"menu_order":0,"comment_status":"closed","ping_status":"closed","template":"kuenstler-text.php","meta":{"_acf_changed":false,"footnotes":""},"class_list":["post-38069","page","type-page","status-publish","hentry"],"acf":[],"_links":{"self":[{"href":"https:\/\/poll-berlin.de\/galerie\/wp-json\/wp\/v2\/pages\/38069","targetHints":{"allow":["GET"]}}],"collection":[{"href":"https:\/\/poll-berlin.de\/galerie\/wp-json\/wp\/v2\/pages"}],"about":[{"href":"https:\/\/poll-berlin.de\/galerie\/wp-json\/wp\/v2\/types\/page"}],"author":[{"embeddable":true,"href":"https:\/\/poll-berlin.de\/galerie\/wp-json\/wp\/v2\/users\/1"}],"replies":[{"embeddable":true,"href":"https:\/\/poll-berlin.de\/galerie\/wp-json\/wp\/v2\/comments?post=38069"}],"version-history":[{"count":5,"href":"https:\/\/poll-berlin.de\/galerie\/wp-json\/wp\/v2\/pages\/38069\/revisions"}],"predecessor-version":[{"id":42165,"href":"https:\/\/poll-berlin.de\/galerie\/wp-json\/wp\/v2\/pages\/38069\/revisions\/42165"}],"up":[{"embeddable":true,"href":"https:\/\/poll-berlin.de\/galerie\/wp-json\/wp\/v2\/pages\/38067"}],"wp:attachment":[{"href":"https:\/\/poll-berlin.de\/galerie\/wp-json\/wp\/v2\/media?parent=38069"}],"curies":[{"name":"wp","href":"https:\/\/api.w.org\/{rel}","templated":true}]}}