{"id":37958,"date":"2024-08-13T13:25:25","date_gmt":"2024-08-13T11:25:25","guid":{"rendered":"https:\/\/poll-berlin.de\/galerie\/?page_id=37958"},"modified":"2025-03-11T13:29:42","modified_gmt":"2025-03-11T12:29:42","slug":"biografie","status":"publish","type":"page","link":"https:\/\/poll-berlin.de\/galerie\/weitere-kuenstler\/helma\/biografie\/","title":{"rendered":"Biografie"},"content":{"rendered":"\n<p><strong>Biografie<\/strong><\/p>\n\n\n\n<div style=\"height:10px\" aria-hidden=\"true\" class=\"wp-block-spacer\"><\/div>\n\n\n\n<figure class=\"wp-block-table\"><table><tbody><tr><td>1940<\/td><td>geboren als Helma Hartmann in Berlin, aufgewachsen in Wurzbach<\/td><\/tr><tr><td>1948<\/td><td>endg\u00fcltige R\u00fcckkehr der Familie nach Berlin<\/td><\/tr><tr><td>1959-1961<\/td><td>Ausbildung an der Berufsfachschule f\u00fcr Technische Zeichnerinnen, Berlin<\/td><\/tr><tr><td>1964<\/td><td>Heirat mit Wolfgang Petrick<\/td><\/tr><tr><td>1965<\/td><td>Geburt der Tochter Nina<\/td><\/tr><tr><td>1974<\/td><td>Erste Gem\u00e4lde in \u00d6ltechnik, Umbenennung in HELMA<\/td><\/tr><tr><td>2025<\/td><td>gestorben in Berlin<\/td><\/tr><\/tbody><\/table><\/figure>\n\n\n\n<p><\/p>\n","protected":false},"excerpt":{"rendered":"<p>Biografie 1940 geboren als Helma Hartmann in Berlin, aufgewachsen in Wurzbach 1948 endg\u00fcltige R\u00fcckkehr der Familie nach Berlin 1959-1961 Ausbildung an der Berufsfachschule f\u00fcr Technische Zeichnerinnen, Berlin 1964 Heirat mit Wolfgang Petrick 1965 Geburt der Tochter Nina 1974 Erste Gem\u00e4lde in \u00d6ltechnik, Umbenennung in HELMA 2025 gestorben in Berlin<\/p>\n","protected":false},"author":1,"featured_media":0,"parent":37956,"menu_order":0,"comment_status":"closed","ping_status":"closed","template":"kuenstler-text.php","meta":{"_acf_changed":false,"footnotes":""},"class_list":["post-37958","page","type-page","status-publish","hentry"],"acf":[],"_links":{"self":[{"href":"https:\/\/poll-berlin.de\/galerie\/wp-json\/wp\/v2\/pages\/37958","targetHints":{"allow":["GET"]}}],"collection":[{"href":"https:\/\/poll-berlin.de\/galerie\/wp-json\/wp\/v2\/pages"}],"about":[{"href":"https:\/\/poll-berlin.de\/galerie\/wp-json\/wp\/v2\/types\/page"}],"author":[{"embeddable":true,"href":"https:\/\/poll-berlin.de\/galerie\/wp-json\/wp\/v2\/users\/1"}],"replies":[{"embeddable":true,"href":"https:\/\/poll-berlin.de\/galerie\/wp-json\/wp\/v2\/comments?post=37958"}],"version-history":[{"count":7,"href":"https:\/\/poll-berlin.de\/galerie\/wp-json\/wp\/v2\/pages\/37958\/revisions"}],"predecessor-version":[{"id":41326,"href":"https:\/\/poll-berlin.de\/galerie\/wp-json\/wp\/v2\/pages\/37958\/revisions\/41326"}],"up":[{"embeddable":true,"href":"https:\/\/poll-berlin.de\/galerie\/wp-json\/wp\/v2\/pages\/37956"}],"wp:attachment":[{"href":"https:\/\/poll-berlin.de\/galerie\/wp-json\/wp\/v2\/media?parent=37958"}],"curies":[{"name":"wp","href":"https:\/\/api.w.org\/{rel}","templated":true}]}}