{"id":3767,"date":"2021-08-23T00:56:13","date_gmt":"2021-08-22T22:56:13","guid":{"rendered":"https:\/\/poll-berlin.de\/galerie\/ausstellungen\/archiv\/volker-stelzmann6-maerz-13-juni-2020\/information\/"},"modified":"2021-08-23T14:30:34","modified_gmt":"2021-08-23T12:30:34","slug":"information","status":"publish","type":"page","link":"https:\/\/poll-berlin.de\/galerie\/ausstellungen\/archiv\/volker-stelzmann6-maerz-13-juni-2020\/information\/","title":{"rendered":"Information"},"content":{"rendered":"\n<p>Volker Stelzmann, 1940 in Dresden geboren, wird seit \u00fcber 30 Jahren von der Galerie Poll vertreten. Die Einzelausstellung <em>Was tun?<\/em>, benannt nach dem gleichnamigen Gem\u00e4lde aus dem Jahr 2019, zeigt Malerei aus den vergangenen drei Jahren sowie Radierungen aus den Jahren 1972 bis 2004. Sie bildet den Auftakt von Hommagen f\u00fcr den Maler, Zeichner und Grafiker aus Anlass seines 80. Geburtstages im November. Eine gemeinsame Ausstellung des Angermuseums Erfurt in Kooperation mit der Kunsthalle Schweinfurt wird ab Ende August zu sehen sein.<\/p>\n\n\n\n<p>\u201eMich interessieren \u2013 um es ganz umfassend zu sagen \u2013 die Menschen unserer Zeit, ihr Verh\u00e4ltnis zu sich selbst, zueinander und zur Welt.\u201c (Volker Stelzmann, 1973) Bis heute ist der Mensch zentraler Gegenstand seiner Bilder, die in zart changierender Farbigkeit und subtilen Figurenkonstellationen wechselnde Befindlichkeiten und Lebenssituationen der Gesellschaft vor Augen f\u00fchren.<\/p>\n\n\n\n<p>Malweise und Komposition von V.S., so sein Monogramm, sind beeinflusst vom Studium der italienischen Manieristen (Pontormo), der Altdeutschen (Baldung Grien, Gr\u00fcnewald) oder Otto Dix, am Ende aber liegt jedem Bild Stelzmanns genaue, zeitdiagnostische Beobachtung seiner Umwelt zugrunde. &nbsp;Kleidung, Accessoires und Frisuren seiner Figuren meinen wir nur gar zu gut zu kennen, aber mit diesen vertrauten Details gelingt es Stelzmann, einen ganz eigenen Kosmos zu entwickeln: \u201eDie matte Sinnlichkeit der malerischen Sprache, die \u00fcberl\u00e4ngten, verrenkten, manchmal auch (\u2026) im Bild umher fliegenden Personen, die k\u00fchle und zugleich magische Stimmung, die expressiven und zugleich erstarrten Gesichter \u2013 all dies sorgt f\u00fcr eine Bildwelt, in der eigene Regeln gelten.\u201c (Sebastian Preuss)<\/p>\n\n\n\n<p>Stelzmann w\u00e4hlt f\u00fcr seine hintergr\u00fcndigen Parabeln und Sinnbilder immer wieder auch biblische Motive. Die achtteilige Reihe <em>Die Boten<\/em> aus dem Jahr 2018 l\u00e4sst auf kleinformatigen Tafeln die zw\u00f6lf Apostel in zeitgen\u00f6ssischem Outfit auftreten, seine Radierungen, eine Technik, die Stelzmann bis ins Detail mit all ihren Feinheiten beherrscht, haben mit Auferstehung oder Heimsuchung religi\u00f6se Themen zum Bildgegenstand.<\/p>\n\n\n\n<p>Zwei Selbstportr\u00e4ts, <em>Selbst vor Blau<\/em> und <em>Selbst mit Masken<\/em>, aus den Jahren 2019 und 2018,&nbsp;runden&nbsp;den \u00dcberblick&nbsp;in&nbsp;der Galerie Poll ab. Diese malerische Gattung pflegt Stelzmann von Beginn seiner Laufbahn an. Bunte venezianische Masken h\u00e4lt sich der mehrfach auf dem extrem schmalen Querformat erscheinende K\u00fcnstler vor das Gesicht, in ihren unterschiedlichen Typisierungen verweisen sie auf die von Stelzmann gerne behandelten Themen Karneval, Akrobatik und Zirkus.<\/p>\n\n\n\n<p><strong>Volker Stelzmann<\/strong> studierte von 1963 bis 1968 an der Hochschule f\u00fcr Grafik und Buchkunst Leipzig, wo&nbsp;er&nbsp;von 1975 bis 1986 lehrte, seit 1982 als Professor. 1986 nutzte Volker Stelzmann eine gro\u00dfe Ausstellung seiner Arbeiten in der Staatlichen Kunsthalle in West-Berlin, um die DDR zu verlassen. Nach einer Gastprofessur an der St\u00e4delschule Frankfurt am Main 1987\/1988 berief ihn die West-Berliner Hochschule der K\u00fcnste (HdK, heute: UdK) 1988. Dort lehrte er bis zu seiner Emeritierung im Jahr 2006. 1988 zeigte die Galerie Poll ihre erste Einzelausstellung von Volker Stelzmann. Werke des K\u00fcnstlers befinden sich in zahlreichen \u00f6ffentlichen und privaten Sammlungen. Volker Stelzmann lebt und arbeitet in Berlin.<\/p>\n","protected":false},"excerpt":{"rendered":"<p>Volker Stelzmann, 1940 in Dresden geboren, wird seit \u00fcber 30 Jahren von der Galerie Poll vertreten. Die Einzelausstellung Was tun?, benannt nach dem gleichnamigen Gem\u00e4lde aus dem Jahr 2019, zeigt Malerei aus den vergangenen drei Jahren sowie Radierungen aus den Jahren 1972 bis 2004. Sie bildet den Auftakt von Hommagen f\u00fcr den Maler, Zeichner und [&hellip;]<\/p>\n","protected":false},"author":1,"featured_media":0,"parent":3765,"menu_order":0,"comment_status":"closed","ping_status":"closed","template":"ausstellen-text.php","meta":{"_acf_changed":false,"footnotes":""},"class_list":["post-3767","page","type-page","status-publish","hentry"],"acf":[],"_links":{"self":[{"href":"https:\/\/poll-berlin.de\/galerie\/wp-json\/wp\/v2\/pages\/3767","targetHints":{"allow":["GET"]}}],"collection":[{"href":"https:\/\/poll-berlin.de\/galerie\/wp-json\/wp\/v2\/pages"}],"about":[{"href":"https:\/\/poll-berlin.de\/galerie\/wp-json\/wp\/v2\/types\/page"}],"author":[{"embeddable":true,"href":"https:\/\/poll-berlin.de\/galerie\/wp-json\/wp\/v2\/users\/1"}],"replies":[{"embeddable":true,"href":"https:\/\/poll-berlin.de\/galerie\/wp-json\/wp\/v2\/comments?post=3767"}],"version-history":[{"count":2,"href":"https:\/\/poll-berlin.de\/galerie\/wp-json\/wp\/v2\/pages\/3767\/revisions"}],"predecessor-version":[{"id":3787,"href":"https:\/\/poll-berlin.de\/galerie\/wp-json\/wp\/v2\/pages\/3767\/revisions\/3787"}],"up":[{"embeddable":true,"href":"https:\/\/poll-berlin.de\/galerie\/wp-json\/wp\/v2\/pages\/3765"}],"wp:attachment":[{"href":"https:\/\/poll-berlin.de\/galerie\/wp-json\/wp\/v2\/media?parent=3767"}],"curies":[{"name":"wp","href":"https:\/\/api.w.org\/{rel}","templated":true}]}}