{"id":3752,"date":"2021-08-23T00:40:33","date_gmt":"2021-08-22T22:40:33","guid":{"rendered":"https:\/\/poll-berlin.de\/galerie\/ausstellungen\/archiv\/daniel-poller23-juni-1-august-2020\/information\/"},"modified":"2023-06-19T00:31:10","modified_gmt":"2023-06-18T22:31:10","slug":"information","status":"publish","type":"page","link":"https:\/\/poll-berlin.de\/galerie\/ausstellungen\/archiv\/daniel-poller23-juni-1-august-2020\/information\/","title":{"rendered":"Information"},"content":{"rendered":"\n<p>Die Galerie Poll freut sich, die aktuelle Arbeit <em>Endg\u00fcltige Fassung der Beschlussvorlage<\/em> von Daniel Poller in einer Einzelausstellung erstmals vorzustellen. Die 39 Fotografien entstanden w\u00e4hrend des Abrisses des Instituts f\u00fcr Lehrerbildung (FH Potsdam) im Jahr 2018 auf dem Alten Markt in Potsdam. Zur Ausstellung erscheint eine Publikation bei <em>Edizione Multicolore<\/em>, die auch als Vorzugsausgabe mit einem nummerierten Abzug erh\u00e4ltlich ist.<\/p>\n\n\n\n<p>Daniel Poller nutzte 2018 ein Arbeitsstipendium der Stiftung Kunstfonds Bonn, um sich in Potsdam mit der geplanten Wiederherstellung des historischen Stadtkerns zu besch\u00e4ftigen: Alter Markt mit Nikolaikirche, Altes Rathaus, Nachbauten von Stadtschloss und Palais Barberini, Garnisonkirche, Rechenzentrum, Abriss von DDR-Architektur wie der Fachhoch- schule aus den siebziger Jahren.<\/p>\n\n\n\n<p>Die Fotografien zeigen die Zerst\u00f6rung dieses herausragenden Beispiels der DDR-Moderne durch Bagger und Abrissbirne. Kenner der Architekturgeschichte sehen in dem Geb\u00e4ude Ankl\u00e4nge, sogar eine Kopie der von Mies van der Rohe 1962 in Des Moines (Iowa) erbauten Verwaltung einer US-Bausparkasse. Nackter Beton, abgeschlagene Kacheln, Ger\u00f6ll, gegeneinander verbogene rostige Armier-Eisen oder Rohre f\u00fchren den von den Potsdamer Stadtverordneten entgegen zahlreicher Proteste beschlossenen Abriss in seiner Brachialit\u00e4t vor Augen. Diesen Details stehen Aufnahmen des Gesamtensembles des Platzes gegen\u00fcber, die die beinahe kulissenhaften Schichten verschiedener Architekturepochen zeigen.<\/p>\n\n\n\n<p>\u201eWie &nbsp;schon &nbsp;in &nbsp;Berlin, &nbsp;wo &nbsp;s\u00e4mtliche &nbsp;Repr\u00e4sentationsfassaden&nbsp; der &nbsp;Ostmoderne &nbsp;mit &nbsp;dem immer gleichen Sandsteinm\u00e4ntelchen verh\u00e4ngt wurden, sollen auch hier alle Spuren der Moderne verschwinden \u2013 besonders, wenn sie vom besiegten System hinterlassen wurden. Was man am Alten Markt versucht, ist die komplette Ausl\u00f6schung all dessen, was zu Zeiten der DDR gebaut wurde\u201c, schrieben Niklas Maak und Claudius Seidl 2017 in der <em>Frankfurter Allgemeinen Sonntagszeitung.<\/em><\/p>\n\n\n\n<p>Die Umdeutung von Architektur im Stadtraum und eine daraus resultierende \u00dcberschreibung von Geschichte ist ein zentrales Thema in Daniel Pollers Arbeit. Verdichtung, Inversion und&nbsp;Wiederkehr sind zumeist Methoden seiner&nbsp; kritischen Untersuchungen. Bei der Ann\u00e4herung an seine Sujets ist Poller auch immer wieder der Langeweile ausgesetzt. So auch, als er w\u00e4hrend einem seiner zahlreichen Aufenthalte in der N\u00e4he des Tr\u00fcmmerfeldes der FH Potsdam das Ende der Mittagspause der Bauarbeiter abwarten musste, um den fortschreitenden Abriss festhalten zu k\u00f6nnen. W\u00e4hrenddessen entdeckte er einen kleinen Vogel, der immer wieder dieselben Teile der Ruine durchflog. Anscheinend auf der Suche nach seinem Nest, flatterte der Hausrotschwanz orientierungslos mal hierhin und mal dorthin, bis die Bagger ihre Arbeit fortsetzten.<\/p>\n\n\n\n<p>Der Titel der Serie bezieht sich auf eine Beschlussvorlage f\u00fcr die 8. Tagung der Stadtverordnetenversammlung Potsdam vom 24.10.1990. Durch diese wurde der Magistrat beauftragt, \u201edem weiteren Verfall der verbliebenen echten historischen Bausubstanz Potsdams Einhalt zu gebieten und eine langfristige, die Jahrtausendwende \u00fcberschreitende Konzeption f\u00fcr eine von Verantwortung getragene behutsame Wiederann\u00e4herung an das charakteristische, historisch gewachsene Stadtbild zu entwickeln.\u201c<\/p>\n\n\n\n<p><strong>Daniel Poller, <\/strong>geboren 1984 in Rodewisch, schloss sein Studium an der Hochschule f\u00fcr Grafik und Buchkunst Leipzig 2017 als Meistersch\u00fcler von Prof. Peggy Buth und Prof. Joachim Brohm ab. Der K\u00fcnstler erhielt zahlreiche Stipendien, darunter 2018 das Arbeitsstipendium der Stiftung Kunstfonds. 2015 wurde er mit dem Aenne-Biermann-Preis f\u00fcr deutsche Gegenwartsfotografie Gera und 2017 mit dem Europ\u00e4ischen Architekturfotografie-Preis Frankfurt am Main ausgezeichnet. Seine Werke befinden sich u. a. in den Staatlichen Kunstsammlungen Dresden, im Deutschen Architekturmuseum Frankfurt am Main und im n.b.k. Videoforum. Die Zeitschrift <em>ARCH+<\/em>druckte in ihrem viel diskutierten Heft #235 <em>Rechte R\u00e4ume <\/em>2019 einen Auszug seines Werkes <em>Frankfurter Kopien <\/em>zur Neuen Frankfurter Altstadt ab und beauftragte den K\u00fcnstler, f\u00fcr eine Ausstellung im Neuen Berliner Kunstverein eine umfangreiche Arbeit zur Berliner Architektur seit 1990 zu entwickeln. Daniel Poller lebt und arbeitet in Leipzig und Berlin.<\/p>\n","protected":false},"excerpt":{"rendered":"<p>Die Galerie Poll freut sich, die aktuelle Arbeit Endg\u00fcltige Fassung der Beschlussvorlage von Daniel Poller in einer Einzelausstellung erstmals vorzustellen. Die 39 Fotografien entstanden w\u00e4hrend des Abrisses des Instituts f\u00fcr Lehrerbildung (FH Potsdam) im Jahr 2018 auf dem Alten Markt in Potsdam. Zur Ausstellung erscheint eine Publikation bei Edizione Multicolore, die auch als Vorzugsausgabe mit [&hellip;]<\/p>\n","protected":false},"author":1,"featured_media":0,"parent":3750,"menu_order":0,"comment_status":"closed","ping_status":"closed","template":"ausstellen-text.php","meta":{"_acf_changed":false,"footnotes":""},"class_list":["post-3752","page","type-page","status-publish","hentry"],"acf":[],"_links":{"self":[{"href":"https:\/\/poll-berlin.de\/galerie\/wp-json\/wp\/v2\/pages\/3752","targetHints":{"allow":["GET"]}}],"collection":[{"href":"https:\/\/poll-berlin.de\/galerie\/wp-json\/wp\/v2\/pages"}],"about":[{"href":"https:\/\/poll-berlin.de\/galerie\/wp-json\/wp\/v2\/types\/page"}],"author":[{"embeddable":true,"href":"https:\/\/poll-berlin.de\/galerie\/wp-json\/wp\/v2\/users\/1"}],"replies":[{"embeddable":true,"href":"https:\/\/poll-berlin.de\/galerie\/wp-json\/wp\/v2\/comments?post=3752"}],"version-history":[{"count":2,"href":"https:\/\/poll-berlin.de\/galerie\/wp-json\/wp\/v2\/pages\/3752\/revisions"}],"predecessor-version":[{"id":32087,"href":"https:\/\/poll-berlin.de\/galerie\/wp-json\/wp\/v2\/pages\/3752\/revisions\/32087"}],"up":[{"embeddable":true,"href":"https:\/\/poll-berlin.de\/galerie\/wp-json\/wp\/v2\/pages\/3750"}],"wp:attachment":[{"href":"https:\/\/poll-berlin.de\/galerie\/wp-json\/wp\/v2\/media?parent=3752"}],"curies":[{"name":"wp","href":"https:\/\/api.w.org\/{rel}","templated":true}]}}