{"id":36320,"date":"2024-03-06T15:38:54","date_gmt":"2024-03-06T14:38:54","guid":{"rendered":"https:\/\/poll-berlin.de\/galerie\/?page_id=36320"},"modified":"2024-03-06T15:40:49","modified_gmt":"2024-03-06T14:40:49","slug":"katalog-5-boehm","status":"publish","type":"page","link":"https:\/\/poll-berlin.de\/galerie\/kuenstler-der-galerie\/peer-boehm\/kataloge\/katalog-5-boehm\/","title":{"rendered":"Katalog 5 &#8211; Boehm"},"content":{"rendered":"\n<p><strong>Peer Boehm. 2006-2023<\/strong><br>Galerie Anja Knoess (Hrsg.), Text von Anja Kn\u00f6\u00df, Katalog anl\u00e4sslich der Ausstellung &#8222;Ich finde es trotzdem schade&#8220; im Museum Modern Art &#8211; Sammlung J\u00fcrgen Blum, H\u00fcnfeld (14.01.-21.04.2024), K\u00f6ln 2024, 22,2 x 21,3 cm, 82 Seiten, 70 Farb- und 2 S\/W-Abbildungen, Hardcover, ISBN 978-3-00-077792-9<br>15 Euro<\/p>\n\n\n<a id=\"mailinger\" href=\"mailto:galerie@poll-berlin.de?subject=Bestellung Katalog 5 &#8211; Boehm&amp;body=Hiermit bestelle ich verbindlich den Katalog \u201ePeer Boehm. 2006-2023\u201c zu einem Preis von 15 Euro (zzgl. Versand). Bitte teilen Sie mir die entsprechende Bankverbindung mit.%0D%0AMeine Adresse lautet:%0D%0A%0D%0AInstitution:%0D%0AVorname, Name:%0D%0AStra\u00dfe, Haus-Nr.:%0D%0APLZ, Stadt:%0D%0ALand:\" title=\"Bestellung\">Bestellung<\/a>\n","protected":false},"excerpt":{"rendered":"<p>Peer Boehm. 2006-2023Galerie Anja Knoess (Hrsg.), Text von Anja Kn\u00f6\u00df, Katalog anl\u00e4sslich der Ausstellung &#8222;Ich finde es trotzdem schade&#8220; im Museum Modern Art &#8211; Sammlung J\u00fcrgen Blum, H\u00fcnfeld (14.01.-21.04.2024), K\u00f6ln 2024, 22,2 x 21,3 cm, 82 Seiten, 70 Farb- und 2 S\/W-Abbildungen, Hardcover, ISBN 978-3-00-077792-915 Euro<\/p>\n","protected":false},"author":2,"featured_media":36322,"parent":29,"menu_order":4,"comment_status":"closed","ping_status":"closed","template":"kuenstler-katalog.php","meta":{"_acf_changed":false,"footnotes":""},"class_list":["post-36320","page","type-page","status-publish","has-post-thumbnail","hentry"],"acf":{"photo_gallery":{"bilder":[[]]}},"_links":{"self":[{"href":"https:\/\/poll-berlin.de\/galerie\/wp-json\/wp\/v2\/pages\/36320","targetHints":{"allow":["GET"]}}],"collection":[{"href":"https:\/\/poll-berlin.de\/galerie\/wp-json\/wp\/v2\/pages"}],"about":[{"href":"https:\/\/poll-berlin.de\/galerie\/wp-json\/wp\/v2\/types\/page"}],"author":[{"embeddable":true,"href":"https:\/\/poll-berlin.de\/galerie\/wp-json\/wp\/v2\/users\/2"}],"replies":[{"embeddable":true,"href":"https:\/\/poll-berlin.de\/galerie\/wp-json\/wp\/v2\/comments?post=36320"}],"version-history":[{"count":4,"href":"https:\/\/poll-berlin.de\/galerie\/wp-json\/wp\/v2\/pages\/36320\/revisions"}],"predecessor-version":[{"id":36325,"href":"https:\/\/poll-berlin.de\/galerie\/wp-json\/wp\/v2\/pages\/36320\/revisions\/36325"}],"up":[{"embeddable":true,"href":"https:\/\/poll-berlin.de\/galerie\/wp-json\/wp\/v2\/pages\/29"}],"wp:featuredmedia":[{"embeddable":true,"href":"https:\/\/poll-berlin.de\/galerie\/wp-json\/wp\/v2\/media\/36322"}],"wp:attachment":[{"href":"https:\/\/poll-berlin.de\/galerie\/wp-json\/wp\/v2\/media?parent=36320"}],"curies":[{"name":"wp","href":"https:\/\/api.w.org\/{rel}","templated":true}]}}