{"id":3631,"date":"2021-08-17T17:43:28","date_gmt":"2021-08-17T15:43:28","guid":{"rendered":"https:\/\/poll-berlin.de\/galerie\/?page_id=3631"},"modified":"2023-08-01T15:33:42","modified_gmt":"2023-08-01T13:33:42","slug":"katalog-2-schuel","status":"publish","type":"page","link":"https:\/\/poll-berlin.de\/galerie\/kuenstler-der-galerie\/jan-schueler\/kataloge\/katalog-2-schuel\/","title":{"rendered":"Katalog 2 &#8211; Sch\u00fcler"},"content":{"rendered":"\n<p><strong>Jan Sch\u00fcler \u2013 Wir sind Erinnerung. Wir sind elektrisch<\/strong><br>Text von Thomas Wolfe, Katalog anl\u00e4sslich der gleichnamigen Ausstellung in der Galerie Tedden, D\u00fcsseldorf (19.4.-29.5.2013), Verlag Peter Tedden, D\u00fcsseldorf 2013, 28,5 x 22 cm, 24 Seiten, zahlreiche Farbabbildungen, ISBN 978-3-940985-32-3<br>10 Euro<\/p>\n\n\n<a id=\"mailinger\" href=\"mailto:galerie@poll-berlin.de?subject=Bestellung Katalog 2 &#8211; Sch\u00fcler&amp;body=Hiermit bestelle ich verbindlich den Katalog \u201eJan Sch\u00fcler \u2013 Wir sind Erinnerung. Wir sind elektrisch\u201c zu einem Preis von 10 Euro (zzgl. Versand). Bitte teilen Sie mir die entsprechende Bankverbindung mit.%0D%0AMeine Adresse lautet:%0D%0A%0D%0AInstitution:%0D%0AVorname, Name:%0D%0AStra\u00dfe, Haus-Nr.:%0D%0APLZ, Stadt:%0D%0ALand:\" title=\"Bestellung\">Bestellung<\/a>\n","protected":false},"excerpt":{"rendered":"<p>Jan Sch\u00fcler \u2013 Wir sind Erinnerung. Wir sind elektrischText von Thomas Wolfe, Katalog anl\u00e4sslich der gleichnamigen Ausstellung in der Galerie Tedden, D\u00fcsseldorf (19.4.-29.5.2013), Verlag Peter Tedden, D\u00fcsseldorf 2013, 28,5 x 22 cm, 24 Seiten, zahlreiche Farbabbildungen, ISBN 978-3-940985-32-310 Euro<\/p>\n","protected":false},"author":2,"featured_media":3632,"parent":1193,"menu_order":1,"comment_status":"closed","ping_status":"closed","template":"kuenstler-katalog.php","meta":{"_acf_changed":false,"footnotes":""},"class_list":["post-3631","page","type-page","status-publish","has-post-thumbnail","hentry"],"acf":{"photo_gallery":{"bilder":[[]]}},"_links":{"self":[{"href":"https:\/\/poll-berlin.de\/galerie\/wp-json\/wp\/v2\/pages\/3631","targetHints":{"allow":["GET"]}}],"collection":[{"href":"https:\/\/poll-berlin.de\/galerie\/wp-json\/wp\/v2\/pages"}],"about":[{"href":"https:\/\/poll-berlin.de\/galerie\/wp-json\/wp\/v2\/types\/page"}],"author":[{"embeddable":true,"href":"https:\/\/poll-berlin.de\/galerie\/wp-json\/wp\/v2\/users\/2"}],"replies":[{"embeddable":true,"href":"https:\/\/poll-berlin.de\/galerie\/wp-json\/wp\/v2\/comments?post=3631"}],"version-history":[{"count":8,"href":"https:\/\/poll-berlin.de\/galerie\/wp-json\/wp\/v2\/pages\/3631\/revisions"}],"predecessor-version":[{"id":33381,"href":"https:\/\/poll-berlin.de\/galerie\/wp-json\/wp\/v2\/pages\/3631\/revisions\/33381"}],"up":[{"embeddable":true,"href":"https:\/\/poll-berlin.de\/galerie\/wp-json\/wp\/v2\/pages\/1193"}],"wp:featuredmedia":[{"embeddable":true,"href":"https:\/\/poll-berlin.de\/galerie\/wp-json\/wp\/v2\/media\/3632"}],"wp:attachment":[{"href":"https:\/\/poll-berlin.de\/galerie\/wp-json\/wp\/v2\/media?parent=3631"}],"curies":[{"name":"wp","href":"https:\/\/api.w.org\/{rel}","templated":true}]}}