{"id":36031,"date":"2025-07-15T18:28:27","date_gmt":"2025-07-15T16:28:27","guid":{"rendered":"https:\/\/poll-berlin.de\/galerie\/?page_id=36031"},"modified":"2025-07-15T18:50:02","modified_gmt":"2025-07-15T16:50:02","slug":"werke-in-sammlungen","status":"publish","type":"page","link":"https:\/\/poll-berlin.de\/galerie\/weitere-kuenstler\/emerita-pansowova\/werke-in-sammlungen\/","title":{"rendered":"Werke in Sammlungen"},"content":{"rendered":"\n<p><strong>Werke in Sammlungen<\/strong><\/p>\n\n\n\n<p>Artothek des Neuen Berliner Kunstvereins (NBK)<br>Berlinische Galerie &#8211; Museum f\u00fcr Moderne Kunst<br>M\u00e4rkisches Museum, Berlin<br>Neue Nationalgalerie der Staatlichen Museen zu Berlin<br>Sammlung Linde und Michael de Maizi\u00e8re, Berlin<br>Staatliche Galerie Moritzburg, Halle-Saale<br>Kloster Unser Lieben Frauen, Magdeburg<\/p>\n","protected":false},"excerpt":{"rendered":"<p>Werke in Sammlungen Artothek des Neuen Berliner Kunstvereins (NBK)Berlinische Galerie &#8211; Museum f\u00fcr Moderne KunstM\u00e4rkisches Museum, BerlinNeue Nationalgalerie der Staatlichen Museen zu BerlinSammlung Linde und Michael de Maizi\u00e8re, BerlinStaatliche Galerie Moritzburg, Halle-SaaleKloster Unser Lieben Frauen, Magdeburg<\/p>\n","protected":false},"author":1,"featured_media":0,"parent":36027,"menu_order":2,"comment_status":"closed","ping_status":"closed","template":"kuenstler-text.php","meta":{"_acf_changed":false,"footnotes":""},"class_list":["post-36031","page","type-page","status-publish","hentry"],"acf":[],"_links":{"self":[{"href":"https:\/\/poll-berlin.de\/galerie\/wp-json\/wp\/v2\/pages\/36031","targetHints":{"allow":["GET"]}}],"collection":[{"href":"https:\/\/poll-berlin.de\/galerie\/wp-json\/wp\/v2\/pages"}],"about":[{"href":"https:\/\/poll-berlin.de\/galerie\/wp-json\/wp\/v2\/types\/page"}],"author":[{"embeddable":true,"href":"https:\/\/poll-berlin.de\/galerie\/wp-json\/wp\/v2\/users\/1"}],"replies":[{"embeddable":true,"href":"https:\/\/poll-berlin.de\/galerie\/wp-json\/wp\/v2\/comments?post=36031"}],"version-history":[{"count":4,"href":"https:\/\/poll-berlin.de\/galerie\/wp-json\/wp\/v2\/pages\/36031\/revisions"}],"predecessor-version":[{"id":43523,"href":"https:\/\/poll-berlin.de\/galerie\/wp-json\/wp\/v2\/pages\/36031\/revisions\/43523"}],"up":[{"embeddable":true,"href":"https:\/\/poll-berlin.de\/galerie\/wp-json\/wp\/v2\/pages\/36027"}],"wp:attachment":[{"href":"https:\/\/poll-berlin.de\/galerie\/wp-json\/wp\/v2\/media?parent=36031"}],"curies":[{"name":"wp","href":"https:\/\/api.w.org\/{rel}","templated":true}]}}