{"id":36029,"date":"2024-01-24T17:14:09","date_gmt":"2024-01-24T16:14:09","guid":{"rendered":"https:\/\/poll-berlin.de\/galerie\/?page_id=36029"},"modified":"2024-11-12T14:22:46","modified_gmt":"2024-11-12T13:22:46","slug":"biografie","status":"publish","type":"page","link":"https:\/\/poll-berlin.de\/galerie\/weitere-kuenstler\/emerita-pansowova\/biografie\/","title":{"rendered":"Biografie"},"content":{"rendered":"\n<p><strong>Biografie<\/strong><\/p>\n\n\n\n<div style=\"height:10px\" aria-hidden=\"true\" class=\"wp-block-spacer\"><\/div>\n\n\n\n<figure class=\"wp-block-table\"><table><tbody><tr><td>1946<\/td><td>geboren in Vrak\u00fa\u0148 (Tschechoslowakei)<\/td><\/tr><tr><td>1962-1966<\/td><td>Studium der Holzbildhauerei an der Fachschule f\u00fcr angewandte Kunst in Bratislava bei Ludwik Korko\u0161 und Anton Drexler<\/td><\/tr><tr><td>1966<\/td><td>Umzug nach Ost-Berlin<\/td><\/tr><tr><td>1967<\/td><td>Geburt des Sohnes Till<\/td><\/tr><tr><td>1967-1972<\/td><td>Studium an der Kunsthochschule Berlin-Weissensee bei Prof. Karl-Heinz Schamal und Arnd Wittich<\/td><\/tr><tr><td>1974-1977<\/td><td>Meistersch\u00fclerin an der Akademie der K\u00fcnste der DDR bei Ludwig Engelhardt<\/td><\/tr><tr><td>1977<\/td><td>Studienaufenthalt in Aserbaidschan, Arbeit als freischaffende Bildhauerin in Ost-Berlin<\/td><\/tr><tr><td>1989<\/td><td>Studienreise nach Spanien mit Nuria Quevedo und Antje Fretwurst-Colberg<\/td><\/tr><tr><td>1992<\/td><td>Gr\u00fcndung der \u201eBerliner Fraueninitiative Xanthippe e.V.\u201d in Berlin<\/td><\/tr><tr><td>2012<\/td><td>Aufstellung der lebensgro\u00dfen Skulptur \u201eDie gro\u00dfe Palucca\u201c auf dem Garnisonkirchplatz in Berlin-Mitte<\/td><\/tr><\/tbody><\/table><\/figure>\n\n\n\n<p>Emerita Pansowov\u00e1 lebt und arbeitet in Prenden (Brandenburg).<\/p>\n\n\n\n<div style=\"height:10px\" aria-hidden=\"true\" class=\"wp-block-spacer\"><\/div>\n\n\n\n<p><strong>Preise und Stipendien<\/strong><\/p>\n\n\n\n<div style=\"height:10px\" aria-hidden=\"true\" class=\"wp-block-spacer\"><\/div>\n\n\n\n<figure class=\"wp-block-table\"><table><tbody><tr><td>2009<\/td><td>Kunstpreis f\u00fcr Plastik der M\u00e4rkischen Oderzeitung<\/td><\/tr><tr><td>1992<\/td><td>Arbeitsstipendium der Stiftung Kulturfonds, Berlin<\/td><\/tr><tr><td>1991<\/td><td>F\u00f6rderstipendium der Senatsverwaltung f\u00fcr Kultur, Berlin<\/td><\/tr><tr><td>1989<\/td><td>Kunstpreis des Freien Deutschen Gewerkschaftsbundes (FDGB)<br>1. Preis f\u00fcr Foyergestaltung der Kleist-Gedenkst\u00e4tte Frankfurt (Oder)<\/td><\/tr><tr><td>1985<\/td><td>Will-Lammert-Preis der Akademie der K\u00fcnste der DDR, Berlin<\/td><\/tr><tr><td>1975<\/td><td>Gustav-Weidanz-Preis f\u00fcr Plastik, Halle-Saale<\/td><\/tr><\/tbody><\/table><\/figure>\n","protected":false},"excerpt":{"rendered":"<p>Biografie 1946 geboren in Vrak\u00fa\u0148 (Tschechoslowakei) 1962-1966 Studium der Holzbildhauerei an der Fachschule f\u00fcr angewandte Kunst in Bratislava bei Ludwik Korko\u0161 und Anton Drexler 1966 Umzug nach Ost-Berlin 1967 Geburt des Sohnes Till 1967-1972 Studium an der Kunsthochschule Berlin-Weissensee bei Prof. Karl-Heinz Schamal und Arnd Wittich 1974-1977 Meistersch\u00fclerin an der Akademie der K\u00fcnste der DDR [&hellip;]<\/p>\n","protected":false},"author":1,"featured_media":0,"parent":36027,"menu_order":0,"comment_status":"closed","ping_status":"closed","template":"kuenstler-text.php","meta":{"_acf_changed":false,"footnotes":""},"class_list":["post-36029","page","type-page","status-publish","hentry"],"acf":[],"_links":{"self":[{"href":"https:\/\/poll-berlin.de\/galerie\/wp-json\/wp\/v2\/pages\/36029","targetHints":{"allow":["GET"]}}],"collection":[{"href":"https:\/\/poll-berlin.de\/galerie\/wp-json\/wp\/v2\/pages"}],"about":[{"href":"https:\/\/poll-berlin.de\/galerie\/wp-json\/wp\/v2\/types\/page"}],"author":[{"embeddable":true,"href":"https:\/\/poll-berlin.de\/galerie\/wp-json\/wp\/v2\/users\/1"}],"replies":[{"embeddable":true,"href":"https:\/\/poll-berlin.de\/galerie\/wp-json\/wp\/v2\/comments?post=36029"}],"version-history":[{"count":12,"href":"https:\/\/poll-berlin.de\/galerie\/wp-json\/wp\/v2\/pages\/36029\/revisions"}],"predecessor-version":[{"id":39823,"href":"https:\/\/poll-berlin.de\/galerie\/wp-json\/wp\/v2\/pages\/36029\/revisions\/39823"}],"up":[{"embeddable":true,"href":"https:\/\/poll-berlin.de\/galerie\/wp-json\/wp\/v2\/pages\/36027"}],"wp:attachment":[{"href":"https:\/\/poll-berlin.de\/galerie\/wp-json\/wp\/v2\/media?parent=36029"}],"curies":[{"name":"wp","href":"https:\/\/api.w.org\/{rel}","templated":true}]}}