{"id":34318,"date":"2023-10-25T14:54:46","date_gmt":"2023-10-25T12:54:46","guid":{"rendered":"https:\/\/poll-berlin.de\/galerie\/?page_id=34318"},"modified":"2025-02-05T15:02:05","modified_gmt":"2025-02-05T14:02:05","slug":"information","status":"publish","type":"page","link":"https:\/\/poll-berlin.de\/galerie\/ausstellungen\/archiv\/danja-akulin\/information\/","title":{"rendered":"Information"},"content":{"rendered":"\n<p>Unter dem Titel \u201ekontrastreich\u201c zeigt die Galerie Poll ihre zweite Einzelausstellung des Zeichners Danja Akulin. Seine Naturdarstellungen sind kontrastreich zwischen tiefem Schwarz und lichtem Wei\u00df angelegt und setzen sich aus einer Vielfalt von Schwarz- und Graut\u00f6nen zusammen.<\/p>\n\n\n\n<p>W\u00e4lder, Felder, Wolken und Wasser, mal aus gro\u00dfer N\u00e4he, mal in weiter Ferne dargestellt, erlangen durch die virtuose Technik des K\u00fcnstlers, in der er gekonnt scharfe und unscharfe Partien, feine Linien und grobe Striche nebeneinandersetzt, eine gro\u00dfe Unmittelbarkeit. Gleichzeitig strahlen sie eine tiefe Ruhe aus. Licht und Schatten, Stillstand und Bewegung sind in den gro\u00dfformatigen Kompositionen stimmungsvoll eingefangen.<\/p>\n\n\n\n<p>Immer wieder zeichnet Akulin Seest\u00fccke. Einige sind nahe am naturalistischen Abbild, andere haben sich in beinahe monochrome Fl\u00e4chen aufgel\u00f6st. Auf seinen Zeichnungen von dichten W\u00e4ldern blickt man auf eng aneinander stehende Baumst\u00e4mme, deren Rinde mit all ihren Unebenheiten und Maserungen detailliert herausgearbeitet ist, so dass sie nahezu fotorea\u00adlistisch wirken.<\/p>\n\n\n\n<p>Akulin komponiert seine meist titellosen Arbeiten aus der Erinnerung, er benutzt keine fotografischen Vorlagen. Der Zeichner arbeitet mit Bleistift und Graphit auf Papier oder mit Kohle direkt auf der Leinwand. Die gro\u00dfformatigen Papierb\u00f6gen werden auf Leinwand kaschiert und auf Keilrahmen gespannt und erreichen so eine gro\u00dfe Pr\u00e4senz.<\/p>\n\n\n\n<p>\u201eDanja Akulins Werke sind Zustandslandschaften, zwischen Stille und Ungewissheit, Ruhe und Unbehagen gefangene Gem\u00fctsbilder\u201c, schreibt die Kunsthistorikerin Olena Balun in ihrem Katalogtext der 2022 im J. J. Heckenhauer-Verlag erschienenen Monographie.<\/p>\n\n\n\n<p><strong>Danja Akulin,<\/strong> 1977 geboren in St. Petersburg, lebt und arbeitet seit 2000 in Berlin. Von 2000 bis 2005 absolvierte er ein Studium der Freien Kunst bei Prof. Georg Baselitz an der Universit\u00e4t der K\u00fcnste Berlin, von 2005 bis 2006 machte er seinen Meistersch\u00fcler bei Prof. Daniel Richter. 2017 wurde er mit dem kanadischen \u201eElizabeth Greenshields Foundation Award\u201c ausgezeichnet. Seine Arbeiten wurden in Deutschland, den USA und Russland ausgestellt, j\u00fcngst war der K\u00fcnstler an der Ausstellung \u201eDas Ende der Malerei. Karl Hagemeister und die Malerei heute\u201c im Br\u00f6han-Museum in Berlin beteiligt. Akulins Arbeiten befinden sich in privaten und \u00f6ffentlichen Sammlungen, darunter auch die Kunstsammlung des Deutschen Bundestages.<\/p>\n","protected":false},"excerpt":{"rendered":"<p>Unter dem Titel \u201ekontrastreich\u201c zeigt die Galerie Poll ihre zweite Einzelausstellung des Zeichners Danja Akulin. Seine Naturdarstellungen sind kontrastreich zwischen tiefem Schwarz und lichtem Wei\u00df angelegt und setzen sich aus einer Vielfalt von Schwarz- und Graut\u00f6nen zusammen. W\u00e4lder, Felder, Wolken und Wasser, mal aus gro\u00dfer N\u00e4he, mal in weiter Ferne dargestellt, erlangen durch die virtuose [&hellip;]<\/p>\n","protected":false},"author":2,"featured_media":0,"parent":34113,"menu_order":0,"comment_status":"closed","ping_status":"closed","template":"ausstellen-text.php","meta":{"_acf_changed":false,"footnotes":""},"class_list":["post-34318","page","type-page","status-publish","hentry"],"acf":[],"_links":{"self":[{"href":"https:\/\/poll-berlin.de\/galerie\/wp-json\/wp\/v2\/pages\/34318","targetHints":{"allow":["GET"]}}],"collection":[{"href":"https:\/\/poll-berlin.de\/galerie\/wp-json\/wp\/v2\/pages"}],"about":[{"href":"https:\/\/poll-berlin.de\/galerie\/wp-json\/wp\/v2\/types\/page"}],"author":[{"embeddable":true,"href":"https:\/\/poll-berlin.de\/galerie\/wp-json\/wp\/v2\/users\/2"}],"replies":[{"embeddable":true,"href":"https:\/\/poll-berlin.de\/galerie\/wp-json\/wp\/v2\/comments?post=34318"}],"version-history":[{"count":3,"href":"https:\/\/poll-berlin.de\/galerie\/wp-json\/wp\/v2\/pages\/34318\/revisions"}],"predecessor-version":[{"id":40980,"href":"https:\/\/poll-berlin.de\/galerie\/wp-json\/wp\/v2\/pages\/34318\/revisions\/40980"}],"up":[{"embeddable":true,"href":"https:\/\/poll-berlin.de\/galerie\/wp-json\/wp\/v2\/pages\/34113"}],"wp:attachment":[{"href":"https:\/\/poll-berlin.de\/galerie\/wp-json\/wp\/v2\/media?parent=34318"}],"curies":[{"name":"wp","href":"https:\/\/api.w.org\/{rel}","templated":true}]}}