{"id":33388,"date":"2023-08-01T16:28:24","date_gmt":"2023-08-01T14:28:24","guid":{"rendered":"https:\/\/poll-berlin.de\/galerie\/?page_id=33388"},"modified":"2024-10-22T11:25:48","modified_gmt":"2024-10-22T09:25:48","slug":"catalogue-1-schueler","status":"publish","type":"page","link":"https:\/\/poll-berlin.de\/galerie\/en\/gallery-artists\/jan-schueler\/catalogues\/catalogue-1-schueler\/","title":{"rendered":"Catalogue 1 &#8211; Sch\u00fcler"},"content":{"rendered":"\n<p><strong>Jan Sch\u00fcler &#8211; Elective Relations<\/strong><br>Texts by Magdalena Kr\u00f6ner and Jakob Glasbrenner, catalogue on the occasion of the exhibition of the same name at the Galerie Tedden, D\u00fcsseldorf (26.2.-27.3.2010), Verlag Peter Tedden, D\u00fcsseldorf 2010, 28.7 x 22 cm, 70 pages, numerous colour illustrations, ISBN 978-3-940985-B-2<br>20 euros<\/p>\n\n\n<a id=\"mailinger\" href=\"mailto:galerie@poll-berlin.de?subject=Bestellung Catalogue 1 &#8211; Sch\u00fcler&amp;body=I hereby bindingly order the catalogue \u201cJan Sch\u00fcler &#8211; Elective Relations\u201d at a price of 20 euros (plus shipping). Please provide me with the relevant bank details.%0D%0AMeine Adresse lautet:%0D%0A%0D%0AInstitution:%0D%0AVorname, Name:%0D%0AStra\u00dfe, Haus-Nr.:%0D%0APLZ, Stadt:%0D%0ALand:\" title=\"Bestellung\">Bestellung<\/a>\n","protected":false},"excerpt":{"rendered":"<p>Jan Sch\u00fcler &#8211; Elective RelationsTexts by Magdalena Kr\u00f6ner and Jakob Glasbrenner, catalogue on the occasion of the exhibition of the same name at the Galerie Tedden, D\u00fcsseldorf (26.2.-27.3.2010), Verlag Peter Tedden, D\u00fcsseldorf 2010, 28.7 x 22 cm, 70 pages, numerous colour illustrations, ISBN 978-3-940985-B-220 euros<\/p>\n","protected":false},"author":2,"featured_media":33386,"parent":28211,"menu_order":0,"comment_status":"closed","ping_status":"closed","template":"kuenstler-katalog.php","meta":{"_acf_changed":false,"footnotes":""},"class_list":["post-33388","page","type-page","status-publish","has-post-thumbnail","hentry"],"acf":{"photo_gallery":{"bilder":[[]]}},"_links":{"self":[{"href":"https:\/\/poll-berlin.de\/galerie\/wp-json\/wp\/v2\/pages\/33388","targetHints":{"allow":["GET"]}}],"collection":[{"href":"https:\/\/poll-berlin.de\/galerie\/wp-json\/wp\/v2\/pages"}],"about":[{"href":"https:\/\/poll-berlin.de\/galerie\/wp-json\/wp\/v2\/types\/page"}],"author":[{"embeddable":true,"href":"https:\/\/poll-berlin.de\/galerie\/wp-json\/wp\/v2\/users\/2"}],"replies":[{"embeddable":true,"href":"https:\/\/poll-berlin.de\/galerie\/wp-json\/wp\/v2\/comments?post=33388"}],"version-history":[{"count":3,"href":"https:\/\/poll-berlin.de\/galerie\/wp-json\/wp\/v2\/pages\/33388\/revisions"}],"predecessor-version":[{"id":39322,"href":"https:\/\/poll-berlin.de\/galerie\/wp-json\/wp\/v2\/pages\/33388\/revisions\/39322"}],"up":[{"embeddable":true,"href":"https:\/\/poll-berlin.de\/galerie\/wp-json\/wp\/v2\/pages\/28211"}],"wp:featuredmedia":[{"embeddable":true,"href":"https:\/\/poll-berlin.de\/galerie\/wp-json\/wp\/v2\/media\/33386"}],"wp:attachment":[{"href":"https:\/\/poll-berlin.de\/galerie\/wp-json\/wp\/v2\/media?parent=33388"}],"curies":[{"name":"wp","href":"https:\/\/api.w.org\/{rel}","templated":true}]}}