{"id":33327,"date":"2023-08-01T14:11:29","date_gmt":"2023-08-01T12:11:29","guid":{"rendered":"https:\/\/poll-berlin.de\/galerie\/?page_id=33327"},"modified":"2024-10-02T16:49:14","modified_gmt":"2024-10-02T14:49:14","slug":"catalogue-1-arnim-2","status":"publish","type":"page","link":"https:\/\/poll-berlin.de\/galerie\/en\/gallery-artists\/bettina-von-arnim\/catalogues\/catalogue-1-arnim-2\/","title":{"rendered":"Catalogue 1 &#8211; Arnim"},"content":{"rendered":"\n<p><strong>Bettina von Arnim \u2013 The Cyborgs and their Traces<\/strong><br>Paintings, Drawings and Etchings 1968-1983, Eva Poll and Lothar C. Poll (eds.), texts by Wolfgang L\u00e4ngsfeld, R\u00fcdiger Proske and Jochen L. St\u00f6ckmann, POLLeditionen, Berlin 2015, 18.5 x 14.5 cm, 44 pages, 28 colour illustrations<br>15 euros<\/p>\n\n\n<a id=\"mailinger\" href=\"mailto:galerie@poll-berlin.de?subject=Bestellung Catalogue 1 &#8211; Arnim&amp;body=I hereby bindingly order the catalogue \u201cBettina von Arnim \u2013 The Cyborgs and their Traces\u201d at a price of 15 euros (plus shipping). Please provide me with the relevant bank details.%0D%0AMeine Adresse lautet:%0D%0A%0D%0AInstitution:%0D%0AVorname, Name:%0D%0AStra\u00dfe, Haus-Nr.:%0D%0APLZ, Stadt:%0D%0ALand:\" title=\"Bestellung\">Bestellung<\/a>\n","protected":false},"excerpt":{"rendered":"<p>Bettina von Arnim \u2013 The Cyborgs and their TracesPaintings, Drawings and Etchings 1968-1983, Eva Poll and Lothar C. Poll (eds.), texts by Wolfgang L\u00e4ngsfeld, R\u00fcdiger Proske and Jochen L. St\u00f6ckmann, POLLeditionen, Berlin 2015, 18.5 x 14.5 cm, 44 pages, 28 colour illustrations15 euros<\/p>\n","protected":false},"author":2,"featured_media":33310,"parent":28042,"menu_order":0,"comment_status":"closed","ping_status":"closed","template":"kuenstler-katalog.php","meta":{"_acf_changed":false,"footnotes":""},"class_list":["post-33327","page","type-page","status-publish","has-post-thumbnail","hentry"],"acf":{"photo_gallery":{"bilder":[[]]}},"_links":{"self":[{"href":"https:\/\/poll-berlin.de\/galerie\/wp-json\/wp\/v2\/pages\/33327","targetHints":{"allow":["GET"]}}],"collection":[{"href":"https:\/\/poll-berlin.de\/galerie\/wp-json\/wp\/v2\/pages"}],"about":[{"href":"https:\/\/poll-berlin.de\/galerie\/wp-json\/wp\/v2\/types\/page"}],"author":[{"embeddable":true,"href":"https:\/\/poll-berlin.de\/galerie\/wp-json\/wp\/v2\/users\/2"}],"replies":[{"embeddable":true,"href":"https:\/\/poll-berlin.de\/galerie\/wp-json\/wp\/v2\/comments?post=33327"}],"version-history":[{"count":2,"href":"https:\/\/poll-berlin.de\/galerie\/wp-json\/wp\/v2\/pages\/33327\/revisions"}],"predecessor-version":[{"id":38731,"href":"https:\/\/poll-berlin.de\/galerie\/wp-json\/wp\/v2\/pages\/33327\/revisions\/38731"}],"up":[{"embeddable":true,"href":"https:\/\/poll-berlin.de\/galerie\/wp-json\/wp\/v2\/pages\/28042"}],"wp:featuredmedia":[{"embeddable":true,"href":"https:\/\/poll-berlin.de\/galerie\/wp-json\/wp\/v2\/media\/33310"}],"wp:attachment":[{"href":"https:\/\/poll-berlin.de\/galerie\/wp-json\/wp\/v2\/media?parent=33327"}],"curies":[{"name":"wp","href":"https:\/\/api.w.org\/{rel}","templated":true}]}}