{"id":33324,"date":"2023-08-01T14:10:09","date_gmt":"2023-08-01T12:10:09","guid":{"rendered":"https:\/\/poll-berlin.de\/galerie\/?page_id=33324"},"modified":"2023-08-01T14:10:10","modified_gmt":"2023-08-01T12:10:10","slug":"katalog-1-arnim-2","status":"publish","type":"page","link":"https:\/\/poll-berlin.de\/galerie\/kuenstler-der-galerie\/bettina-von-arnim\/kataloge\/katalog-1-arnim-2\/","title":{"rendered":"Katalog 1 &#8211; Arnim"},"content":{"rendered":"\n<p><strong>Bettina von Arnim \u2013 Die Cyborgs und ihre Spuren<\/strong><br>Malerei, Zeichnungen und Radierungen 1968-1983, Eva Poll und Lothar C. Poll (Hrsg.), Texte von Wolfgang L\u00e4ngsfeld, R\u00fcdiger Proske und Jochen L. St\u00f6ckmann, POLLeditionen, Berlin 2015, 18,5 x 14,5 cm, 44 Seiten, 28 Farbabbildungen<br>15 Euro<\/p>\n\n\n<a id=\"mailinger\" href=\"mailto:galerie@poll-berlin.de?subject=Bestellung Katalog 1 &#8211; Arnim&amp;body=Hiermit bestelle ich verbindlich den Katalog \u201eBettina von Arnim \u2013 Die Cyborgs und ihre Spuren\u201c zu einem Preis von 15 Euro (zzgl. Versand). Bitte teilen Sie mir die entsprechende Bankverbindung mit.%0D%0AMeine Adresse lautet:%0D%0A%0D%0AInstitution:%0D%0AVorname, Name:%0D%0AStra\u00dfe, Haus-Nr.:%0D%0APLZ, Stadt:%0D%0ALand:\" title=\"Bestellung\">Bestellung<\/a>\n","protected":false},"excerpt":{"rendered":"<p>Bettina von Arnim \u2013 Die Cyborgs und ihre SpurenMalerei, Zeichnungen und Radierungen 1968-1983, Eva Poll und Lothar C. Poll (Hrsg.), Texte von Wolfgang L\u00e4ngsfeld, R\u00fcdiger Proske und Jochen L. St\u00f6ckmann, POLLeditionen, Berlin 2015, 18,5 x 14,5 cm, 44 Seiten, 28 Farbabbildungen15 Euro<\/p>\n","protected":false},"author":2,"featured_media":33309,"parent":215,"menu_order":0,"comment_status":"closed","ping_status":"closed","template":"kuenstler-katalog.php","meta":{"_acf_changed":false,"footnotes":""},"class_list":["post-33324","page","type-page","status-publish","has-post-thumbnail","hentry"],"acf":{"photo_gallery":{"bilder":[[]]}},"_links":{"self":[{"href":"https:\/\/poll-berlin.de\/galerie\/wp-json\/wp\/v2\/pages\/33324","targetHints":{"allow":["GET"]}}],"collection":[{"href":"https:\/\/poll-berlin.de\/galerie\/wp-json\/wp\/v2\/pages"}],"about":[{"href":"https:\/\/poll-berlin.de\/galerie\/wp-json\/wp\/v2\/types\/page"}],"author":[{"embeddable":true,"href":"https:\/\/poll-berlin.de\/galerie\/wp-json\/wp\/v2\/users\/2"}],"replies":[{"embeddable":true,"href":"https:\/\/poll-berlin.de\/galerie\/wp-json\/wp\/v2\/comments?post=33324"}],"version-history":[{"count":2,"href":"https:\/\/poll-berlin.de\/galerie\/wp-json\/wp\/v2\/pages\/33324\/revisions"}],"predecessor-version":[{"id":33326,"href":"https:\/\/poll-berlin.de\/galerie\/wp-json\/wp\/v2\/pages\/33324\/revisions\/33326"}],"up":[{"embeddable":true,"href":"https:\/\/poll-berlin.de\/galerie\/wp-json\/wp\/v2\/pages\/215"}],"wp:featuredmedia":[{"embeddable":true,"href":"https:\/\/poll-berlin.de\/galerie\/wp-json\/wp\/v2\/media\/33309"}],"wp:attachment":[{"href":"https:\/\/poll-berlin.de\/galerie\/wp-json\/wp\/v2\/media?parent=33324"}],"curies":[{"name":"wp","href":"https:\/\/api.w.org\/{rel}","templated":true}]}}