{"id":32877,"date":"2023-07-19T17:26:25","date_gmt":"2023-07-19T15:26:25","guid":{"rendered":"https:\/\/poll-berlin.de\/galerie\/?page_id=32877"},"modified":"2024-10-08T14:20:28","modified_gmt":"2024-10-08T12:20:28","slug":"katalog-2-poller","status":"publish","type":"page","link":"https:\/\/poll-berlin.de\/galerie\/kuenstler-der-galerie\/daniel-poller\/kataloge\/katalog-2-poller\/","title":{"rendered":"Katalog 2 &#8211; Poller"},"content":{"rendered":"\n<p><strong>Daniel Poller \u2013 Birds of Tegel<\/strong><br>Text von Andreas Prinzing, Edizione Multicolore, Berlin 2022, Auflage 500, 35 x 25 cm, 72 Seiten, 59 Farbabbildungen, Brosch\u00fcre in PVC-H\u00fclle, R\u00fcckstichheftung, ISBN 978-3-948304-15-7<br>25 Euro<\/p>\n\n\n<a id=\"mailinger\" href=\"mailto:galerie@poll-berlin.de?subject=Bestellung Katalog 2 &#8211; Poller&amp;body=Hiermit bestelle ich verbindlich den Katalog \u201eDaniel Poller \u2013 Birds of Tegel\u201c zu einem Preis von 25 Euro (zzgl. Versand). Bitte teilen Sie mir die entsprechende Bankverbindung mit.%0D%0AMeine Adresse lautet:%0D%0A%0D%0AInstitution:%0D%0AVorname, Name:%0D%0AStra\u00dfe, Haus-Nr.:%0D%0APLZ, Stadt:%0D%0ALand:\" title=\"Bestellung\">Bestellung<\/a>\n\n\n\n<p><strong>Vorzugsausgabe<\/strong><br>mit einem dieser beiden Prints zur Auswahl:<br>Motiv 1, 2022, Archival Pigment Print, Auflage 10, jeweils 29,7 x 21 cm<br>Motiv 2, 2022, Archival Pigment Print, Auflage 10, jeweils 29,7 x 21 cm<br>195 Euro (350 Euro f\u00fcr beide Prints)<\/p>\n\n\n<a id=\"mailinger\" href=\"mailto:galerie@poll-berlin.de?subject=Bestellung Katalog 2 &#8211; Poller&amp;body=Hiermit bestelle ich verbindlich eine der beiden Vorzugsausgaben des Kataloges \u201eDaniel Poller \u2013 Birds of Tegel\u201c zu einem Preis von 195 Euro (zzgl. Versand). Bitte teilen Sie mir die entsprechende Bankverbindung mit.%0D%0AMeine Adresse lautet:%0D%0A%0D%0AInstitution:%0D%0AVorname, Name:%0D%0AStra\u00dfe, Haus-Nr.:%0D%0APLZ, Stadt:%0D%0ALand:\" title=\"Bestellung\">Bestellung<\/a>\n\n\n\n<figure class=\"wp-block-image size-large\"><img loading=\"lazy\" decoding=\"async\" width=\"800\" height=\"1131\" src=\"https:\/\/poll-berlin.de\/galerie\/wp-content\/uploads\/cov_Poller_2022-VA1-800x1131.jpg\" alt=\"\" class=\"wp-image-33105\" srcset=\"https:\/\/poll-berlin.de\/galerie\/wp-content\/uploads\/cov_Poller_2022-VA1-800x1131.jpg 800w, https:\/\/poll-berlin.de\/galerie\/wp-content\/uploads\/cov_Poller_2022-VA1-212x300.jpg 212w, https:\/\/poll-berlin.de\/galerie\/wp-content\/uploads\/cov_Poller_2022-VA1-768x1086.jpg 768w, https:\/\/poll-berlin.de\/galerie\/wp-content\/uploads\/cov_Poller_2022-VA1.jpg 1061w\" sizes=\"auto, (max-width: 800px) 100vw, 800px\" \/><\/figure>\n","protected":false},"excerpt":{"rendered":"<p>Daniel Poller \u2013 Birds of TegelText von Andreas Prinzing, Edizione Multicolore, Berlin 2022, Auflage 500, 35 x 25 cm, 72 Seiten, 59 Farbabbildungen, Brosch\u00fcre in PVC-H\u00fclle, R\u00fcckstichheftung, ISBN 978-3-948304-15-725 Euro Vorzugsausgabemit einem dieser beiden Prints zur Auswahl:Motiv 1, 2022, Archival Pigment Print, Auflage 10, jeweils 29,7 x 21 cmMotiv 2, 2022, Archival Pigment Print, Auflage [&hellip;]<\/p>\n","protected":false},"author":2,"featured_media":33104,"parent":290,"menu_order":1,"comment_status":"closed","ping_status":"closed","template":"kuenstler-katalog.php","meta":{"_acf_changed":false,"footnotes":""},"class_list":["post-32877","page","type-page","status-publish","has-post-thumbnail","hentry"],"acf":{"photo_gallery":{"bilder":[[{"id":33107,"title":"cov_Poller_2022-VA2","caption":"","full_image_url":"https:\/\/poll-berlin.de\/galerie\/wp-content\/uploads\/cov_Poller_2022-VA2.jpg","thumbnail_image_url":"https:\/\/poll-berlin.de\/galerie\/wp-content\/uploads\/cov_Poller_2022-VA2-150x150.jpg","large_srcset":"https:\/\/poll-berlin.de\/galerie\/wp-content\/uploads\/cov_Poller_2022-VA2-800x1131.jpg 800w, https:\/\/poll-berlin.de\/galerie\/wp-content\/uploads\/cov_Poller_2022-VA2-212x300.jpg 212w, https:\/\/poll-berlin.de\/galerie\/wp-content\/uploads\/cov_Poller_2022-VA2-768x1086.jpg 768w, https:\/\/poll-berlin.de\/galerie\/wp-content\/uploads\/cov_Poller_2022-VA2.jpg 1061w","medium_srcset":"https:\/\/poll-berlin.de\/galerie\/wp-content\/uploads\/cov_Poller_2022-VA2-212x300.jpg 212w, https:\/\/poll-berlin.de\/galerie\/wp-content\/uploads\/cov_Poller_2022-VA2-800x1131.jpg 800w, https:\/\/poll-berlin.de\/galerie\/wp-content\/uploads\/cov_Poller_2022-VA2-768x1086.jpg 768w, https:\/\/poll-berlin.de\/galerie\/wp-content\/uploads\/cov_Poller_2022-VA2.jpg 1061w","media_details":{"width":1061,"height":1500,"sizes":{"medium":{"file":"cov_Poller_2022-VA2-212x300.jpg","width":212,"height":300,"mime-type":"image\/jpeg","filesize":13355,"source_url":"https:\/\/poll-berlin.de\/galerie\/wp-content\/uploads\/cov_Poller_2022-VA2-212x300.jpg"},"large":{"file":"cov_Poller_2022-VA2-800x1131.jpg","width":800,"height":1131,"mime-type":"image\/jpeg","filesize":176553,"source_url":"https:\/\/poll-berlin.de\/galerie\/wp-content\/uploads\/cov_Poller_2022-VA2-800x1131.jpg"},"thumbnail":{"file":"cov_Poller_2022-VA2-150x150.jpg","width":150,"height":150,"mime-type":"image\/jpeg","filesize":5358,"source_url":"https:\/\/poll-berlin.de\/galerie\/wp-content\/uploads\/cov_Poller_2022-VA2-150x150.jpg"},"medium_large":{"file":"cov_Poller_2022-VA2-768x1086.jpg","width":768,"height":1086,"mime-type":"image\/jpeg","filesize":163841,"source_url":"https:\/\/poll-berlin.de\/galerie\/wp-content\/uploads\/cov_Poller_2022-VA2-768x1086.jpg"}}},"alt_text":"","url":"","target":""}]]}},"_links":{"self":[{"href":"https:\/\/poll-berlin.de\/galerie\/wp-json\/wp\/v2\/pages\/32877","targetHints":{"allow":["GET"]}}],"collection":[{"href":"https:\/\/poll-berlin.de\/galerie\/wp-json\/wp\/v2\/pages"}],"about":[{"href":"https:\/\/poll-berlin.de\/galerie\/wp-json\/wp\/v2\/types\/page"}],"author":[{"embeddable":true,"href":"https:\/\/poll-berlin.de\/galerie\/wp-json\/wp\/v2\/users\/2"}],"replies":[{"embeddable":true,"href":"https:\/\/poll-berlin.de\/galerie\/wp-json\/wp\/v2\/comments?post=32877"}],"version-history":[{"count":6,"href":"https:\/\/poll-berlin.de\/galerie\/wp-json\/wp\/v2\/pages\/32877\/revisions"}],"predecessor-version":[{"id":38927,"href":"https:\/\/poll-berlin.de\/galerie\/wp-json\/wp\/v2\/pages\/32877\/revisions\/38927"}],"up":[{"embeddable":true,"href":"https:\/\/poll-berlin.de\/galerie\/wp-json\/wp\/v2\/pages\/290"}],"wp:featuredmedia":[{"embeddable":true,"href":"https:\/\/poll-berlin.de\/galerie\/wp-json\/wp\/v2\/media\/33104"}],"wp:attachment":[{"href":"https:\/\/poll-berlin.de\/galerie\/wp-json\/wp\/v2\/media?parent=32877"}],"curies":[{"name":"wp","href":"https:\/\/api.w.org\/{rel}","templated":true}]}}