{"id":32868,"date":"2023-07-19T17:05:01","date_gmt":"2023-07-19T15:05:01","guid":{"rendered":"https:\/\/poll-berlin.de\/galerie\/?page_id=32868"},"modified":"2024-10-08T14:25:11","modified_gmt":"2024-10-08T12:25:11","slug":"katalog-1-poller","status":"publish","type":"page","link":"https:\/\/poll-berlin.de\/galerie\/kuenstler-der-galerie\/daniel-poller\/kataloge\/katalog-1-poller\/","title":{"rendered":"Katalog 1 &#8211; Poller"},"content":{"rendered":"\n<p><strong>Daniel Poller \u2013 Endg\u00fcltige Fassung der Beschlussvorlage<\/strong><br>Edizione Multicolore, Berlin 2020, Auflage 300, 35 x 25 cm, 44 Seiten, 39 Farbabbildungen, Brosch\u00fcre in PVC-H\u00fclle, R\u00fcckstichheftung, ISBN 978-3-948304-08-9<br>25 Euro<\/p>\n\n\n<a id=\"mailinger\" href=\"mailto:galerie@poll-berlin.de?subject=Bestellung Katalog 1 &#8211; Poller&amp;body=Hiermit bestelle ich verbindlich den Katalog \u201eDaniel Poller \u2013 Endg\u00fcltige Fassung der Beschlussvorlage\u201c zu einem Preis von 25 Euro (zzgl. Versand). Bitte teilen Sie mir die entsprechende Bankverbindung mit.%0D%0AMeine Adresse lautet:%0D%0A%0D%0AInstitution:%0D%0AVorname, Name:%0D%0AStra\u00dfe, Haus-Nr.:%0D%0APLZ, Stadt:%0D%0ALand:\" title=\"Bestellung\">Bestellung<\/a>\n\n\n\n<p><strong>Vorzugsausgabe<\/strong><br>mit einem dieser beiden Prints zur Auswahl:<br>Motiv 1, 2020, Archival Pigment Print, Auflage 10, jeweils 29,7 x 21 cm<br>Motiv 2, 2020, Archival Pigment Print, Auflage 10, jeweils 21 x 29,7 cm<br>180 Euro (300 Euro f\u00fcr beide Prints)<\/p>\n\n\n<a id=\"mailinger\" href=\"mailto:galerie@poll-berlin.de?subject=Bestellung Katalog 1 &#8211; Poller&amp;body=Hiermit bestelle ich verbindlich eine der beiden Vorzugsausgaben des Kataloges \u201eDaniel Poller \u2013 Endg\u00fcltige Fassung der Beschlussvorlage\u201c zu einem Preis von 180 Euro (zzgl. Versand). Bitte teilen Sie mir die entsprechende Bankverbindung mit.%0D%0AMeine Adresse lautet:%0D%0A%0D%0AInstitution:%0D%0AVorname, Name:%0D%0AStra\u00dfe, Haus-Nr.:%0D%0APLZ, Stadt:%0D%0ALand:\" title=\"Bestellung\">Bestellung<\/a>\n\n\n\n<figure class=\"wp-block-image size-large\"><img loading=\"lazy\" decoding=\"async\" width=\"800\" height=\"1166\" src=\"https:\/\/poll-berlin.de\/galerie\/wp-content\/uploads\/cov_Poller_2020-VA1-800x1166.jpg\" alt=\"\" class=\"wp-image-32882\" srcset=\"https:\/\/poll-berlin.de\/galerie\/wp-content\/uploads\/cov_Poller_2020-VA1-800x1166.jpg 800w, https:\/\/poll-berlin.de\/galerie\/wp-content\/uploads\/cov_Poller_2020-VA1-206x300.jpg 206w, https:\/\/poll-berlin.de\/galerie\/wp-content\/uploads\/cov_Poller_2020-VA1-768x1119.jpg 768w, https:\/\/poll-berlin.de\/galerie\/wp-content\/uploads\/cov_Poller_2020-VA1.jpg 1000w\" sizes=\"auto, (max-width: 800px) 100vw, 800px\" \/><\/figure>\n","protected":false},"excerpt":{"rendered":"<p>Daniel Poller \u2013 Endg\u00fcltige Fassung der BeschlussvorlageEdizione Multicolore, Berlin 2020, Auflage 300, 35 x 25 cm, 44 Seiten, 39 Farbabbildungen, Brosch\u00fcre in PVC-H\u00fclle, R\u00fcckstichheftung, ISBN 978-3-948304-08-925 Euro Vorzugsausgabemit einem dieser beiden Prints zur Auswahl:Motiv 1, 2020, Archival Pigment Print, Auflage 10, jeweils 29,7 x 21 cmMotiv 2, 2020, Archival Pigment Print, Auflage 10, jeweils 21 [&hellip;]<\/p>\n","protected":false},"author":2,"featured_media":683,"parent":290,"menu_order":0,"comment_status":"closed","ping_status":"closed","template":"kuenstler-katalog.php","meta":{"_acf_changed":false,"footnotes":""},"class_list":["post-32868","page","type-page","status-publish","has-post-thumbnail","hentry"],"acf":{"photo_gallery":{"bilder":[[{"id":32883,"title":"cov_Poller_2020-VA2","caption":"","full_image_url":"https:\/\/poll-berlin.de\/galerie\/wp-content\/uploads\/cov_Poller_2020-VA2.jpg","thumbnail_image_url":"https:\/\/poll-berlin.de\/galerie\/wp-content\/uploads\/cov_Poller_2020-VA2-150x150.jpg","large_srcset":"https:\/\/poll-berlin.de\/galerie\/wp-content\/uploads\/cov_Poller_2020-VA2-800x549.jpg 800w, https:\/\/poll-berlin.de\/galerie\/wp-content\/uploads\/cov_Poller_2020-VA2-300x206.jpg 300w, https:\/\/poll-berlin.de\/galerie\/wp-content\/uploads\/cov_Poller_2020-VA2-768x527.jpg 768w, https:\/\/poll-berlin.de\/galerie\/wp-content\/uploads\/cov_Poller_2020-VA2.jpg 1000w","medium_srcset":"https:\/\/poll-berlin.de\/galerie\/wp-content\/uploads\/cov_Poller_2020-VA2-300x206.jpg 300w, https:\/\/poll-berlin.de\/galerie\/wp-content\/uploads\/cov_Poller_2020-VA2-800x549.jpg 800w, https:\/\/poll-berlin.de\/galerie\/wp-content\/uploads\/cov_Poller_2020-VA2-768x527.jpg 768w, https:\/\/poll-berlin.de\/galerie\/wp-content\/uploads\/cov_Poller_2020-VA2.jpg 1000w","media_details":{"width":1000,"height":686,"sizes":{"medium":{"file":"cov_Poller_2020-VA2-300x206.jpg","width":300,"height":206,"mime-type":"image\/jpeg","filesize":17708,"source_url":"https:\/\/poll-berlin.de\/galerie\/wp-content\/uploads\/cov_Poller_2020-VA2-300x206.jpg"},"large":{"file":"cov_Poller_2020-VA2-800x549.jpg","width":800,"height":549,"mime-type":"image\/jpeg","filesize":94691,"source_url":"https:\/\/poll-berlin.de\/galerie\/wp-content\/uploads\/cov_Poller_2020-VA2-800x549.jpg"},"thumbnail":{"file":"cov_Poller_2020-VA2-150x150.jpg","width":150,"height":150,"mime-type":"image\/jpeg","filesize":7272,"source_url":"https:\/\/poll-berlin.de\/galerie\/wp-content\/uploads\/cov_Poller_2020-VA2-150x150.jpg"},"medium_large":{"file":"cov_Poller_2020-VA2-768x527.jpg","width":768,"height":527,"mime-type":"image\/jpeg","filesize":88597,"source_url":"https:\/\/poll-berlin.de\/galerie\/wp-content\/uploads\/cov_Poller_2020-VA2-768x527.jpg"}}},"alt_text":"","url":"","target":""}]]}},"_links":{"self":[{"href":"https:\/\/poll-berlin.de\/galerie\/wp-json\/wp\/v2\/pages\/32868","targetHints":{"allow":["GET"]}}],"collection":[{"href":"https:\/\/poll-berlin.de\/galerie\/wp-json\/wp\/v2\/pages"}],"about":[{"href":"https:\/\/poll-berlin.de\/galerie\/wp-json\/wp\/v2\/types\/page"}],"author":[{"embeddable":true,"href":"https:\/\/poll-berlin.de\/galerie\/wp-json\/wp\/v2\/users\/2"}],"replies":[{"embeddable":true,"href":"https:\/\/poll-berlin.de\/galerie\/wp-json\/wp\/v2\/comments?post=32868"}],"version-history":[{"count":8,"href":"https:\/\/poll-berlin.de\/galerie\/wp-json\/wp\/v2\/pages\/32868\/revisions"}],"predecessor-version":[{"id":38932,"href":"https:\/\/poll-berlin.de\/galerie\/wp-json\/wp\/v2\/pages\/32868\/revisions\/38932"}],"up":[{"embeddable":true,"href":"https:\/\/poll-berlin.de\/galerie\/wp-json\/wp\/v2\/pages\/290"}],"wp:featuredmedia":[{"embeddable":true,"href":"https:\/\/poll-berlin.de\/galerie\/wp-json\/wp\/v2\/media\/683"}],"wp:attachment":[{"href":"https:\/\/poll-berlin.de\/galerie\/wp-json\/wp\/v2\/media?parent=32868"}],"curies":[{"name":"wp","href":"https:\/\/api.w.org\/{rel}","templated":true}]}}