{"id":32830,"date":"2023-07-19T16:06:17","date_gmt":"2023-07-19T14:06:17","guid":{"rendered":"https:\/\/poll-berlin.de\/galerie\/?page_id=32830"},"modified":"2024-10-08T13:58:12","modified_gmt":"2024-10-08T11:58:12","slug":"catalogue-2-munsky","status":"publish","type":"page","link":"https:\/\/poll-berlin.de\/galerie\/en\/gallery-artists\/maina-miriam-munsky\/catalogues\/catalogue-2-munsky\/","title":{"rendered":"Catalogue 2 &#8211; Munsky"},"content":{"rendered":"\n<p><strong>Maina-Miriam Munsky. Painting away the fear<\/strong><br>Inventory of paintings and drawings 1964-1998, Jan Sch\u00fcler and Kunststiftung Poll (eds.), texts by Eva and Lothar C. Poll, Jan Sch\u00fcler, Eckhart Gillen et al., Verlag Kettler, B\u00f6nen 2013, 31 x 25 cm, 199 pages, 280 b\/w and 48 colour illustrations, paperback with dust jacket, ISBN 978-3-86206-292-8<br>25 euros<\/p>\n\n\n<a id=\"mailinger\" href=\"mailto:galerie@poll-berlin.de?subject=Bestellung Catalogue 2 &#8211; Munsky&amp;body=I hereby bindingly order the catalogue \u201cMaina-Miriam Munsky. Painting away the fear\u201d at a price of 25 euros (plus shipping). Please provide me with the relevant bank details.%0D%0AMeine Adresse lautet:%0D%0A%0D%0AInstitution:%0D%0AVorname, Name:%0D%0AStra\u00dfe, Haus-Nr.:%0D%0APLZ, Stadt:%0D%0ALand:\" title=\"Bestellung\">Bestellung<\/a>\n\n\n\n<p><strong>Special edition<\/strong><br>with a portrait photograph of the artist by Erhard Wehrmann, 1977, silver gelatin print on baryta paper, 20 x 20 cm, edition of 15 + 5 e. a., numbered<br>200 euros<\/p>\n\n\n<a id=\"mailinger\" href=\"mailto:galerie@poll-berlin.de?subject=Bestellung Catalogue 2 &#8211; Munsky&amp;body=I hereby bindingly order the special edition of the catalogue \u201cMaina-Miriam Munsky. Painting away the fear\u201d at a price of 200 euros (plus shipping). Please provide me with the relevant bank details.%0D%0AMeine Adresse lautet:%0D%0A%0D%0AInstitution:%0D%0AVorname, Name:%0D%0AStra\u00dfe, Haus-Nr.:%0D%0APLZ, Stadt:%0D%0ALand:\" title=\"Bestellung\">Bestellung<\/a>\n","protected":false},"excerpt":{"rendered":"<p>Maina-Miriam Munsky. Painting away the fearInventory of paintings and drawings 1964-1998, Jan Sch\u00fcler and Kunststiftung Poll (eds.), texts by Eva and Lothar C. Poll, Jan Sch\u00fcler, Eckhart Gillen et al., Verlag Kettler, B\u00f6nen 2013, 31 x 25 cm, 199 pages, 280 b\/w and 48 colour illustrations, paperback with dust jacket, ISBN 978-3-86206-292-825 euros Special editionwith [&hellip;]<\/p>\n","protected":false},"author":2,"featured_media":32832,"parent":28155,"menu_order":1,"comment_status":"closed","ping_status":"closed","template":"kuenstler-katalog.php","meta":{"_acf_changed":false,"footnotes":""},"class_list":["post-32830","page","type-page","status-publish","has-post-thumbnail","hentry"],"acf":{"photo_gallery":{"bilder":[[{"id":32901,"title":"cov_Munsky_2013-VA","caption":"","full_image_url":"https:\/\/poll-berlin.de\/galerie\/wp-content\/uploads\/cov_Munsky_2013-VA.jpg","thumbnail_image_url":"https:\/\/poll-berlin.de\/galerie\/wp-content\/uploads\/cov_Munsky_2013-VA-150x150.jpg","large_srcset":"https:\/\/poll-berlin.de\/galerie\/wp-content\/uploads\/cov_Munsky_2013-VA-800x796.jpg 800w, https:\/\/poll-berlin.de\/galerie\/wp-content\/uploads\/cov_Munsky_2013-VA-300x298.jpg 300w, https:\/\/poll-berlin.de\/galerie\/wp-content\/uploads\/cov_Munsky_2013-VA-150x150.jpg 150w, https:\/\/poll-berlin.de\/galerie\/wp-content\/uploads\/cov_Munsky_2013-VA-768x764.jpg 768w, https:\/\/poll-berlin.de\/galerie\/wp-content\/uploads\/cov_Munsky_2013-VA.jpg 1071w","medium_srcset":"https:\/\/poll-berlin.de\/galerie\/wp-content\/uploads\/cov_Munsky_2013-VA-300x298.jpg 300w, https:\/\/poll-berlin.de\/galerie\/wp-content\/uploads\/cov_Munsky_2013-VA-800x796.jpg 800w, https:\/\/poll-berlin.de\/galerie\/wp-content\/uploads\/cov_Munsky_2013-VA-150x150.jpg 150w, https:\/\/poll-berlin.de\/galerie\/wp-content\/uploads\/cov_Munsky_2013-VA-768x764.jpg 768w, https:\/\/poll-berlin.de\/galerie\/wp-content\/uploads\/cov_Munsky_2013-VA.jpg 1071w","media_details":{"width":1071,"height":1065,"sizes":{"medium":{"file":"cov_Munsky_2013-VA-300x298.jpg","width":300,"height":298,"mime-type":"image\/jpeg","filesize":15828,"source_url":"https:\/\/poll-berlin.de\/galerie\/wp-content\/uploads\/cov_Munsky_2013-VA-300x298.jpg"},"large":{"file":"cov_Munsky_2013-VA-800x796.jpg","width":800,"height":796,"mime-type":"image\/jpeg","filesize":68812,"source_url":"https:\/\/poll-berlin.de\/galerie\/wp-content\/uploads\/cov_Munsky_2013-VA-800x796.jpg"},"thumbnail":{"file":"cov_Munsky_2013-VA-150x150.jpg","width":150,"height":150,"mime-type":"image\/jpeg","filesize":6165,"source_url":"https:\/\/poll-berlin.de\/galerie\/wp-content\/uploads\/cov_Munsky_2013-VA-150x150.jpg"},"medium_large":{"file":"cov_Munsky_2013-VA-768x764.jpg","width":768,"height":764,"mime-type":"image\/jpeg","filesize":64385,"source_url":"https:\/\/poll-berlin.de\/galerie\/wp-content\/uploads\/cov_Munsky_2013-VA-768x764.jpg"}}},"alt_text":"","url":"","target":""}]]}},"_links":{"self":[{"href":"https:\/\/poll-berlin.de\/galerie\/wp-json\/wp\/v2\/pages\/32830","targetHints":{"allow":["GET"]}}],"collection":[{"href":"https:\/\/poll-berlin.de\/galerie\/wp-json\/wp\/v2\/pages"}],"about":[{"href":"https:\/\/poll-berlin.de\/galerie\/wp-json\/wp\/v2\/types\/page"}],"author":[{"embeddable":true,"href":"https:\/\/poll-berlin.de\/galerie\/wp-json\/wp\/v2\/users\/2"}],"replies":[{"embeddable":true,"href":"https:\/\/poll-berlin.de\/galerie\/wp-json\/wp\/v2\/comments?post=32830"}],"version-history":[{"count":4,"href":"https:\/\/poll-berlin.de\/galerie\/wp-json\/wp\/v2\/pages\/32830\/revisions"}],"predecessor-version":[{"id":38917,"href":"https:\/\/poll-berlin.de\/galerie\/wp-json\/wp\/v2\/pages\/32830\/revisions\/38917"}],"up":[{"embeddable":true,"href":"https:\/\/poll-berlin.de\/galerie\/wp-json\/wp\/v2\/pages\/28155"}],"wp:featuredmedia":[{"embeddable":true,"href":"https:\/\/poll-berlin.de\/galerie\/wp-json\/wp\/v2\/media\/32832"}],"wp:attachment":[{"href":"https:\/\/poll-berlin.de\/galerie\/wp-json\/wp\/v2\/media?parent=32830"}],"curies":[{"name":"wp","href":"https:\/\/api.w.org\/{rel}","templated":true}]}}