{"id":32826,"date":"2023-07-19T15:52:46","date_gmt":"2023-07-19T13:52:46","guid":{"rendered":"https:\/\/poll-berlin.de\/galerie\/?page_id=32826"},"modified":"2024-10-08T13:55:38","modified_gmt":"2024-10-08T11:55:38","slug":"katalog-2-munsky","status":"publish","type":"page","link":"https:\/\/poll-berlin.de\/galerie\/kuenstler-der-galerie\/maina-miriam-munsky\/kataloge\/katalog-2-munsky\/","title":{"rendered":"Katalog 2 &#8211; Munsky"},"content":{"rendered":"\n<p><strong>Maina-Miriam Munsky. Die Angst wegmalen<\/strong><br>Bestandsverzeichnis der Gem\u00e4lde und Zeichnungen 1964-1998, Jan Sch\u00fcler und Kunststiftung Poll (Hrsg.), Texte von Eva und Lothar C. Poll, Jan Sch\u00fcler, Eckhart Gillen u. a., Verlag Kettler, B\u00f6nen 2013, 31 x 25 cm, 199 Seiten, 280 S\/W- und 48 Farbabbildungen, Pappband mit Schutzumschlag, ISBN 978-3-86206-292-8<br>25 Euro<\/p>\n\n\n<a id=\"mailinger\" href=\"mailto:galerie@poll-berlin.de?subject=Bestellung Katalog 2 &#8211; Munsky&amp;body=Hiermit bestelle ich verbindlich den Katalog \u201eMaina-Miriam Munsky. Die Angst wegmalen\u201c zu einem Preis von 25 Euro (zzgl. Versand). Bitte teilen Sie mir die entsprechende Bankverbindung mit.%0D%0AMeine Adresse lautet:%0D%0A%0D%0AInstitution:%0D%0AVorname, Name:%0D%0AStra\u00dfe, Haus-Nr.:%0D%0APLZ, Stadt:%0D%0ALand:\" title=\"Bestellung\">Bestellung<\/a>\n\n\n\n<p><strong>Vorzugsausgabe<\/strong><br>mit einer Portr\u00e4tfotografie der K\u00fcnstlerin von Erhard Wehrmann, 1977, Silbergelatineabzug auf Barytpapier, 20 x 20 cm, Auflage 15 + 5 e. a., nummeriert<br>200 Euro<\/p>\n\n\n<a id=\"mailinger\" href=\"mailto:galerie@poll-berlin.de?subject=Bestellung Katalog 2 &#8211; Munsky&amp;body=Hiermit bestelle ich verbindlich die Vorzugsausgabe des Kataloges \u201eMaina-Miriam Munsky. Die Angst wegmalen\u201c zu einem Preis von 200 Euro (zzgl. Versand). Bitte teilen Sie mir die entsprechende Bankverbindung mit.%0D%0AMeine Adresse lautet:%0D%0A%0D%0AInstitution:%0D%0AVorname, Name:%0D%0AStra\u00dfe, Haus-Nr.:%0D%0APLZ, Stadt:%0D%0ALand:\" title=\"Bestellung\">Bestellung<\/a>\n","protected":false},"excerpt":{"rendered":"<p>Maina-Miriam Munsky. Die Angst wegmalenBestandsverzeichnis der Gem\u00e4lde und Zeichnungen 1964-1998, Jan Sch\u00fcler und Kunststiftung Poll (Hrsg.), Texte von Eva und Lothar C. Poll, Jan Sch\u00fcler, Eckhart Gillen u. a., Verlag Kettler, B\u00f6nen 2013, 31 x 25 cm, 199 Seiten, 280 S\/W- und 48 Farbabbildungen, Pappband mit Schutzumschlag, ISBN 978-3-86206-292-825 Euro Vorzugsausgabemit einer Portr\u00e4tfotografie der K\u00fcnstlerin [&hellip;]<\/p>\n","protected":false},"author":2,"featured_media":32828,"parent":1145,"menu_order":1,"comment_status":"closed","ping_status":"closed","template":"kuenstler-katalog.php","meta":{"_acf_changed":false,"footnotes":""},"class_list":["post-32826","page","type-page","status-publish","has-post-thumbnail","hentry"],"acf":{"photo_gallery":{"bilder":[[{"id":32900,"title":"cov_Munsky_2013-VA","caption":"","full_image_url":"https:\/\/poll-berlin.de\/galerie\/wp-content\/uploads\/cov_Munsky_2013-VA.jpg","thumbnail_image_url":"https:\/\/poll-berlin.de\/galerie\/wp-content\/uploads\/cov_Munsky_2013-VA-150x150.jpg","large_srcset":"https:\/\/poll-berlin.de\/galerie\/wp-content\/uploads\/cov_Munsky_2013-VA-800x796.jpg 800w, https:\/\/poll-berlin.de\/galerie\/wp-content\/uploads\/cov_Munsky_2013-VA-300x298.jpg 300w, https:\/\/poll-berlin.de\/galerie\/wp-content\/uploads\/cov_Munsky_2013-VA-150x150.jpg 150w, https:\/\/poll-berlin.de\/galerie\/wp-content\/uploads\/cov_Munsky_2013-VA-768x764.jpg 768w, https:\/\/poll-berlin.de\/galerie\/wp-content\/uploads\/cov_Munsky_2013-VA.jpg 1071w","medium_srcset":"https:\/\/poll-berlin.de\/galerie\/wp-content\/uploads\/cov_Munsky_2013-VA-300x298.jpg 300w, https:\/\/poll-berlin.de\/galerie\/wp-content\/uploads\/cov_Munsky_2013-VA-800x796.jpg 800w, https:\/\/poll-berlin.de\/galerie\/wp-content\/uploads\/cov_Munsky_2013-VA-150x150.jpg 150w, https:\/\/poll-berlin.de\/galerie\/wp-content\/uploads\/cov_Munsky_2013-VA-768x764.jpg 768w, https:\/\/poll-berlin.de\/galerie\/wp-content\/uploads\/cov_Munsky_2013-VA.jpg 1071w","media_details":{"width":1071,"height":1065,"sizes":{"medium":{"file":"cov_Munsky_2013-VA-300x298.jpg","width":300,"height":298,"mime-type":"image\/jpeg","filesize":15828,"source_url":"https:\/\/poll-berlin.de\/galerie\/wp-content\/uploads\/cov_Munsky_2013-VA-300x298.jpg"},"large":{"file":"cov_Munsky_2013-VA-800x796.jpg","width":800,"height":796,"mime-type":"image\/jpeg","filesize":68812,"source_url":"https:\/\/poll-berlin.de\/galerie\/wp-content\/uploads\/cov_Munsky_2013-VA-800x796.jpg"},"thumbnail":{"file":"cov_Munsky_2013-VA-150x150.jpg","width":150,"height":150,"mime-type":"image\/jpeg","filesize":6165,"source_url":"https:\/\/poll-berlin.de\/galerie\/wp-content\/uploads\/cov_Munsky_2013-VA-150x150.jpg"},"medium_large":{"file":"cov_Munsky_2013-VA-768x764.jpg","width":768,"height":764,"mime-type":"image\/jpeg","filesize":64385,"source_url":"https:\/\/poll-berlin.de\/galerie\/wp-content\/uploads\/cov_Munsky_2013-VA-768x764.jpg"}}},"alt_text":"","url":"","target":""}]]}},"_links":{"self":[{"href":"https:\/\/poll-berlin.de\/galerie\/wp-json\/wp\/v2\/pages\/32826","targetHints":{"allow":["GET"]}}],"collection":[{"href":"https:\/\/poll-berlin.de\/galerie\/wp-json\/wp\/v2\/pages"}],"about":[{"href":"https:\/\/poll-berlin.de\/galerie\/wp-json\/wp\/v2\/types\/page"}],"author":[{"embeddable":true,"href":"https:\/\/poll-berlin.de\/galerie\/wp-json\/wp\/v2\/users\/2"}],"replies":[{"embeddable":true,"href":"https:\/\/poll-berlin.de\/galerie\/wp-json\/wp\/v2\/comments?post=32826"}],"version-history":[{"count":5,"href":"https:\/\/poll-berlin.de\/galerie\/wp-json\/wp\/v2\/pages\/32826\/revisions"}],"predecessor-version":[{"id":38913,"href":"https:\/\/poll-berlin.de\/galerie\/wp-json\/wp\/v2\/pages\/32826\/revisions\/38913"}],"up":[{"embeddable":true,"href":"https:\/\/poll-berlin.de\/galerie\/wp-json\/wp\/v2\/pages\/1145"}],"wp:featuredmedia":[{"embeddable":true,"href":"https:\/\/poll-berlin.de\/galerie\/wp-json\/wp\/v2\/media\/32828"}],"wp:attachment":[{"href":"https:\/\/poll-berlin.de\/galerie\/wp-json\/wp\/v2\/media?parent=32826"}],"curies":[{"name":"wp","href":"https:\/\/api.w.org\/{rel}","templated":true}]}}