{"id":32525,"date":"2023-06-27T13:18:54","date_gmt":"2023-06-27T11:18:54","guid":{"rendered":"https:\/\/poll-berlin.de\/galerie\/?page_id=32525"},"modified":"2024-10-02T18:06:42","modified_gmt":"2024-10-02T16:06:42","slug":"katalog-3-grzimek-w","status":"publish","type":"page","link":"https:\/\/poll-berlin.de\/galerie\/kuenstler-der-galerie\/waldemar-grzimek\/kataloge\/katalog-3-grzimek-w\/","title":{"rendered":"Katalog 3 &#8211; Grzimek, W."},"content":{"rendered":"\n<p><strong>Ein Platz f\u00fcr Plastik<\/strong><br>Gerhard-Marcks-Stiftung (Hrsg.), Texte von J\u00fcrgen Fitschen und Arie Hartog, Katalog anl\u00e4sslich der Ausstellung \u201eEin Platz f\u00fcr Plastik &#8211; Der Nachlass von Waldemar Grzimek im Gerhard-Marcks-Haus\u201c im Gerhard-Marcks-Haus, Bremen (5.3.-5.6.2006), Bremen 2006, 23 x 17 cm, 71 Seiten, 122 S\/W-Abbildungen, Hardcover, Pappeinband mit Schutzumschlag, ISBN 3-924412-52-9<br>18 Euro<\/p>\n","protected":false},"excerpt":{"rendered":"<p>Ein Platz f\u00fcr PlastikGerhard-Marcks-Stiftung (Hrsg.), Texte von J\u00fcrgen Fitschen und Arie Hartog, Katalog anl\u00e4sslich der Ausstellung \u201eEin Platz f\u00fcr Plastik &#8211; Der Nachlass von Waldemar Grzimek im Gerhard-Marcks-Haus\u201c im Gerhard-Marcks-Haus, Bremen (5.3.-5.6.2006), Bremen 2006, 23 x 17 cm, 71 Seiten, 122 S\/W-Abbildungen, Hardcover, Pappeinband mit Schutzumschlag, ISBN 3-924412-52-918 Euro<\/p>\n","protected":false},"author":2,"featured_media":32522,"parent":1097,"menu_order":2,"comment_status":"closed","ping_status":"closed","template":"kuenstler-katalog.php","meta":{"_acf_changed":false,"footnotes":""},"class_list":["post-32525","page","type-page","status-publish","has-post-thumbnail","hentry"],"acf":{"photo_gallery":{"bilder":[[]]}},"_links":{"self":[{"href":"https:\/\/poll-berlin.de\/galerie\/wp-json\/wp\/v2\/pages\/32525","targetHints":{"allow":["GET"]}}],"collection":[{"href":"https:\/\/poll-berlin.de\/galerie\/wp-json\/wp\/v2\/pages"}],"about":[{"href":"https:\/\/poll-berlin.de\/galerie\/wp-json\/wp\/v2\/types\/page"}],"author":[{"embeddable":true,"href":"https:\/\/poll-berlin.de\/galerie\/wp-json\/wp\/v2\/users\/2"}],"replies":[{"embeddable":true,"href":"https:\/\/poll-berlin.de\/galerie\/wp-json\/wp\/v2\/comments?post=32525"}],"version-history":[{"count":5,"href":"https:\/\/poll-berlin.de\/galerie\/wp-json\/wp\/v2\/pages\/32525\/revisions"}],"predecessor-version":[{"id":38801,"href":"https:\/\/poll-berlin.de\/galerie\/wp-json\/wp\/v2\/pages\/32525\/revisions\/38801"}],"up":[{"embeddable":true,"href":"https:\/\/poll-berlin.de\/galerie\/wp-json\/wp\/v2\/pages\/1097"}],"wp:featuredmedia":[{"embeddable":true,"href":"https:\/\/poll-berlin.de\/galerie\/wp-json\/wp\/v2\/media\/32522"}],"wp:attachment":[{"href":"https:\/\/poll-berlin.de\/galerie\/wp-json\/wp\/v2\/media?parent=32525"}],"curies":[{"name":"wp","href":"https:\/\/api.w.org\/{rel}","templated":true}]}}