{"id":32430,"date":"2023-06-21T17:35:39","date_gmt":"2023-06-21T15:35:39","guid":{"rendered":"https:\/\/poll-berlin.de\/galerie\/?page_id=32430"},"modified":"2024-10-02T17:53:26","modified_gmt":"2024-10-02T15:53:26","slug":"catalogue-4-gnaudschun","status":"publish","type":"page","link":"https:\/\/poll-berlin.de\/galerie\/en\/gallery-artists\/goeran-gnaudschun\/catalogues\/catalogue-4-gnaudschun\/","title":{"rendered":"Catalogue 4 &#8211; Gnaudschun"},"content":{"rendered":"\n<p><strong>G\u00f6ran Gnaudschun <strong>\u2013<\/strong> I follow rivers<\/strong><br>Texts by G\u00f6ran Gnaudschun, publish&amp;print Verlag, Dresden 2020, 17.5 x 24.5 cm, 84 pages, 60 illustrations, edition of 200, signed, numbered, hardcover, thread-stitching, ISBN 978-3-946339-30-4<br>28 euros<\/p>\n\n\n<a id=\"mailinger\" href=\"mailto:galerie@poll-berlin.de?subject=Bestellung Catalogue 4 &#8211; Gnaudschun&amp;body=I hereby bindingly order the catalogue \u201cG\u00f6ran Gnaudschun &#8211; I follow rivers\u201d at a price of 28 euros (plus shipping). Please provide me with the relevant bank details.%0D%0AMeine Adresse lautet:%0D%0A%0D%0AInstitution:%0D%0AVorname, Name:%0D%0AStra\u00dfe, Haus-Nr.:%0D%0APLZ, Stadt:%0D%0ALand:\" title=\"Bestellung\">Bestellung<\/a>\n\n\n\n<p><strong>Special edition<\/strong><br>with the in the book not printed motif \u201cElisabethh\u00f6he\u201d, 2020, pigment print on baryta paper, 22.6 x 16 cm, edition of 20, signed, numbered<br>180 euros<\/p>\n\n\n<a id=\"mailinger\" href=\"mailto:galerie@poll-berlin.de?subject=Bestellung Catalogue 4 &#8211; Gnaudschun&amp;body=I hereby bindingly order the special edition of the catalogue \u201cG\u00f6ran Gnaudschun &#8211; I follow rivers\u201d at a price of 180 euros (plus shipping). Please provide me with the relevant bank details.%0D%0AMeine Adresse lautet:%0D%0A%0D%0AInstitution:%0D%0AVorname, Name:%0D%0AStra\u00dfe, Haus-Nr.:%0D%0APLZ, Stadt:%0D%0ALand:\" title=\"Bestellung\">Bestellung<\/a>\n","protected":false},"excerpt":{"rendered":"<p>G\u00f6ran Gnaudschun \u2013 I follow riversTexts by G\u00f6ran Gnaudschun, publish&amp;print Verlag, Dresden 2020, 17.5 x 24.5 cm, 84 pages, 60 illustrations, edition of 200, signed, numbered, hardcover, thread-stitching, ISBN 978-3-946339-30-428 euros Special editionwith the in the book not printed motif \u201cElisabethh\u00f6he\u201d, 2020, pigment print on baryta paper, 22.6 x 16 cm, edition of 20, signed, [&hellip;]<\/p>\n","protected":false},"author":2,"featured_media":33152,"parent":28075,"menu_order":3,"comment_status":"closed","ping_status":"closed","template":"kuenstler-katalog.php","meta":{"_acf_changed":false,"footnotes":""},"class_list":["post-32430","page","type-page","status-publish","has-post-thumbnail","hentry"],"acf":{"photo_gallery":{"bilder":[[{"id":32290,"title":"GG_Elisabeth\u00f6he_2020","caption":"G\u00f6ran Gnaudschun, Elisabethh\u00f6he, 2020, aus: I follow rivers, 2016-2020, Pigmentdruck auf Barytpapier, 40,3 x 26,7 cm","full_image_url":"https:\/\/poll-berlin.de\/galerie\/wp-content\/uploads\/GG_Elisabethoehe_2020.jpg","thumbnail_image_url":"https:\/\/poll-berlin.de\/galerie\/wp-content\/uploads\/GG_Elisabethoehe_2020-150x150.jpg","large_srcset":"https:\/\/poll-berlin.de\/galerie\/wp-content\/uploads\/GG_Elisabethoehe_2020-800x1200.jpg 800w, https:\/\/poll-berlin.de\/galerie\/wp-content\/uploads\/GG_Elisabethoehe_2020-200x300.jpg 200w, https:\/\/poll-berlin.de\/galerie\/wp-content\/uploads\/GG_Elisabethoehe_2020-768x1152.jpg 768w, https:\/\/poll-berlin.de\/galerie\/wp-content\/uploads\/GG_Elisabethoehe_2020.jpg 1000w","medium_srcset":"https:\/\/poll-berlin.de\/galerie\/wp-content\/uploads\/GG_Elisabethoehe_2020-200x300.jpg 200w, https:\/\/poll-berlin.de\/galerie\/wp-content\/uploads\/GG_Elisabethoehe_2020-800x1200.jpg 800w, https:\/\/poll-berlin.de\/galerie\/wp-content\/uploads\/GG_Elisabethoehe_2020-768x1152.jpg 768w, https:\/\/poll-berlin.de\/galerie\/wp-content\/uploads\/GG_Elisabethoehe_2020.jpg 1000w","media_details":{"width":1000,"height":1500,"sizes":{"medium":{"file":"GG_Elisabethoehe_2020-200x300.jpg","width":200,"height":300,"mime-type":"image\/jpeg","filesize":12825,"source_url":"https:\/\/poll-berlin.de\/galerie\/wp-content\/uploads\/GG_Elisabethoehe_2020-200x300.jpg"},"large":{"file":"GG_Elisabethoehe_2020-800x1200.jpg","width":800,"height":1200,"mime-type":"image\/jpeg","filesize":167699,"source_url":"https:\/\/poll-berlin.de\/galerie\/wp-content\/uploads\/GG_Elisabethoehe_2020-800x1200.jpg"},"thumbnail":{"file":"GG_Elisabethoehe_2020-150x150.jpg","width":150,"height":150,"mime-type":"image\/jpeg","filesize":6155,"source_url":"https:\/\/poll-berlin.de\/galerie\/wp-content\/uploads\/GG_Elisabethoehe_2020-150x150.jpg"},"medium_large":{"file":"GG_Elisabethoehe_2020-768x1152.jpg","width":768,"height":1152,"mime-type":"image\/jpeg","filesize":155814,"source_url":"https:\/\/poll-berlin.de\/galerie\/wp-content\/uploads\/GG_Elisabethoehe_2020-768x1152.jpg"}}},"alt_text":"","url":"","target":""}]]}},"_links":{"self":[{"href":"https:\/\/poll-berlin.de\/galerie\/wp-json\/wp\/v2\/pages\/32430","targetHints":{"allow":["GET"]}}],"collection":[{"href":"https:\/\/poll-berlin.de\/galerie\/wp-json\/wp\/v2\/pages"}],"about":[{"href":"https:\/\/poll-berlin.de\/galerie\/wp-json\/wp\/v2\/types\/page"}],"author":[{"embeddable":true,"href":"https:\/\/poll-berlin.de\/galerie\/wp-json\/wp\/v2\/users\/2"}],"replies":[{"embeddable":true,"href":"https:\/\/poll-berlin.de\/galerie\/wp-json\/wp\/v2\/comments?post=32430"}],"version-history":[{"count":2,"href":"https:\/\/poll-berlin.de\/galerie\/wp-json\/wp\/v2\/pages\/32430\/revisions"}],"predecessor-version":[{"id":38788,"href":"https:\/\/poll-berlin.de\/galerie\/wp-json\/wp\/v2\/pages\/32430\/revisions\/38788"}],"up":[{"embeddable":true,"href":"https:\/\/poll-berlin.de\/galerie\/wp-json\/wp\/v2\/pages\/28075"}],"wp:featuredmedia":[{"embeddable":true,"href":"https:\/\/poll-berlin.de\/galerie\/wp-json\/wp\/v2\/media\/33152"}],"wp:attachment":[{"href":"https:\/\/poll-berlin.de\/galerie\/wp-json\/wp\/v2\/media?parent=32430"}],"curies":[{"name":"wp","href":"https:\/\/api.w.org\/{rel}","templated":true}]}}