{"id":31882,"date":"2023-06-14T17:29:19","date_gmt":"2023-06-14T15:29:19","guid":{"rendered":"https:\/\/poll-berlin.de\/galerie\/?page_id=31882"},"modified":"2024-10-02T17:20:48","modified_gmt":"2024-10-02T15:20:48","slug":"katalog-3-beckmann","status":"publish","type":"page","link":"https:\/\/poll-berlin.de\/galerie\/kuenstler-der-galerie\/matthias-beckmann\/kataloge\/katalog-3-beckmann\/","title":{"rendered":"Katalog 3 &#8211; Beckmann"},"content":{"rendered":"\n<p><strong>Matthias Beckmann \u2013 Alte Titel, neue Bilder<\/strong><br>Kunstverein M\u00fcnsterland (Hrsg.), Gespr\u00e4ch Jutta Meyers zu Riemsloh mit Matthias Beckmann, Katalog anl\u00e4sslich der Ausstellung \u201eMatthias Beckmann &#8211; Unterwegs\u201c im Kunstverein M\u00fcnsterland (10.9.-29.10.2017), Berlin 2017, 21 x 14,8 cm, 64 Seiten, 50 Abbildungen, Hardcover mit Leseb\u00e4ndchen<br>15 Euro<\/p>\n\n\n<a id=\"mailinger\" href=\"mailto:galerie@poll-berlin.de?subject=Bestellung Katalog 3 &#8211; Beckmann&amp;body=Hiermit bestelle ich verbindlich den Katalog \u201eMatthias Beckmann \u2013 Alte Titel, neue Bilder\u201c zu einem Preis von 15 Euro (zzgl. Versand). Bitte teilen Sie mir die entsprechende Bankverbindung mit.%0D%0AMeine Adresse lautet:%0D%0A%0D%0AInstitution:%0D%0AVorname, Name:%0D%0AStra\u00dfe, Haus-Nr.:%0D%0APLZ, Stadt:%0D%0ALand:\" title=\"Bestellung\">Bestellung<\/a>\n","protected":false},"excerpt":{"rendered":"<p>Matthias Beckmann \u2013 Alte Titel, neue BilderKunstverein M\u00fcnsterland (Hrsg.), Gespr\u00e4ch Jutta Meyers zu Riemsloh mit Matthias Beckmann, Katalog anl\u00e4sslich der Ausstellung \u201eMatthias Beckmann &#8211; Unterwegs\u201c im Kunstverein M\u00fcnsterland (10.9.-29.10.2017), Berlin 2017, 21 x 14,8 cm, 64 Seiten, 50 Abbildungen, Hardcover mit Leseb\u00e4ndchen15 Euro<\/p>\n","protected":false},"author":2,"featured_media":31890,"parent":227,"menu_order":2,"comment_status":"closed","ping_status":"closed","template":"kuenstler-katalog.php","meta":{"_acf_changed":false,"footnotes":""},"class_list":["post-31882","page","type-page","status-publish","has-post-thumbnail","hentry"],"acf":{"photo_gallery":{"bilder":[[]]}},"_links":{"self":[{"href":"https:\/\/poll-berlin.de\/galerie\/wp-json\/wp\/v2\/pages\/31882","targetHints":{"allow":["GET"]}}],"collection":[{"href":"https:\/\/poll-berlin.de\/galerie\/wp-json\/wp\/v2\/pages"}],"about":[{"href":"https:\/\/poll-berlin.de\/galerie\/wp-json\/wp\/v2\/types\/page"}],"author":[{"embeddable":true,"href":"https:\/\/poll-berlin.de\/galerie\/wp-json\/wp\/v2\/users\/2"}],"replies":[{"embeddable":true,"href":"https:\/\/poll-berlin.de\/galerie\/wp-json\/wp\/v2\/comments?post=31882"}],"version-history":[{"count":9,"href":"https:\/\/poll-berlin.de\/galerie\/wp-json\/wp\/v2\/pages\/31882\/revisions"}],"predecessor-version":[{"id":38754,"href":"https:\/\/poll-berlin.de\/galerie\/wp-json\/wp\/v2\/pages\/31882\/revisions\/38754"}],"up":[{"embeddable":true,"href":"https:\/\/poll-berlin.de\/galerie\/wp-json\/wp\/v2\/pages\/227"}],"wp:featuredmedia":[{"embeddable":true,"href":"https:\/\/poll-berlin.de\/galerie\/wp-json\/wp\/v2\/media\/31890"}],"wp:attachment":[{"href":"https:\/\/poll-berlin.de\/galerie\/wp-json\/wp\/v2\/media?parent=31882"}],"curies":[{"name":"wp","href":"https:\/\/api.w.org\/{rel}","templated":true}]}}