{"id":30789,"date":"2023-04-20T12:34:12","date_gmt":"2023-04-20T10:34:12","guid":{"rendered":"https:\/\/poll-berlin.de\/galerie\/ausstellungen\/aktuell-2__trashed\/matthias-beckmann\/information\/"},"modified":"2023-06-20T01:45:46","modified_gmt":"2023-06-19T23:45:46","slug":"information","status":"publish","type":"page","link":"https:\/\/poll-berlin.de\/galerie\/ausstellungen\/archiv\/matthias-beckmann\/information\/","title":{"rendered":"Information"},"content":{"rendered":"\n<p>Mit \u201eBangalore Street Life\u201c zeigt die Galerie Poll in ihrer ersten Einzelausstellung von Matthias Beckmann Aquarelle, die im Herbst 2022 in der nach Mumbai und Delhi drittgr\u00f6\u00dften Stadt Indiens entstanden sind. Eingeladen im Rahmen der bangaloREsidency des Goethe-Instituts sah sich der K\u00fcnstler f\u00fcr zwei Monate mit dem Alltag einer Elf-Millionen-Metropole konfrontiert: \u201eMein erstes Aquarell in Bangalore entstand auf einem Friedhof unweit des Botanischen Gartens Lalbagh. Dorthin fl\u00fcchtete ich vor dem chaotischen Stra\u00dfenverkehr, vor Autorikschas, Motorrollern und Gehupe. \u00dcberall in der Stadt findet man sehr lethargische Hunde. Einer davon lag auf der Friedhofsmauer\u201c, beschreibt Matthias Beckmann seine ersten Eindr\u00fccke.<\/p>\n\n\n\n<p>Bekannt geworden ist der K\u00fcnstler mit linearen Bleistiftzeichnungen, wie sie regelm\u00e4\u00dfig auch in Gruppenausstellungen der Galerie zu sehen waren. Diesmal hatte Beckmann allerdings einen kleinen Reiseaquarellkasten im Gep\u00e4ck, dazu einen Pinsel mit eingebautem Wassertank, einen Malhocker und Aquarellbl\u00f6cke. Das erwies sich als ideale Ausr\u00fcstung f\u00fcr die Entdeckungsreise in eine f\u00fcr ihn fremde und farbflirrende Welt. Der K\u00fcnstler als aufmerksamer Beobachter konnte sich unbeschwert auf den Rhythmus des Metropolenlebens einlassen. F\u00fcr seine Erkundungen ist Beckmann vor allem durch den Stadtteil Shanthinagar gewandert, in dem Arme, Mittelschicht und Reiche, Einheimische und Migranten Seite an Seite leben.<\/p>\n\n\n\n<p>Am Ende der zweimonatigen Reise waren es insgesamt 117 Aquarellzeichnungen im Format 30 x 24 cm, einige mit dem Bleistift gezeichnet und dann mit Aquarellfarbe koloriert, einige direkt mit dem Pinsel getuscht und einige in Sepiafarben laviert. Beckmann hat auf Friedh\u00f6fen und im Botanischen Garten gezeichnet, das bunte Treiben auf dem Fleisch- und Blumenmarkt festgehalten und das Leben auf der Stra\u00dfe mit Motorrollern, H\u00fchnern, Ziegen und auch K\u00fchen beobachtet. Prunkvolle Grabm\u00e4ler, Tempel und eine Moschee geh\u00f6ren ebenso zu den Motiven wie Totenplakate, ein am Stra\u00dfenrand abgestellter Holzkarren oder die \u201eRangoli\u201c genannten Muster, die Frauen am fr\u00fchen Morgen mit wei\u00dfem Pulver vor den Hauseing\u00e4ngen streuen. Mit seinem unaufgeregten Blick f\u00fcr das Detail bringt Matthias Beckmann mehr als nur einen Hauch der lebendigen Atmosph\u00e4re von Bangalore nach Berlin.<\/p>\n\n\n\n<p>&#8222;In diesem Prozess des dokumentarischen Zeichnens von Gegenst\u00e4nden, Stra\u00dfenleben und Architektur, das so alt wie neu ist, hat er sich entschieden, \u00fcber den kolonialen Blick hinaus zu gehen, der Postkartenansichten produziert und auf das Offensichtliche ausgerichtet ist. Seine grafische F\u00e4higkeit zielt nicht auf einen Hyperrealismus wie bei der fotografischen Dokumentation, sondern auf die sorgf\u00e4ltige Erfassung von Details, um die Essenz und die Aura eines Ortes einzufangen, und sein neugieriger Blick weicht dem zuf\u00e4lligen Ausschnitt des Lebens nicht aus, der an uns vor\u00fcberzieht, ehe wir ihn bemerkt haben.&#8220; (Suresh Jayaram, Leiter des K\u00fcnstlerhauses 1 Shanthiroad in Bangalore)<strong><\/strong><\/p>\n\n\n\n<p><strong>Matthias Beckmann,<\/strong> 1965 geboren in Arnsberg, studierte an der Kunstakademie D\u00fcsseldorf bei Prof. Franz Eggenschwiler und an der Staatlichen Akademie der Bildenden K\u00fcnste Stuttgart bei Prof. Rudolf Schoofs. Seit 1995 ist er Mitglied der K\u00fcnstlergruppe \u201eDie Weissenhofer\u201c. Die Zeichnung bildet den Schwerpunkt der Arbeit des in Berlin lebenden K\u00fcnstlers. Dabei ist die einzelne Zeichnung zumeist Teil einer umfangreichen Serie, die sich mit einem Ort oder Themenkomplex besch\u00e4ftigt. Mehrfach hat Matthias Beckmann B\u00fccher illustriert. Er arbeitet auch an Animationsfilmen. Der K\u00fcnstler erhielt zahlreiche Stipendien und Preise. Seine Arbeiten befinden sich in vielen \u00f6ffentlichen Sammlungen, u. a. in der Berlinischen Galerie, der Kunstsammlung des Deutschen Bundestages und der Hamburger Kunsthalle. Matthias Beckmann hat an verschiedenen Hochschulen unterrichtet. Im Sommersemester 2023 hat er einen Lehrauftrag an der Wei\u00dfensee Kunsthochschule Berlin.<\/p>\n","protected":false},"excerpt":{"rendered":"<p>Mit \u201eBangalore Street Life\u201c zeigt die Galerie Poll in ihrer ersten Einzelausstellung von Matthias Beckmann Aquarelle, die im Herbst 2022 in der nach Mumbai und Delhi drittgr\u00f6\u00dften Stadt Indiens entstanden sind. Eingeladen im Rahmen der bangaloREsidency des Goethe-Instituts sah sich der K\u00fcnstler f\u00fcr zwei Monate mit dem Alltag einer Elf-Millionen-Metropole konfrontiert: \u201eMein erstes Aquarell in [&hellip;]<\/p>\n","protected":false},"author":1,"featured_media":0,"parent":30786,"menu_order":0,"comment_status":"closed","ping_status":"closed","template":"ausstellen-text.php","meta":{"_acf_changed":false,"footnotes":""},"class_list":["post-30789","page","type-page","status-publish","hentry"],"acf":[],"_links":{"self":[{"href":"https:\/\/poll-berlin.de\/galerie\/wp-json\/wp\/v2\/pages\/30789","targetHints":{"allow":["GET"]}}],"collection":[{"href":"https:\/\/poll-berlin.de\/galerie\/wp-json\/wp\/v2\/pages"}],"about":[{"href":"https:\/\/poll-berlin.de\/galerie\/wp-json\/wp\/v2\/types\/page"}],"author":[{"embeddable":true,"href":"https:\/\/poll-berlin.de\/galerie\/wp-json\/wp\/v2\/users\/1"}],"replies":[{"embeddable":true,"href":"https:\/\/poll-berlin.de\/galerie\/wp-json\/wp\/v2\/comments?post=30789"}],"version-history":[{"count":4,"href":"https:\/\/poll-berlin.de\/galerie\/wp-json\/wp\/v2\/pages\/30789\/revisions"}],"predecessor-version":[{"id":31629,"href":"https:\/\/poll-berlin.de\/galerie\/wp-json\/wp\/v2\/pages\/30789\/revisions\/31629"}],"up":[{"embeddable":true,"href":"https:\/\/poll-berlin.de\/galerie\/wp-json\/wp\/v2\/pages\/30786"}],"wp:attachment":[{"href":"https:\/\/poll-berlin.de\/galerie\/wp-json\/wp\/v2\/media?parent=30789"}],"curies":[{"name":"wp","href":"https:\/\/api.w.org\/{rel}","templated":true}]}}