{"id":29931,"date":"2023-02-27T13:56:36","date_gmt":"2023-02-27T12:56:36","guid":{"rendered":"https:\/\/poll-berlin.de\/galerie\/ausstellungen\/vorschau\/information\/"},"modified":"2023-04-25T00:11:37","modified_gmt":"2023-04-24T22:11:37","slug":"information","status":"publish","type":"page","link":"https:\/\/poll-berlin.de\/galerie\/ausstellungen\/archiv\/markus-draper\/information\/","title":{"rendered":"Information"},"content":{"rendered":"\n<p>In seiner zweiten Einzelausstellung \u201eWow!\u201c in der Galerie Poll stellt Markus Draper erstmals in Deutschland seine Arbeiten zu den Ticker Tape-Paraden vor.<\/p>\n\n\n\n<p>Im Konfettiregen f\u00fcr die Heimkehrer des Golfkrieges zeigt das Aufmacherfoto der <em>Daily News<\/em> vom 11. Juni 1991 General Schwarzkopf, \u00fcber ihm prangt der Titel der Ausstellung als Schlagzeile. Bei der \u201eDesert Storm Parade\u201c rei\u00dft der Oberkommandierende im Freudentaumel seinen linken Arm in die H\u00f6he, Klopapierrollen und Papierfetzen fliegen durch die Luft. Die Parade, mit der die USA ihren Sieg im ersten Golfkrieg feierten, steht in einer Tradition, die bis ins Jahr 1886 zur\u00fcckreicht.<\/p>\n\n\n\n<p>Als die Freiheitsstatue am 28. Oktober 1886 eingeweiht wurde, f\u00fchrte der Festumzug an der New Yorker B\u00f6rse in der Wallstreet entlang. Die B\u00f6rsenh\u00e4ndler warfen b\u00fcndelweise Papierstreifen der kurz zuvor erfundenen Nachrichtenticker aus dem Fenster, um ihrer Freude Ausdruck zu verleihen. Seit der globalen Finanzkrise infolge der Pleite der Lehman Brothers 2008 gelten die aus B\u00fcrot\u00fcrmen hinabgeworfenen Papiere aber auch als Indiz bedrohlicher Instabilit\u00e4t.<\/p>\n\n\n\n<p>Dieser Spannungsbogen von ekstatischer Freude bis zu abruptem Zusammenbruch ist f\u00fcr Markus Draper Beweggrund, sich mit der oszillierenden Symbolik der Ticker Tape Paraden zu besch\u00e4ftigen. Erstmals w\u00e4hlte er 2012 in seinem Gem\u00e4lde \u201eMilliarden\u201c aus dem Fenster geworfene Papierstreifen als Bildmotiv. F\u00fcr das Video \u201eSeconds of Fame\u201c drehte Draper 2014 Youtube-Ausschnitte von Ticker Tape Paraden in einem von ihm gebauten Modell nach. Im Unterschied zu den Vorlagen sind die H\u00e4user und Stra\u00dfen in seinem Film menschenleer.<\/p>\n\n\n\n<p>Charakteristisch ist die starke Vergr\u00f6\u00dferung, ein \u201eblow up\u201c bis an den Rand der Abstraktion und das Zerlegen der massenmedialen \u201eBildvorlagen\u201c in mehrere Farbschichten. In pr\u00e4ziser Malerei mit dem Pinsel \u00fcbertr\u00e4gt der K\u00fcnstler die verschiedenen Schichten auf die Leinwand oder l\u00e4sst die durch die Luft wirbelnden Papierschnipsel \u2013 in verschiedenen Farben als Siebdruck \u00fcber die Fotografien gelegt \u2013 zu einem bedrohlichen Sturm anschwellen (\u201eThe Storm\u201c, 2019).<\/p>\n\n\n\n<p>Die 2022 entstandenen Fotoarbeiten \u201eHeroes\u201c spiegeln mit ihrem extremen Hochformat die Stra\u00dfenschluchten zwischen New Yorks Wolkenkratzern und beziehen sich im Titel auf den Canyon of Heroes. So hei\u00dft die durch den Financial District in Lower Manhattan f\u00fchrende Route der Siegesparaden, an deren Rand mehr als 200 in den Gehsteig eingelassene Granitstreifen an die Namen der geehrten Personen der vergangenen Ticker Tape-Paraden erinnern.<\/p>\n\n\n\n<p>Bedeutende Ereignisse der j\u00fcngeren Geschichte aus bislang vernachl\u00e4ssigten Blickwinkeln zu betrachten, neu zu fokussieren und dadurch Ambivalenzen herauszuarbeiten, kennzeichnet die Arbeit von Markus Draper. Wie Gewissheiten zusammenst\u00fcrzen, wie diese Verunsicherung durch Bilder in den Medien ausgel\u00f6st wird, interessiert ihn dabei ebenso wie die Frage, ob Wahrheit nicht immer ein Konstrukt von Geschichte(n) bleibt.<\/p>\n\n\n\n<p><strong>Markus Draper,<\/strong> geboren 1969 und aufgewachsen in G\u00f6rlitz, studierte 1991 bis 2000 an der Hochschule f\u00fcr Bildende K\u00fcnste Dresden, am Central Saint Martins College, London und an der Columbia University, New York. 2000 schloss er sein Studium als Meistersch\u00fcler bei Professor Ralf Kerbach ab. Draper erhielt den Marion-Ermer-Preis (2001) und den Vattenfall Kunstpreis Energie (2006) sowie zahlreiche Stipendien. Seine Arbeiten wurden in Einzelausstellungen in den Staatlichen Kunstsammlungen Dresden (2007), der Berlinischen Galerie (2014) und im Kulturhistorischen Museum G\u00f6rlitz (2015), im K\u00fcnstlerhaus Bethanien Berlin (2023) sowie in institutionellen Gruppenausstellungen weltweit gezeigt.&nbsp; Werke des K\u00fcnstlers befinden sich u. a. in der Sammlung zeitgen\u00f6ssischer Kunst der Bundesrepublik Deutschland, im Museum Folkwang in Essen, den Staatlichen Kunstsammlungen Dresden und in der Berlinischen Galerie. Markus Draper lebt und arbeitet in Berlin.<\/p>\n","protected":false},"excerpt":{"rendered":"<p>In seiner zweiten Einzelausstellung \u201eWow!\u201c in der Galerie Poll stellt Markus Draper erstmals in Deutschland seine Arbeiten zu den Ticker Tape-Paraden vor. Im Konfettiregen f\u00fcr die Heimkehrer des Golfkrieges zeigt das Aufmacherfoto der Daily News vom 11. Juni 1991 General Schwarzkopf, \u00fcber ihm prangt der Titel der Ausstellung als Schlagzeile. Bei der \u201eDesert Storm Parade\u201c [&hellip;]<\/p>\n","protected":false},"author":1,"featured_media":0,"parent":29929,"menu_order":0,"comment_status":"closed","ping_status":"closed","template":"ausstellen-text.php","meta":{"_acf_changed":false,"footnotes":""},"class_list":["post-29931","page","type-page","status-publish","hentry"],"acf":[],"_links":{"self":[{"href":"https:\/\/poll-berlin.de\/galerie\/wp-json\/wp\/v2\/pages\/29931","targetHints":{"allow":["GET"]}}],"collection":[{"href":"https:\/\/poll-berlin.de\/galerie\/wp-json\/wp\/v2\/pages"}],"about":[{"href":"https:\/\/poll-berlin.de\/galerie\/wp-json\/wp\/v2\/types\/page"}],"author":[{"embeddable":true,"href":"https:\/\/poll-berlin.de\/galerie\/wp-json\/wp\/v2\/users\/1"}],"replies":[{"embeddable":true,"href":"https:\/\/poll-berlin.de\/galerie\/wp-json\/wp\/v2\/comments?post=29931"}],"version-history":[{"count":3,"href":"https:\/\/poll-berlin.de\/galerie\/wp-json\/wp\/v2\/pages\/29931\/revisions"}],"predecessor-version":[{"id":30938,"href":"https:\/\/poll-berlin.de\/galerie\/wp-json\/wp\/v2\/pages\/29931\/revisions\/30938"}],"up":[{"embeddable":true,"href":"https:\/\/poll-berlin.de\/galerie\/wp-json\/wp\/v2\/pages\/29929"}],"wp:attachment":[{"href":"https:\/\/poll-berlin.de\/galerie\/wp-json\/wp\/v2\/media?parent=29931"}],"curies":[{"name":"wp","href":"https:\/\/api.w.org\/{rel}","templated":true}]}}