{"id":29527,"date":"2023-01-21T16:39:52","date_gmt":"2023-01-21T15:39:52","guid":{"rendered":"https:\/\/poll-berlin.de\/galerie\/ausstellungen\/archiv\/sabina-grzimecks-welt9-maerz-20-april-2019\/information\/"},"modified":"2025-03-19T17:48:29","modified_gmt":"2025-03-19T16:48:29","slug":"information","status":"publish","type":"page","link":"https:\/\/poll-berlin.de\/galerie\/ausstellungen\/archiv\/sabina-grzimecks-welt9-maerz-20-april-2019\/information\/","title":{"rendered":"Information"},"content":{"rendered":"\n<p>Unter dem Titel \u201eSabina Grzimeks Welt. Menschen \u2013 Tiere \u2013 Landschaften\u201c stellt die Galerie Poll in ihrer achten Einzelausstellung Arbeiten aus verschiedenen Schaffensphasen der 1942 in Rom geborenen und im Berlin der Nachkriegsjahre aufgewachsenen Bildhauerin, Malerin und Zeichnerin vor.<\/p>\n\n\n\n<p>\u201eEs geht mir nicht um Sch\u00f6nheit, ich gehe von der Wahrheit aus, vom Begreifen\u201c, lautet seit vielen Jahren ein Leitsatz von Sabina Grzimek f\u00fcr ihre Arbeiten, f\u00fcr die sie die Themen vor allem in ihrem pers\u00f6nlichen Umfeld und Erleben findet. Hierbei m\u00f6chte sie nicht nur \u00c4u\u00dferlichkeiten abbilden. Ihre Motivation liegt vielmehr in der Auseinandersetzung mit dem Verborgenen, das nicht unmittelbar greifbar ist. Die zugleich ausdrucksstarke wie sensible Formensprache der K\u00fcnstlerin steht in der Tradition von Bildhauern wie Wilhelm Lehmbruck, Marino Marini bis hin zu Alberto Giacometti und Germaine Richier und deren existentiellem Realismus.<\/p>\n\n\n\n<p>\u201eSchaut man auf ihre Arbeiten, so stellt sich immer wieder der Eindruck ein, als ob man einem sichtbar gewordenen \u201aDahinter\u2018 nachgehen k\u00f6nne. Denn ihre Werke erscheinen feingliedrig, gef\u00e4hrdet, immer etwas aufgeregt, suchend \u2013 wie Windst\u00f6\u00dfe, die pl\u00f6tzlich da sind, die in irgendetwas hineinwehen, um kurz darauf wieder der Stille den Platz zu \u00fcberlassen\u201c, so formuliert es der Kunsthistoriker Dr. Fritz Jacobi. Die Qualit\u00e4t von Grzimeks Werken resultiere aus der Behutsamtkeit ihrer Formungen und der Wahrhaftigkeit ihrer Anschauungen.<\/p>\n\n\n\n<p><strong>Sabina Grzimek <\/strong>schloss 1967 ihr Studium der Bildhauerei an der Kunsthochschule Berlin-Wei\u00dfensee ab und war von 1969-1972 Meistersch\u00fclerin an der Berliner Akademie der K\u00fcnste bei Fritz Cremer. \u00a0Ihre Werke befinden sich in namhaften Sammlungen und Museen, darunter die Nationalgalerie Berlin, die ihr 1992 eine Retrospektive im Alten Museum ausrichtete. Die aus diesem Anlass im Berliner Lustgarten aufgestellte Skulptur \u201eStehende und liegende Gruppe\u201c (1980-85) befindet sich heute auf dem L\u00fctzowplatz in Berlin-Tiergarten. Ferner stammen das Gerhart-Hauptmann-Denkmal vor dem Museum des Dramatikers und Schriftstellers in Erkner (1992), die Weinheimer Reiterin in der Fu\u00dfg\u00e4ngerzone von Weinheim (1996) und das Bildnis von Mildred Scheel im Heidelberger Centrum f\u00fcr Tumorerkrankungen (2010) von ihr. Ehrungen durch Preise wie u.a. den K\u00e4the-Kollwitz-Preis (1983) oder den Ehrenpreis des Ministerpr\u00e4sidenten des Landes Brandenburg f\u00fcr ein Lebenswerk (2011) zeugen von der Anerkennung des Werkes von Sabina Grzimek, die als freischaffende K\u00fcnstlerin in Berlin und Erkner lebt.<\/p>\n\n\n\n<p>Die Kunststiftung Poll hat mit Unterst\u00fctzung privater und \u00f6ffentlicher F\u00f6rderer 2012 damit begonnen, die Skulpturengruppe \u201eSieben Gesten des aufrechten Ganges\u201c (1996) von Sabina Grzimek auf dem Garnisonkirchplatz in Berlin-Mitte aufzustellen. Das Vorhaben wird am 14. M\u00e4rz 2019 mit der Aufstellung der Skulptur <em>Der Denker, <\/em>gef\u00f6rdert von der Senatsverwaltung f\u00fcr Kultur und Europa, fortgesetzt.<\/p>\n","protected":false},"excerpt":{"rendered":"<p>Unter dem Titel \u201eSabina Grzimeks Welt. Menschen \u2013 Tiere \u2013 Landschaften\u201c stellt die Galerie Poll in ihrer achten Einzelausstellung Arbeiten aus verschiedenen Schaffensphasen der 1942 in Rom geborenen und im Berlin der Nachkriegsjahre aufgewachsenen Bildhauerin, Malerin und Zeichnerin vor. \u201eEs geht mir nicht um Sch\u00f6nheit, ich gehe von der Wahrheit aus, vom Begreifen\u201c, lautet seit [&hellip;]<\/p>\n","protected":false},"author":1,"featured_media":0,"parent":29524,"menu_order":0,"comment_status":"closed","ping_status":"closed","template":"ausstellen-text.php","meta":{"_acf_changed":false,"footnotes":""},"class_list":["post-29527","page","type-page","status-publish","hentry"],"acf":[],"_links":{"self":[{"href":"https:\/\/poll-berlin.de\/galerie\/wp-json\/wp\/v2\/pages\/29527","targetHints":{"allow":["GET"]}}],"collection":[{"href":"https:\/\/poll-berlin.de\/galerie\/wp-json\/wp\/v2\/pages"}],"about":[{"href":"https:\/\/poll-berlin.de\/galerie\/wp-json\/wp\/v2\/types\/page"}],"author":[{"embeddable":true,"href":"https:\/\/poll-berlin.de\/galerie\/wp-json\/wp\/v2\/users\/1"}],"replies":[{"embeddable":true,"href":"https:\/\/poll-berlin.de\/galerie\/wp-json\/wp\/v2\/comments?post=29527"}],"version-history":[{"count":3,"href":"https:\/\/poll-berlin.de\/galerie\/wp-json\/wp\/v2\/pages\/29527\/revisions"}],"predecessor-version":[{"id":41878,"href":"https:\/\/poll-berlin.de\/galerie\/wp-json\/wp\/v2\/pages\/29527\/revisions\/41878"}],"up":[{"embeddable":true,"href":"https:\/\/poll-berlin.de\/galerie\/wp-json\/wp\/v2\/pages\/29524"}],"wp:attachment":[{"href":"https:\/\/poll-berlin.de\/galerie\/wp-json\/wp\/v2\/media?parent=29527"}],"curies":[{"name":"wp","href":"https:\/\/api.w.org\/{rel}","templated":true}]}}