{"id":29498,"date":"2019-04-26T14:44:27","date_gmt":"2019-04-26T12:44:27","guid":{"rendered":"https:\/\/poll-berlin.de\/galerie\/?page_id=29498"},"modified":"2025-03-19T16:07:38","modified_gmt":"2025-03-19T15:07:38","slug":"jenoe-gindl-neue-arbeiten26-april-8-juni-2019","status":"publish","type":"page","link":"https:\/\/poll-berlin.de\/galerie\/ausstellungen\/archiv\/jenoe-gindl-neue-arbeiten26-april-8-juni-2019\/","title":{"rendered":"Jen\u00f6 Gindl<br>26. April \u2013 8. Juni 2019"},"content":{"rendered":"\n<p><strong>Jen\u00f6 Gindl<\/strong><br><strong>Neue Arbeiten<\/strong><br>26. April \u2013 8. Juni 2019, Er\u00f6ffnung: 25. April, 18-21 Uhr<br>Einf\u00fchrung: Jochen L. St\u00f6ckmann (gegen 19 Uhr)<\/p>\n","protected":false},"excerpt":{"rendered":"<p>Jen\u00f6 GindlNeue Arbeiten26. April \u2013 8. Juni 2019, Er\u00f6ffnung: 25. April, 18-21 UhrEinf\u00fchrung: Jochen L. St\u00f6ckmann (gegen 19 Uhr)<\/p>\n","protected":false},"author":2,"featured_media":41846,"parent":440,"menu_order":42,"comment_status":"closed","ping_status":"closed","template":"ausstellen-austellung.php","meta":{"_acf_changed":false,"footnotes":""},"class_list":["post-29498","page","type-page","status-publish","has-post-thumbnail","hentry"],"acf":[],"_links":{"self":[{"href":"https:\/\/poll-berlin.de\/galerie\/wp-json\/wp\/v2\/pages\/29498","targetHints":{"allow":["GET"]}}],"collection":[{"href":"https:\/\/poll-berlin.de\/galerie\/wp-json\/wp\/v2\/pages"}],"about":[{"href":"https:\/\/poll-berlin.de\/galerie\/wp-json\/wp\/v2\/types\/page"}],"author":[{"embeddable":true,"href":"https:\/\/poll-berlin.de\/galerie\/wp-json\/wp\/v2\/users\/2"}],"replies":[{"embeddable":true,"href":"https:\/\/poll-berlin.de\/galerie\/wp-json\/wp\/v2\/comments?post=29498"}],"version-history":[{"count":4,"href":"https:\/\/poll-berlin.de\/galerie\/wp-json\/wp\/v2\/pages\/29498\/revisions"}],"predecessor-version":[{"id":41862,"href":"https:\/\/poll-berlin.de\/galerie\/wp-json\/wp\/v2\/pages\/29498\/revisions\/41862"}],"up":[{"embeddable":true,"href":"https:\/\/poll-berlin.de\/galerie\/wp-json\/wp\/v2\/pages\/440"}],"wp:featuredmedia":[{"embeddable":true,"href":"https:\/\/poll-berlin.de\/galerie\/wp-json\/wp\/v2\/media\/41846"}],"wp:attachment":[{"href":"https:\/\/poll-berlin.de\/galerie\/wp-json\/wp\/v2\/media?parent=29498"}],"curies":[{"name":"wp","href":"https:\/\/api.w.org\/{rel}","templated":true}]}}