{"id":29476,"date":"2019-06-14T13:31:17","date_gmt":"2019-06-14T11:31:17","guid":{"rendered":"https:\/\/poll-berlin.de\/galerie\/?page_id=29476"},"modified":"2025-03-19T14:57:06","modified_gmt":"2025-03-19T13:57:06","slug":"erinnern-traeumen-zeichnendanja-akulin-peer-boehm-ralf-kerbach-orlando-14-juni-3-august-2019","status":"publish","type":"page","link":"https:\/\/poll-berlin.de\/galerie\/ausstellungen\/archiv\/erinnern-traeumen-zeichnendanja-akulin-peer-boehm-ralf-kerbach-orlando-14-juni-3-august-2019\/","title":{"rendered":"Danja Akulin, Peer Boehm, Ralf Kerbach, ORLANDO<br>14. Juni \u2013 3. August 2019"},"content":{"rendered":"\n<p><strong>erinnern \u2013 tr\u00e4umen \u2013 zeichnen<br>Danja Akulin, Peer Boehm, Ralf Kerbach, ORLANDO<\/strong><br><strong>Zeichnungen und Radierungen<\/strong><br>14. Juni \u2013 3. August 2019, Er\u00f6ffnung: 13. Juni, 18-21 Uhr<br>Gespr\u00e4ch mit Jochen L. St\u00f6ckmann um 19 Uhr<\/p>\n","protected":false},"excerpt":{"rendered":"<p>erinnern \u2013 tr\u00e4umen \u2013 zeichnenDanja Akulin, Peer Boehm, Ralf Kerbach, ORLANDOZeichnungen und Radierungen14. Juni \u2013 3. August 2019, Er\u00f6ffnung: 13. Juni, 18-21 UhrGespr\u00e4ch mit Jochen L. St\u00f6ckmann um 19 Uhr<\/p>\n","protected":false},"author":2,"featured_media":34437,"parent":440,"menu_order":40,"comment_status":"closed","ping_status":"closed","template":"ausstellen-austellung.php","meta":{"_acf_changed":false,"footnotes":""},"class_list":["post-29476","page","type-page","status-publish","has-post-thumbnail","hentry"],"acf":[],"_links":{"self":[{"href":"https:\/\/poll-berlin.de\/galerie\/wp-json\/wp\/v2\/pages\/29476","targetHints":{"allow":["GET"]}}],"collection":[{"href":"https:\/\/poll-berlin.de\/galerie\/wp-json\/wp\/v2\/pages"}],"about":[{"href":"https:\/\/poll-berlin.de\/galerie\/wp-json\/wp\/v2\/types\/page"}],"author":[{"embeddable":true,"href":"https:\/\/poll-berlin.de\/galerie\/wp-json\/wp\/v2\/users\/2"}],"replies":[{"embeddable":true,"href":"https:\/\/poll-berlin.de\/galerie\/wp-json\/wp\/v2\/comments?post=29476"}],"version-history":[{"count":11,"href":"https:\/\/poll-berlin.de\/galerie\/wp-json\/wp\/v2\/pages\/29476\/revisions"}],"predecessor-version":[{"id":41817,"href":"https:\/\/poll-berlin.de\/galerie\/wp-json\/wp\/v2\/pages\/29476\/revisions\/41817"}],"up":[{"embeddable":true,"href":"https:\/\/poll-berlin.de\/galerie\/wp-json\/wp\/v2\/pages\/440"}],"wp:featuredmedia":[{"embeddable":true,"href":"https:\/\/poll-berlin.de\/galerie\/wp-json\/wp\/v2\/media\/34437"}],"wp:attachment":[{"href":"https:\/\/poll-berlin.de\/galerie\/wp-json\/wp\/v2\/media?parent=29476"}],"curies":[{"name":"wp","href":"https:\/\/api.w.org\/{rel}","templated":true}]}}