{"id":29388,"date":"2019-09-06T14:52:44","date_gmt":"2019-09-06T12:52:44","guid":{"rendered":"https:\/\/poll-berlin.de\/galerie\/?page_id=29388"},"modified":"2025-03-18T18:08:35","modified_gmt":"2025-03-18T17:08:35","slug":"are-you-happyfotografien-von-goeran-gnaudschun6-september-26-oktober-2019-im-schaulager-verlaengert-bis-1-februar-2020","status":"publish","type":"page","link":"https:\/\/poll-berlin.de\/galerie\/ausstellungen\/archiv\/are-you-happyfotografien-von-goeran-gnaudschun6-september-26-oktober-2019-im-schaulager-verlaengert-bis-1-februar-2020\/","title":{"rendered":"G\u00f6ran Gnaudschun<br>6. September \u2013 26. Oktober 2019"},"content":{"rendered":"\n<p><strong>Are You Happy?<br>Fotografien von G\u00f6ran Gnaudschun<\/strong><br>6. September \u2013 26. Oktober 2019, Er\u00f6ffnung: 5. September, 18-21 Uhr<br>Einf\u00fchrung: Bodo-Michael Baumunk (gegen 19 Uhr)<br>K\u00fcnstlergespr\u00e4ch mit Brigitte Werneburg: 10. Oktober, 19.30 Uhr<\/p>\n\n\n\n<p>im Schaulager verl\u00e4ngert bis 1. Februar 2020<\/p>\n","protected":false},"excerpt":{"rendered":"<p>Are You Happy?Fotografien von G\u00f6ran Gnaudschun6. September \u2013 26. Oktober 2019, Er\u00f6ffnung: 5. September, 18-21 UhrEinf\u00fchrung: Bodo-Michael Baumunk (gegen 19 Uhr)K\u00fcnstlergespr\u00e4ch mit Brigitte Werneburg: 10. Oktober, 19.30 Uhr im Schaulager verl\u00e4ngert bis 1. Februar 2020<\/p>\n","protected":false},"author":2,"featured_media":378,"parent":440,"menu_order":39,"comment_status":"closed","ping_status":"closed","template":"ausstellen-austellung.php","meta":{"_acf_changed":false,"footnotes":""},"class_list":["post-29388","page","type-page","status-publish","has-post-thumbnail","hentry"],"acf":[],"_links":{"self":[{"href":"https:\/\/poll-berlin.de\/galerie\/wp-json\/wp\/v2\/pages\/29388","targetHints":{"allow":["GET"]}}],"collection":[{"href":"https:\/\/poll-berlin.de\/galerie\/wp-json\/wp\/v2\/pages"}],"about":[{"href":"https:\/\/poll-berlin.de\/galerie\/wp-json\/wp\/v2\/types\/page"}],"author":[{"embeddable":true,"href":"https:\/\/poll-berlin.de\/galerie\/wp-json\/wp\/v2\/users\/2"}],"replies":[{"embeddable":true,"href":"https:\/\/poll-berlin.de\/galerie\/wp-json\/wp\/v2\/comments?post=29388"}],"version-history":[{"count":11,"href":"https:\/\/poll-berlin.de\/galerie\/wp-json\/wp\/v2\/pages\/29388\/revisions"}],"predecessor-version":[{"id":41689,"href":"https:\/\/poll-berlin.de\/galerie\/wp-json\/wp\/v2\/pages\/29388\/revisions\/41689"}],"up":[{"embeddable":true,"href":"https:\/\/poll-berlin.de\/galerie\/wp-json\/wp\/v2\/pages\/440"}],"wp:featuredmedia":[{"embeddable":true,"href":"https:\/\/poll-berlin.de\/galerie\/wp-json\/wp\/v2\/media\/378"}],"wp:attachment":[{"href":"https:\/\/poll-berlin.de\/galerie\/wp-json\/wp\/v2\/media?parent=29388"}],"curies":[{"name":"wp","href":"https:\/\/api.w.org\/{rel}","templated":true}]}}