{"id":29310,"date":"2023-03-23T18:04:01","date_gmt":"2023-03-23T17:04:01","guid":{"rendered":"https:\/\/poll-berlin.de\/galerie\/?page_id=29310"},"modified":"2025-02-18T13:17:07","modified_gmt":"2025-02-18T12:17:07","slug":"audio-video","status":"publish","type":"page","link":"https:\/\/poll-berlin.de\/galerie\/ausstellungen\/archiv\/frank-schinski\/audio-video\/","title":{"rendered":"Audio \/ Video"},"content":{"rendered":"\n<p>Zur Ausstellungser\u00f6ffnung f\u00fchrte Jochen L. St\u00f6ckmann ein K\u00fcnstlergespr\u00e4ch, das hier nachzuh\u00f6ren ist (dt., Dauer: 28 Min.):<\/p>\n\n\n\n<figure class=\"wp-block-image\"><a href=\"https:\/\/soundcloud.com\/jochen-stoeckmann\/aiming-high-fotografien-von-frank-schinski-in-der-galerie-poll-berlin\" target=\"_blank\" rel=\"noreferrer noopener\"><img loading=\"lazy\" decoding=\"async\" width=\"200\" height=\"23\" src=\"https:\/\/poll-berlin.de\/galerie\/wp-content\/uploads\/Soundcloud_Logo.gif\" alt=\"\" class=\"wp-image-2556\"\/><\/a><\/figure>\n\n\n\n<div style=\"height:10px\" aria-hidden=\"true\" class=\"wp-block-spacer\"><\/div>\n\n\n\n<figure class=\"wp-block-image size-large is-resized\"><img loading=\"lazy\" decoding=\"async\" width=\"800\" height=\"1000\" src=\"https:\/\/poll-berlin.de\/galerie\/wp-content\/uploads\/FS_Kuenstlergespraech-2_2023_web-800x1000.jpg\" alt=\"\" class=\"wp-image-40865\" style=\"height:400px\" srcset=\"https:\/\/poll-berlin.de\/galerie\/wp-content\/uploads\/FS_Kuenstlergespraech-2_2023_web-800x1000.jpg 800w, https:\/\/poll-berlin.de\/galerie\/wp-content\/uploads\/FS_Kuenstlergespraech-2_2023_web-240x300.jpg 240w, https:\/\/poll-berlin.de\/galerie\/wp-content\/uploads\/FS_Kuenstlergespraech-2_2023_web-768x960.jpg 768w, https:\/\/poll-berlin.de\/galerie\/wp-content\/uploads\/FS_Kuenstlergespraech-2_2023_web.jpg 1200w\" sizes=\"auto, (max-width: 800px) 100vw, 800px\" \/><\/figure>\n","protected":false},"excerpt":{"rendered":"<p>Zur Ausstellungser\u00f6ffnung f\u00fchrte Jochen L. St\u00f6ckmann ein K\u00fcnstlergespr\u00e4ch, das hier nachzuh\u00f6ren ist (dt., Dauer: 28 Min.):<\/p>\n","protected":false},"author":1,"featured_media":0,"parent":29304,"menu_order":3,"comment_status":"closed","ping_status":"closed","template":"ausstellen-text.php","meta":{"_acf_changed":false,"footnotes":""},"class_list":["post-29310","page","type-page","status-publish","hentry"],"acf":[],"_links":{"self":[{"href":"https:\/\/poll-berlin.de\/galerie\/wp-json\/wp\/v2\/pages\/29310","targetHints":{"allow":["GET"]}}],"collection":[{"href":"https:\/\/poll-berlin.de\/galerie\/wp-json\/wp\/v2\/pages"}],"about":[{"href":"https:\/\/poll-berlin.de\/galerie\/wp-json\/wp\/v2\/types\/page"}],"author":[{"embeddable":true,"href":"https:\/\/poll-berlin.de\/galerie\/wp-json\/wp\/v2\/users\/1"}],"replies":[{"embeddable":true,"href":"https:\/\/poll-berlin.de\/galerie\/wp-json\/wp\/v2\/comments?post=29310"}],"version-history":[{"count":11,"href":"https:\/\/poll-berlin.de\/galerie\/wp-json\/wp\/v2\/pages\/29310\/revisions"}],"predecessor-version":[{"id":41116,"href":"https:\/\/poll-berlin.de\/galerie\/wp-json\/wp\/v2\/pages\/29310\/revisions\/41116"}],"up":[{"embeddable":true,"href":"https:\/\/poll-berlin.de\/galerie\/wp-json\/wp\/v2\/pages\/29304"}],"wp:attachment":[{"href":"https:\/\/poll-berlin.de\/galerie\/wp-json\/wp\/v2\/media?parent=29310"}],"curies":[{"name":"wp","href":"https:\/\/api.w.org\/{rel}","templated":true}]}}