{"id":29306,"date":"2023-01-14T18:21:37","date_gmt":"2023-01-14T17:21:37","guid":{"rendered":"https:\/\/poll-berlin.de\/galerie\/ausstellungen\/vorschau\/frank-schinski\/information\/"},"modified":"2023-05-02T13:08:37","modified_gmt":"2023-05-02T11:08:37","slug":"information","status":"publish","type":"page","link":"https:\/\/poll-berlin.de\/galerie\/ausstellungen\/archiv\/frank-schinski\/information\/","title":{"rendered":"Information"},"content":{"rendered":"\n<p>Frank Schinski reflektiert in seinen Fotoarbeiten Themen, die in der aktuellen Berichterstattung kaum Beachtung finden, keine eing\u00e4ngige \u201eBotschaft\u201c haben und nicht f\u00fcr Schlagzeilen taugen. F\u00fcr die Portr\u00e4tierten dagegen haben die allt\u00e4glichen Situationen im Berufsleben ihre eigene Bedeutung, ebenso wie der Auftritt bei \u201egesellschaft\u00adlichen\u201c Ereignissen wie Jubilarfeiern oder der Verabschiedung am letzten Arbeitstag.<\/p>\n\n\n\n<p>Schon lange besch\u00e4ftigt den Fotografen die Frage, was Arbeit f\u00fcr den Menschen bedeutet. Den Mechanismen und Wechselwirkungen zwischen Arbeitswelt und Individuum kommt Schinski mit der Kamera auf die Spur. Seine Herangehensweise gleicht der eines Soziologen, der sich \u00fcber die schlichte Beobachtung hinaus selbst in eine Situation hineinbegibt und sie dadurch tiefer zu durchdringen versteht. Der Wissenschaftler pr\u00e4sentiert seine Ergebnisse mit Tabellen und Texten. Der Fotok\u00fcnstler fasst sie in Bildern \u2013 die dem Betrachter eigene Einblicke und Assoziationen gew\u00e4hren.<\/p>\n\n\n\n<p>F\u00fcr seine Serie \u201eAiming High\u201c fotografierte Frank Schinski seit 2017 Menschen auf Jobmessen, bei Bewerbungs\u00adgespr\u00e4\u00adchen, Castings oder in Assessment-Centern. Die Ausstellung in der Galerie Poll gibt einen Eindruck der Serie, die in ihrem vollen Umfang als Buch erscheinen wird.<\/p>\n\n\n\n<p>Charakteristisch f\u00fcr Schinskis Fotografien ist technische Perfektion und vor allem eine raffinierte Farb- und Lichtsetzung, mit der die Menschen wie auf einer B\u00fchne zu Hauptdarstellern ihrer selbst werden. Nichts ist gestellt, nichts inszeniert. Der Fotograf beobachtet und wartet ebenso geduldig wie gespannt auf den \u201eperfekten\u201c Moment. \u201eWenn ich durch den Sucher der Kamera schaue, dann bin ich so fokussiert wie selten in meinem Leben\u201c, hat Schinski in einem Gespr\u00e4ch verraten. F\u00fcr \u201eAiming High\u201c hat er Menschengruppen in Schlangen am Fahrstuhl oder f\u00fcr das Casting zurechtgemachte \u201eKonkurrentinnen\u201c im Wartebereich beobachtet. Die f\u00fcr Assessment-Center und Job-Messen aufgebauten Kabinen und Stellw\u00e4nde werden ebenso zum Teil der Bildkomposition wie die gediegene Architektur eines traditionellen Unternehmens mit respekteinfl\u00f6\u00dfenden gro\u00dfen Tischen und holzget\u00e4felten W\u00e4nden. Viele derart sprechende Details gibt es bei genauerem Hinsehen zu entdecken. Einige Motive variiert der Fotograf in Sequenzen, die Ver\u00e4nderungen von K\u00f6rperhaltung, Gestik und Mimik bis in kleinste Nuancen abbilden und R\u00fcckschl\u00fcsse auf Gef\u00fchle und Verhalten der beobachteten Personen zulassen.<\/p>\n\n\n\n<p>Frank Schinski hat f\u00fcr seine Serie verschiedene Formate gew\u00e4hlt, die er spielerisch und spannungsreich kombiniert, um ausgew\u00e4hlte Motive untereinander in Beziehung zu setzen. Die C-Prints sind im Diasec-Verfahren hinter Acrylglas montiert und gerahmt.<\/p>\n\n\n\n<p>Nach seiner Einzelausstellung \u201eIst doch so\u201c in der Kunststiftung Poll im Jahr 2016 hat Frank Schinski sich zunehmend der kulturellen Wahrnehmung von Fotografie gewidmet. Dar\u00fcber hat er sich mehr und mehr von einem reinen Dokumentar\u00adfotogra\u00adfen und Fotojournalisten zum k\u00fcnstlerisch arbeitenden Fotografen hin entwickelt. Mit seinen Bildern will er den Blick auf eine Realit\u00e4t lenken, die es immer wieder neu zu entdecken und zu verstehen gilt. Ihm selbst \u201eerkl\u00e4rt sich die Welt\u201c beim Fotografieren.<\/p>\n\n\n\n<p><strong>Frank Schinski,<\/strong> 1975 in Prenzlau geboren und in einem kleinen Dorf nahe der polnischen Grenze aufgewachsen, arbeitete nach einer Maurerlehre mehrere Jahre auf dem Bau, bevor er auf dem zweiten Bildungsweg das Abitur nachholte. Von 1999 bis 2006 studierte er Fotojournalismus und Dokumentarfotografie an der FH Hannover. Seither fotografiert er f\u00fcr internationale Magazine und Wirtschaftsunternehmen. Seit 2009 ist er Mitglied des Fotografen-Kollektivs OSTKREUZ \u2013 Agentur der Fotografen und an Gemeinschafts\u00adausstellun\u00adgen des Kollektivs beteiligt, zuletzt 2020\/21 an der Ausstellung \u201eKONTINENT \u2013 auf der Suche nach Europa\u201c in der Akademie der K\u00fcnste in Berlin. Frank Schinski lebt und arbeitet in Hannover.<\/p>\n\n\n\n<p><a href=\"https:\/\/www.photography-in.berlin\/#de\">Medienpartner:<\/a><\/p>\n\n\n\n<figure class=\"wp-block-image size-large is-resized\"><img loading=\"lazy\" decoding=\"async\" src=\"https:\/\/poll-berlin.de\/galerie\/wp-content\/uploads\/PiB_Logo_RGB_black_transparent_1200px-800x800.png\" alt=\"\" class=\"wp-image-29881\" width=\"100\" height=\"100\" srcset=\"https:\/\/poll-berlin.de\/galerie\/wp-content\/uploads\/PiB_Logo_RGB_black_transparent_1200px-800x800.png 800w, https:\/\/poll-berlin.de\/galerie\/wp-content\/uploads\/PiB_Logo_RGB_black_transparent_1200px-300x300.png 300w, https:\/\/poll-berlin.de\/galerie\/wp-content\/uploads\/PiB_Logo_RGB_black_transparent_1200px-150x150.png 150w, https:\/\/poll-berlin.de\/galerie\/wp-content\/uploads\/PiB_Logo_RGB_black_transparent_1200px-768x768.png 768w, https:\/\/poll-berlin.de\/galerie\/wp-content\/uploads\/PiB_Logo_RGB_black_transparent_1200px.png 1200w\" sizes=\"auto, (max-width: 100px) 100vw, 100px\" \/><\/figure>\n","protected":false},"excerpt":{"rendered":"<p>Frank Schinski reflektiert in seinen Fotoarbeiten Themen, die in der aktuellen Berichterstattung kaum Beachtung finden, keine eing\u00e4ngige \u201eBotschaft\u201c haben und nicht f\u00fcr Schlagzeilen taugen. F\u00fcr die Portr\u00e4tierten dagegen haben die allt\u00e4glichen Situationen im Berufsleben ihre eigene Bedeutung, ebenso wie der Auftritt bei \u201egesellschaft\u00adlichen\u201c Ereignissen wie Jubilarfeiern oder der Verabschiedung am letzten Arbeitstag. Schon lange besch\u00e4ftigt [&hellip;]<\/p>\n","protected":false},"author":1,"featured_media":0,"parent":29304,"menu_order":0,"comment_status":"closed","ping_status":"closed","template":"ausstellen-text.php","meta":{"_acf_changed":false,"footnotes":""},"class_list":["post-29306","page","type-page","status-publish","hentry"],"acf":[],"_links":{"self":[{"href":"https:\/\/poll-berlin.de\/galerie\/wp-json\/wp\/v2\/pages\/29306","targetHints":{"allow":["GET"]}}],"collection":[{"href":"https:\/\/poll-berlin.de\/galerie\/wp-json\/wp\/v2\/pages"}],"about":[{"href":"https:\/\/poll-berlin.de\/galerie\/wp-json\/wp\/v2\/types\/page"}],"author":[{"embeddable":true,"href":"https:\/\/poll-berlin.de\/galerie\/wp-json\/wp\/v2\/users\/1"}],"replies":[{"embeddable":true,"href":"https:\/\/poll-berlin.de\/galerie\/wp-json\/wp\/v2\/comments?post=29306"}],"version-history":[{"count":7,"href":"https:\/\/poll-berlin.de\/galerie\/wp-json\/wp\/v2\/pages\/29306\/revisions"}],"predecessor-version":[{"id":31108,"href":"https:\/\/poll-berlin.de\/galerie\/wp-json\/wp\/v2\/pages\/29306\/revisions\/31108"}],"up":[{"embeddable":true,"href":"https:\/\/poll-berlin.de\/galerie\/wp-json\/wp\/v2\/pages\/29304"}],"wp:attachment":[{"href":"https:\/\/poll-berlin.de\/galerie\/wp-json\/wp\/v2\/media?parent=29306"}],"curies":[{"name":"wp","href":"https:\/\/api.w.org\/{rel}","templated":true}]}}