{"id":28671,"date":"2022-04-29T18:10:00","date_gmt":"2022-04-29T16:10:00","guid":{"rendered":"https:\/\/poll-berlin.de\/galerie\/?page_id=28671"},"modified":"2025-04-01T16:41:52","modified_gmt":"2025-04-01T14:41:52","slug":"martina-altschaefer-matthias-beckmann-peer-boehm-orlando17-june-30-july-2022","status":"publish","type":"page","link":"https:\/\/poll-berlin.de\/galerie\/en\/exhibitions\/archive\/martina-altschaefer-matthias-beckmann-peer-boehm-orlando17-june-30-july-2022\/","title":{"rendered":"Martina Altsch\u00e4fer, Matthias Beckmann, Peer Boehm, ORLANDO<br>17 June &#8211; 30 July 2022"},"content":{"rendered":"\n<p><strong>Chercher la v\u00e9rit\u00e9<br>Martina Altsch\u00e4fer, Matthias Beckmann, Peer Boehm, ORLANDO<br>Drawings and Prints<\/strong><br>17 June \u2013 30 July 2022, Opening: 16 June, 6-9 p.m.<\/p>\n","protected":false},"excerpt":{"rendered":"<p>Chercher la v\u00e9rit\u00e9Martina Altsch\u00e4fer, Matthias Beckmann, Peer Boehm, ORLANDODrawings and Prints17 June \u2013 30 July 2022, Opening: 16 June, 6-9 p.m.<\/p>\n","protected":false},"author":2,"featured_media":28659,"parent":25032,"menu_order":22,"comment_status":"closed","ping_status":"closed","template":"ausstellen-austellung.php","meta":{"_acf_changed":false,"footnotes":""},"class_list":["post-28671","page","type-page","status-publish","has-post-thumbnail","hentry"],"acf":[],"_links":{"self":[{"href":"https:\/\/poll-berlin.de\/galerie\/wp-json\/wp\/v2\/pages\/28671","targetHints":{"allow":["GET"]}}],"collection":[{"href":"https:\/\/poll-berlin.de\/galerie\/wp-json\/wp\/v2\/pages"}],"about":[{"href":"https:\/\/poll-berlin.de\/galerie\/wp-json\/wp\/v2\/types\/page"}],"author":[{"embeddable":true,"href":"https:\/\/poll-berlin.de\/galerie\/wp-json\/wp\/v2\/users\/2"}],"replies":[{"embeddable":true,"href":"https:\/\/poll-berlin.de\/galerie\/wp-json\/wp\/v2\/comments?post=28671"}],"version-history":[{"count":6,"href":"https:\/\/poll-berlin.de\/galerie\/wp-json\/wp\/v2\/pages\/28671\/revisions"}],"predecessor-version":[{"id":41811,"href":"https:\/\/poll-berlin.de\/galerie\/wp-json\/wp\/v2\/pages\/28671\/revisions\/41811"}],"up":[{"embeddable":true,"href":"https:\/\/poll-berlin.de\/galerie\/wp-json\/wp\/v2\/pages\/25032"}],"wp:featuredmedia":[{"embeddable":true,"href":"https:\/\/poll-berlin.de\/galerie\/wp-json\/wp\/v2\/media\/28659"}],"wp:attachment":[{"href":"https:\/\/poll-berlin.de\/galerie\/wp-json\/wp\/v2\/media?parent=28671"}],"curies":[{"name":"wp","href":"https:\/\/api.w.org\/{rel}","templated":true}]}}