{"id":28504,"date":"2025-07-22T14:48:23","date_gmt":"2025-07-22T12:48:23","guid":{"rendered":"https:\/\/poll-berlin.de\/galerie\/?page_id=28504"},"modified":"2025-07-23T12:56:40","modified_gmt":"2025-07-23T10:56:40","slug":"works-in-collections","status":"publish","type":"page","link":"https:\/\/poll-berlin.de\/galerie\/en\/other-artists\/gundula-schulze-eldowy\/works-in-collections\/","title":{"rendered":"Works in collections"},"content":{"rendered":"\n<p><strong>Works in collections<\/strong><\/p>\n\n\n\n<p>Gabriele Koenig Collection, Aachen<br>Berlinische Galerie &#8211; Museum of Modern Art<br>Br\u00f6han Museum, Berlin<br>German Historical Museum, Berlin<br>Art Collection of the German Bundestag, Berlin<br>Museum of Prints and Drawings of the Berlin State Museums<br>M\u00e4rkisches Museum, Berlin<br>Erika und Rolf Hoffmann Collection, Berlin<br>House of the History of the Federal Republic of Germany, Bonn<br>Frac Nouvelle-Aquitaine, Bordeaux (France)<br>Harvard Art Museums, Boston<br>Mus\u00e9e Nic\u00e9phore-Ni\u00e9pce, Chalon-sur-Sa\u00f4ne (France)<br>Brandenburg Art Collections Cottbus<br>The Wende-Museum, Culver City (USA)<br>Kunstfonds of the Dresden State Art Collections<br>Angermuseum Erfurt<br>Museum Folkwang, Essen<br>Art Collection of the DZ BANK AG, Frankfurt am Main<br>Smith College Museum of Art, Massachusetts<br>Kunstmuseum Moritzburg, Halle-Saale<br>Erotic Art Museum, Hamburg<br>F.C. Gundlach Collection, Hamburg<br>Sprengel Museum Hanover<br>Higashikawa Foto Fiesta Collection, Hokkaido (Japan)<br>Museum of Fine Arts, Houston (USA)<br>Museum Ludwig, Cologne<br>Mus\u00e9e de l\u2019Elyss\u00e9e, Lausanne (Switzerland)<br>Los Angeles County Museum of Art, Los Angeles<br>Teutloff Collection, Dudelange (Luxembourg)<br>Photographic Collection &#8211; Kummerow Castle<br>Metropolitan Museum of Art, New York City<br>Museum of Modern Art, New York City<br>Biblioth\u00e8que nationale de France, Paris<br>Museum of Modern Art, San Francisco<br>Madeleine Millot-Durrenberger Collection, Strasbourg<br>IBM Deutschland GmbH, Stuttgart<br>Museum of Design, Zurich<\/p>\n","protected":false},"excerpt":{"rendered":"<p>Works in collections Gabriele Koenig Collection, AachenBerlinische Galerie &#8211; Museum of Modern ArtBr\u00f6han Museum, BerlinGerman Historical Museum, BerlinArt Collection of the German Bundestag, BerlinMuseum of Prints and Drawings of the Berlin State MuseumsM\u00e4rkisches Museum, BerlinErika und Rolf Hoffmann Collection, BerlinHouse of the History of the Federal Republic of Germany, BonnFrac Nouvelle-Aquitaine, Bordeaux (France)Harvard Art Museums, [&hellip;]<\/p>\n","protected":false},"author":1,"featured_media":0,"parent":28498,"menu_order":2,"comment_status":"closed","ping_status":"closed","template":"kuenstler-text.php","meta":{"_acf_changed":false,"footnotes":""},"class_list":["post-28504","page","type-page","status-publish","hentry"],"acf":[],"_links":{"self":[{"href":"https:\/\/poll-berlin.de\/galerie\/wp-json\/wp\/v2\/pages\/28504","targetHints":{"allow":["GET"]}}],"collection":[{"href":"https:\/\/poll-berlin.de\/galerie\/wp-json\/wp\/v2\/pages"}],"about":[{"href":"https:\/\/poll-berlin.de\/galerie\/wp-json\/wp\/v2\/types\/page"}],"author":[{"embeddable":true,"href":"https:\/\/poll-berlin.de\/galerie\/wp-json\/wp\/v2\/users\/1"}],"replies":[{"embeddable":true,"href":"https:\/\/poll-berlin.de\/galerie\/wp-json\/wp\/v2\/comments?post=28504"}],"version-history":[{"count":5,"href":"https:\/\/poll-berlin.de\/galerie\/wp-json\/wp\/v2\/pages\/28504\/revisions"}],"predecessor-version":[{"id":43640,"href":"https:\/\/poll-berlin.de\/galerie\/wp-json\/wp\/v2\/pages\/28504\/revisions\/43640"}],"up":[{"embeddable":true,"href":"https:\/\/poll-berlin.de\/galerie\/wp-json\/wp\/v2\/pages\/28498"}],"wp:attachment":[{"href":"https:\/\/poll-berlin.de\/galerie\/wp-json\/wp\/v2\/media?parent=28504"}],"curies":[{"name":"wp","href":"https:\/\/api.w.org\/{rel}","templated":true}]}}