{"id":28477,"date":"2023-12-20T15:34:54","date_gmt":"2023-12-20T14:34:54","guid":{"rendered":"https:\/\/poll-berlin.de\/galerie\/?page_id=28477"},"modified":"2025-07-29T17:51:19","modified_gmt":"2025-07-29T15:51:19","slug":"exhibitions","status":"publish","type":"page","link":"https:\/\/poll-berlin.de\/galerie\/en\/other-artists\/a-r-penck\/exhibitions\/","title":{"rendered":"Exhibitions"},"content":{"rendered":"\n<p><strong>Solo exhibitions (selection)<\/strong><\/p>\n\n\n\n<div style=\"height:10px\" aria-hidden=\"true\" class=\"wp-block-spacer\"><\/div>\n\n\n\n<figure class=\"wp-block-table\"><table><tbody><tr><td>2023<\/td><td>Neues Museum Nuremberg<\/td><\/tr><tr><td>2022<\/td><td>Museum Jorn, Silkeborg (Denmark)<br>White Cube, London<\/td><\/tr><tr><td>2021<\/td><td>Galerie Knoell, Basel<br>Museo d\u2019Arte, Mendrisio (Switzerland)<br>Michael Werner Gallery, London<\/td><\/tr><tr><td>2020<\/td><td>Kunstmuseum Den Haag, The Hague<\/td><\/tr><tr><td>2019<\/td><td>Albertinum of the Dresden State Art Collections<\/td><\/tr><tr><td>2018<\/td><td>Kunsthalle Erfurt<br>Galerie Michael Haas, Berlin<br>Michael Werner Gallery, London<\/td><\/tr><tr><td>2017<\/td><td>Fosun Foundation, Shanghai<\/td><\/tr><tr><td>2016<\/td><td>Michael Werner Gallery, New York City<\/td><\/tr><tr><td>2014<\/td><td>Dresden Municipal Gallery<br>Kunstkabinett, Regensburg<\/td><\/tr><tr><td>2012<\/td><td>Hall Art Foundation, Reading (USA)<\/td><\/tr><tr><td>2011<\/td><td>Kunstsammlungen Chemnitz<br>Bundeskunsthalle, Bonn<\/td><\/tr><tr><td>2010<\/td><td>Museum Ludwig, Cologne<br>Kunsthalle Rostock<\/td><\/tr><tr><td>2009<\/td><td>Weserburg Museum f\u00fcr moderne Kunst, Bremen<br>Michael Werner Gallery, New York City<\/td><\/tr><tr><td>2008<\/td><td>Dresden Municipal Gallery<br>Museum of Modern Art of the City of Paris<\/td><\/tr><tr><td>2007-2008<\/td><td>Schirn Kunsthalle Frankfurt<\/td><\/tr><tr><td>2007<\/td><td>Kunsthalle zu Kiel<br>Neues Museum Nuremberg<br>Aargau Art House (Switzerland)<\/td><\/tr><tr><td>2005<\/td><td>Ludwig Museum &#8211; Museum of Contemporary Art, Budapest<br>Deutsche Guggenheim, Berlin<br>Kunsthalle Emden<\/td><\/tr><tr><td>2004<\/td><td>Patrick Painter Inc., Santa Monica (USA)<\/td><\/tr><tr><td>2003<\/td><td>Museum K\u00fcppersm\u00fchle for Modern Art, Duisburg<br>Sonneberg Municipal Gallery<br>Kunsthalle T\u00fcbingen<\/td><\/tr><tr><td>1999-2000<\/td><td>Heilbronn Municipal Museums<br>Gerhard Marcks House, Bremen<br>Kunsthalle Recklinghausen<br>Deutsche Bank Luxembourg<br>Georg Kolbe Museum, Berlin<br>Sinclair House Museum, Bad Homburg<\/td><\/tr><tr><td>1996<\/td><td>Michael Werner Gallery, New York City<\/td><\/tr><tr><td>1992<\/td><td>Albertinum of the Dresden State Art Collections<\/td><\/tr><tr><td>1988<\/td><td>New National Gallery of the Berlin State Museums<br>Kestner Society, Hanover<\/td><\/tr><tr><td>1980<\/td><td>Gerhard Marcks House, Bremen<\/td><\/tr><tr><td>1975<\/td><td>Kunsthalle Bern<\/td><\/tr><tr><td>1968<\/td><td>Galerie Hake, Cologne<\/td><\/tr><\/tbody><\/table><\/figure>\n\n\n\n<div style=\"height:10px\" aria-hidden=\"true\" class=\"wp-block-spacer\"><\/div>\n\n\n\n<p><strong>Group exhibitions (selection)<\/strong><\/p>\n\n\n\n<div style=\"height:10px\" aria-hidden=\"true\" class=\"wp-block-spacer\"><\/div>\n\n\n\n<figure class=\"wp-block-table\"><table><tbody><tr><td>2023<\/td><td>Museum Jorn, Silkeborg (Denmark)<br>Pinakothek der Moderne, Munich<br>New Berlin Art Association (NBK)<br>New National Gallery  of the Berlin State Museums<\/td><\/tr><tr><td>2022<\/td><td>Ashmolean Museum, Oxford<\/td><\/tr><tr><td>2020<\/td><td>Galerie Jochen Hempel, Leipzig<\/td><\/tr><tr><td>2018<\/td><td>Ludwig Forum for International Art, Aachen<\/td><\/tr><tr><td>2017<\/td><td>Imperial Ancestral Temple, Beijing<br>CAFA Art Museum, Beijing<br>Albertinum of the Dresden State Art Collections<br>Museum of Prints and Drawings of the Berlin State Museums<br>Kunsthaus Dresden<\/td><\/tr><tr><td>2016<\/td><td>Martin-Gropius-Bau, Berlin<br>Arsen\u0101ls Exhibition Hall, Riga<br>Stedelijk Museum Amsterdam<br>ZKM | Center for Art and Media Karlsruhe<br>Bozar Centre for Fine Arts, Brussels<br>Puschkin-Museum, Moscow<\/td><\/tr><tr><td>2013<\/td><td>Galerie Winter, Wiesbaden<\/td><\/tr><tr><td>2011<\/td><td>Martin-Gropius-Bau, Berlin<br>National Museum of China, Beijing<\/td><\/tr><tr><td>2012<\/td><td>Neues Museum Weimar<br>D\u00fcsseldorf Art Academy<\/td><\/tr><tr><td>2010<\/td><td>Dresden Municipal Gallery<\/td><\/tr><tr><td>2009<\/td><td>Los Angeles County Museum of Art<br>Germanisches Nationalmuseum, Nuremberg<br>German Historical Museum, Berlin<\/td><\/tr><tr><td>2006<\/td><td>National Museum of Modern and Contemporary Art, Seoul<br>Lehmbruck Museum, Duisburg<br>Museum of Modern Art, New York City<br>Liner Museum, Appenzell (Switzerland)<br>Kassel Art Association<br>Leopold Museum, Vienna<\/td><\/tr><tr><td>2004<\/td><td>White Space Gallery, Beijing<br>St\u00e4del Museum, Frankfurt am Main<br>Museo Nacional de Bellas Artes, Santiago<br>Museo Nacional de Arte Decorativo, Buenos Aires<\/td><\/tr><tr><td>2003<\/td><td>Museu de Arte Moderna, S\u00e3o Paulo<br>Saint Louis Art Museum (USA)<br>Martin-Gropius-Bau, Berlin<br>Museum Dhondt-Dhaenens, Deurle (Belgium)<br>New National Gallery of the Berlin State Museums<\/td><\/tr><tr><td>1997<\/td><td>Fondation Maeght, Saint-Paul-de-Vence (France)<\/td><\/tr><tr><td>1994<\/td><td>Galerie Eva Poll, Berlin<\/td><\/tr><tr><td>1985<\/td><td>Royal Academy of Arts, London<\/td><\/tr><tr><td>1984<\/td><td>41st Venice Biennale<\/td><\/tr><tr><td>1982<\/td><td>documenta 7, Kassel<br>Martin-Gropius-Bau, Berlin<\/td><\/tr><tr><td>1979<\/td><td>Hamburg Art Association<\/td><\/tr><tr><td>1976<\/td><td>documenta 6, Kassel<\/td><\/tr><tr><td>1972<\/td><td>documenta 5, Kassel<\/td><\/tr><\/tbody><\/table><\/figure>\n","protected":false},"excerpt":{"rendered":"<p>Solo exhibitions (selection) 2023 Neues Museum Nuremberg 2022 Museum Jorn, Silkeborg (Denmark)White Cube, London 2021 Galerie Knoell, BaselMuseo d\u2019Arte, Mendrisio (Switzerland)Michael Werner Gallery, London 2020 Kunstmuseum Den Haag, The Hague 2019 Albertinum of the Dresden State Art Collections 2018 Kunsthalle ErfurtGalerie Michael Haas, BerlinMichael Werner Gallery, London 2017 Fosun Foundation, Shanghai 2016 Michael Werner Gallery, [&hellip;]<\/p>\n","protected":false},"author":1,"featured_media":0,"parent":28470,"menu_order":1,"comment_status":"closed","ping_status":"closed","template":"kuenstler-text.php","meta":{"_acf_changed":false,"footnotes":""},"class_list":["post-28477","page","type-page","status-publish","hentry"],"acf":[],"_links":{"self":[{"href":"https:\/\/poll-berlin.de\/galerie\/wp-json\/wp\/v2\/pages\/28477","targetHints":{"allow":["GET"]}}],"collection":[{"href":"https:\/\/poll-berlin.de\/galerie\/wp-json\/wp\/v2\/pages"}],"about":[{"href":"https:\/\/poll-berlin.de\/galerie\/wp-json\/wp\/v2\/types\/page"}],"author":[{"embeddable":true,"href":"https:\/\/poll-berlin.de\/galerie\/wp-json\/wp\/v2\/users\/1"}],"replies":[{"embeddable":true,"href":"https:\/\/poll-berlin.de\/galerie\/wp-json\/wp\/v2\/comments?post=28477"}],"version-history":[{"count":8,"href":"https:\/\/poll-berlin.de\/galerie\/wp-json\/wp\/v2\/pages\/28477\/revisions"}],"predecessor-version":[{"id":43784,"href":"https:\/\/poll-berlin.de\/galerie\/wp-json\/wp\/v2\/pages\/28477\/revisions\/43784"}],"up":[{"embeddable":true,"href":"https:\/\/poll-berlin.de\/galerie\/wp-json\/wp\/v2\/pages\/28470"}],"wp:attachment":[{"href":"https:\/\/poll-berlin.de\/galerie\/wp-json\/wp\/v2\/media?parent=28477"}],"curies":[{"name":"wp","href":"https:\/\/api.w.org\/{rel}","templated":true}]}}