{"id":28324,"date":"2023-10-18T17:22:27","date_gmt":"2023-10-18T15:22:27","guid":{"rendered":"https:\/\/poll-berlin.de\/galerie\/?page_id=28324"},"modified":"2023-11-08T17:56:32","modified_gmt":"2023-11-08T16:56:32","slug":"exhibitions","status":"publish","type":"page","link":"https:\/\/poll-berlin.de\/galerie\/en\/other-artists\/rafael-canogar\/exhibitions\/","title":{"rendered":"Exhibitions"},"content":{"rendered":"\n<p><strong>Solo exhibitions (selection)<\/strong><\/p>\n\n\n\n<div style=\"height:10px\" aria-hidden=\"true\" class=\"wp-block-spacer\"><\/div>\n\n\n\n<figure class=\"wp-block-table\"><table><tbody><tr><td>2021<\/td><td>Galer\u00eda Mayoral, Barcelona<\/td><\/tr><tr><td>2017<\/td><td>Galer\u00eda \u00c1lvaro Alc\u00e1zar, Madrid<\/td><\/tr><tr><td>2015<\/td><td>3 Punts Galer\u00eda, Barcelona<\/td><\/tr><tr><td>2013<\/td><td>Institut Valenci\u00e0 d&#8217;Art Modern, Valencia<\/td><\/tr><tr><td>2011<\/td><td>Sala de Arte Van Dyck, Gij\u00f3n (Spain)<\/td><\/tr><tr><td>2009<\/td><td>Centro Cultural &#8222;Infanta Cristina&#8220;, Madrid<\/td><\/tr><tr><td>2006<\/td><td>Palacio de Exposiciones y Congresos, Seville<\/td><\/tr><tr><td>2005<\/td><td>Museo Nacional Centro de Arte Reina Sof\u00eda, Madrid<\/td><\/tr><tr><td>2003<\/td><td>Museo Casa de la Moneda, Madrid<br>Kr\u00f3likarnia-Palace, Warsaw<\/td><\/tr><tr><td>2002<\/td><td>San Marcos Arts Centre, Toledo (Spain)<br>El Carmen de la Fundaci\u00f3n Rodr\u00edguez-Acosta, Granada<\/td><\/tr><tr><td>2001<\/td><td>Museo Nacional Centro de Arte Reina Sof\u00eda, Madrid<\/td><\/tr><tr><td>1998<\/td><td>Galerie Eva Poll, Berlin<\/td><\/tr><tr><td>1997<\/td><td>Sala Garc\u00eda Casta\u00f1\u00f3n, Pamplona<br>Museum of Santa Cruz, Toledo (Spain)<\/td><\/tr><tr><td>1996<\/td><td>Galer\u00eda Pelaires, Palma de Mallorca<\/td><\/tr><tr><td>1994<\/td><td>Banco Zaragozano, Zaragoza (Spain)<br>Galer\u00eda Punto, Valencia<br>Galerie Eva Poll, Berlin<\/td><\/tr><tr><td>1990<\/td><td>Palazzo dei Diamanti, Ferrara<br>Museo de Bellas Artes de Bilbao<\/td><\/tr><tr><td>1985<\/td><td>Galleria Bronda, Helsinki<br>Galerie Eva Poll, Berlin<\/td><\/tr><tr><td>1983<\/td><td>Galerie Eva Poll, Berlin<\/td><\/tr><tr><td>1982<\/td><td>Biblioteca Nacional de Espa\u00f1a, Madrid<\/td><\/tr><tr><td>1979<\/td><td>Galer\u00eda San Diego, Bogot\u00e1 (Colombia)<br>Galleria Senior, Rome<\/td><\/tr><tr><td>1975<\/td><td>Mus\u00e9e d\u2019art moderne de la Ville de Paris<\/td><\/tr><tr><td>1972<\/td><td>Museum of Contemporary Art, Madrid<br>Galerie Eva Poll, Berlin<\/td><\/tr><tr><td>1971<\/td><td>Istituto di Storia dell\u2019Arte, Parma (Italy)<br>Galer\u00eda Tolmo, Toledo (Spain)<\/td><\/tr><tr><td>1970<\/td><td>Galerie Eva Poll, Berlin<\/td><\/tr><tr><td>1969<\/td><td>Silvan Simone Gallery, Los Angeles<br>Galleria Senior, Rome<\/td><\/tr><tr><td>1967<\/td><td>Bertha Schaefer, New York City<\/td><\/tr><tr><td>1966<\/td><td>Mills College Art Gallery, Oakland (USA)<\/td><\/tr><tr><td>1965<\/td><td>Galer\u00eda Juana Mord\u00f3, Madrid<\/td><\/tr><tr><td>1963<\/td><td>Galer\u00eda Biosca, Madrid<\/td><\/tr><tr><td>1959<\/td><td>Galleria L\u2019Attico, Rome<\/td><\/tr><tr><td>1954<\/td><td>Galer\u00eda Altamira, Madrid<\/td><\/tr><\/tbody><\/table><\/figure>\n\n\n\n<div style=\"height:10px\" aria-hidden=\"true\" class=\"wp-block-spacer\"><\/div>\n\n\n\n<p><strong>Group exhibitions (selection)<\/strong><\/p>\n\n\n\n<div style=\"height:10px\" aria-hidden=\"true\" class=\"wp-block-spacer\"><\/div>\n\n\n\n<figure class=\"wp-block-table\"><table><tbody><tr><td>2023<\/td><td>New Berlin Art Association (NBK)<br>DAAD-Galerie, Berlin<br>Galerie im K\u00f6rnerpark, Berlin<br>Ludwig Museum, Koblenz<\/td><\/tr><tr><td>2021<\/td><td>Galer\u00eda Alvaro Alc\u00e1zar, Madrid<\/td><\/tr><tr><td>2018<\/td><td>Museum of Contemporary Art, Madrid<\/td><\/tr><tr><td>2017-2018<\/td><td>Galerie Poll, Berlin<\/td><\/tr><tr><td>2015<\/td><td>Tate Gallery of Modern Art, London<\/td><\/tr><tr><td>2012<\/td><td>Museo de Arte Contempor\u00e1neo, Oaxaca (Mexico)<\/td><\/tr><tr><td>2010<\/td><td>Museo Municipal de Valdepe\u00f1as (Spain)<\/td><\/tr><tr><td>2008<\/td><td>Palazzo Sant\u2019Elia, Palermo<br>Palace of la Bolsa, Madrid<\/td><\/tr><tr><td>2007<\/td><td>Galeria Sala Maior, Porto (Portugal)<\/td><\/tr><tr><td>2004<\/td><td>Museo del Patrimonio Municipal, M\u00e1laga (Spain)<br>Kunsthalle Budapest<br>National Gallery Prague<\/td><\/tr><tr><td>2000<\/td><td>Salas Nacionales Bab El Kebir y Bab Ruagh, Rabat<br>Salas del Foro de Asilah (Morocco)<br>Centro Andaluz de Arte Contempor\u00e1neo, Seville<br>C\u00edrculo de Bellas Artes, Madrid<\/td><\/tr><tr><td>1993<\/td><td>Galerie Eva Poll, Berlin<\/td><\/tr><tr><td>1989<\/td><td>Kunsthalle Mannheim<br>Kunstmuseum D\u00fcsseldorf<\/td><\/tr><tr><td>1985<\/td><td>Museum of Fine Arts, Caracas (Venezuela)<\/td><\/tr><tr><td>1978<\/td><td>Galer\u00eda de Exposiciones del Banco de Granada<br>Universidad y Museo de M\u00e1laga (Spain)<br>Museo Municipal, Madrid<\/td><\/tr><tr><td>1974<\/td><td>Galerie Eva Poll, Berlin<\/td><\/tr><tr><td>1973<\/td><td>Galer\u00eda Juana Mord\u00f3, Madrid<\/td><\/tr><tr><td>1971<\/td><td>Galerie Eva Poll, Berlin<\/td><\/tr><tr><td>1959<\/td><td>Mus\u00e9e des Arts d\u00e9coratifs, Paris<\/td><\/tr><tr><td>1952<\/td><td>Galer\u00eda Xarga, Madrid<\/td><\/tr><\/tbody><\/table><\/figure>\n","protected":false},"excerpt":{"rendered":"<p>Solo exhibitions (selection) 2021 Galer\u00eda Mayoral, Barcelona 2017 Galer\u00eda \u00c1lvaro Alc\u00e1zar, Madrid 2015 3 Punts Galer\u00eda, Barcelona 2013 Institut Valenci\u00e0 d&#8217;Art Modern, Valencia 2011 Sala de Arte Van Dyck, Gij\u00f3n (Spain) 2009 Centro Cultural &#8222;Infanta Cristina&#8220;, Madrid 2006 Palacio de Exposiciones y Congresos, Seville 2005 Museo Nacional Centro de Arte Reina Sof\u00eda, Madrid 2003 Museo [&hellip;]<\/p>\n","protected":false},"author":1,"featured_media":0,"parent":28317,"menu_order":1,"comment_status":"closed","ping_status":"closed","template":"kuenstler-text.php","meta":{"_acf_changed":false,"footnotes":""},"class_list":["post-28324","page","type-page","status-publish","hentry"],"acf":[],"_links":{"self":[{"href":"https:\/\/poll-berlin.de\/galerie\/wp-json\/wp\/v2\/pages\/28324","targetHints":{"allow":["GET"]}}],"collection":[{"href":"https:\/\/poll-berlin.de\/galerie\/wp-json\/wp\/v2\/pages"}],"about":[{"href":"https:\/\/poll-berlin.de\/galerie\/wp-json\/wp\/v2\/types\/page"}],"author":[{"embeddable":true,"href":"https:\/\/poll-berlin.de\/galerie\/wp-json\/wp\/v2\/users\/1"}],"replies":[{"embeddable":true,"href":"https:\/\/poll-berlin.de\/galerie\/wp-json\/wp\/v2\/comments?post=28324"}],"version-history":[{"count":13,"href":"https:\/\/poll-berlin.de\/galerie\/wp-json\/wp\/v2\/pages\/28324\/revisions"}],"predecessor-version":[{"id":35371,"href":"https:\/\/poll-berlin.de\/galerie\/wp-json\/wp\/v2\/pages\/28324\/revisions\/35371"}],"up":[{"embeddable":true,"href":"https:\/\/poll-berlin.de\/galerie\/wp-json\/wp\/v2\/pages\/28317"}],"wp:attachment":[{"href":"https:\/\/poll-berlin.de\/galerie\/wp-json\/wp\/v2\/media?parent=28324"}],"curies":[{"name":"wp","href":"https:\/\/api.w.org\/{rel}","templated":true}]}}