{"id":28255,"date":"2023-01-07T18:52:20","date_gmt":"2023-01-07T17:52:20","guid":{"rendered":"https:\/\/poll-berlin.de\/galerie\/?page_id=28255"},"modified":"2025-06-18T16:50:39","modified_gmt":"2025-06-18T14:50:39","slug":"works-in-collections","status":"publish","type":"page","link":"https:\/\/poll-berlin.de\/galerie\/en\/gallery-artists\/norbert-wagenbrett\/works-in-collections\/","title":{"rendered":"Works in collections"},"content":{"rendered":"\n<p><strong>Works in collections<\/strong><\/p>\n\n\n\n<p>Beeskow Art Archive<br>Kunststiftung Poll, Berlin<br>Museum No Hero, Delden (Netherlands)<br>\u201cHouse of Books\u201d, Frankfurt am Main<br>Brandenburg State Museum of Modern Art, Frankfurt (Oder)<br>Visual Arts Documentation Centre, Haale-Saale<br>Haale-Saale City Museum<br>Stiftung Moritzburg &#8211; Art Museum of the State of Saxony-Anhalt, Halle-Saale<br>Collection of the EnBW Energie Baden-W\u00fcrttemberg AG, Karlsruhe<br>Cultural and Environmental Foundation Leipziger Land of Sparkasse Leipzig<br>Art Collection of the Sparkasse Leipzig<br>Museum der Bildenden K\u00fcnste Leipzig<br>Ludwig Collection in the Museum der Bildenden K\u00fcnste Leipzig<br>Kulturstiftung R\u00fcgen, Putbus<br>Galleria Nazionale d&#8217;Arte Moderna, San Marino<br>Schramberg City Museum<\/p>\n","protected":false},"excerpt":{"rendered":"<p>Works in collections Beeskow Art ArchiveKunststiftung Poll, BerlinMuseum No Hero, Delden (Netherlands)\u201cHouse of Books\u201d, Frankfurt am MainBrandenburg State Museum of Modern Art, Frankfurt (Oder)Visual Arts Documentation Centre, Haale-SaaleHaale-Saale City MuseumStiftung Moritzburg &#8211; Art Museum of the State of Saxony-Anhalt, Halle-SaaleCollection of the EnBW Energie Baden-W\u00fcrttemberg AG, KarlsruheCultural and Environmental Foundation Leipziger Land of Sparkasse LeipzigArt [&hellip;]<\/p>\n","protected":false},"author":1,"featured_media":0,"parent":28249,"menu_order":2,"comment_status":"closed","ping_status":"closed","template":"kuenstler-text.php","meta":{"_acf_changed":false,"footnotes":""},"class_list":["post-28255","page","type-page","status-publish","hentry"],"acf":[],"_links":{"self":[{"href":"https:\/\/poll-berlin.de\/galerie\/wp-json\/wp\/v2\/pages\/28255","targetHints":{"allow":["GET"]}}],"collection":[{"href":"https:\/\/poll-berlin.de\/galerie\/wp-json\/wp\/v2\/pages"}],"about":[{"href":"https:\/\/poll-berlin.de\/galerie\/wp-json\/wp\/v2\/types\/page"}],"author":[{"embeddable":true,"href":"https:\/\/poll-berlin.de\/galerie\/wp-json\/wp\/v2\/users\/1"}],"replies":[{"embeddable":true,"href":"https:\/\/poll-berlin.de\/galerie\/wp-json\/wp\/v2\/comments?post=28255"}],"version-history":[{"count":12,"href":"https:\/\/poll-berlin.de\/galerie\/wp-json\/wp\/v2\/pages\/28255\/revisions"}],"predecessor-version":[{"id":43051,"href":"https:\/\/poll-berlin.de\/galerie\/wp-json\/wp\/v2\/pages\/28255\/revisions\/43051"}],"up":[{"embeddable":true,"href":"https:\/\/poll-berlin.de\/galerie\/wp-json\/wp\/v2\/pages\/28249"}],"wp:attachment":[{"href":"https:\/\/poll-berlin.de\/galerie\/wp-json\/wp\/v2\/media?parent=28255"}],"curies":[{"name":"wp","href":"https:\/\/api.w.org\/{rel}","templated":true}]}}