{"id":28238,"date":"2023-01-07T18:23:21","date_gmt":"2023-01-07T17:23:21","guid":{"rendered":"https:\/\/poll-berlin.de\/galerie\/?page_id=28238"},"modified":"2025-07-09T14:09:34","modified_gmt":"2025-07-09T12:09:34","slug":"works-in-collections","status":"publish","type":"page","link":"https:\/\/poll-berlin.de\/galerie\/en\/gallery-artists\/volker-stelzmann\/works-in-collections\/","title":{"rendered":"Works in collections"},"content":{"rendered":"\n<p><strong>Works in collections<\/strong><\/p>\n\n\n\n<p>Ludwig Forum for International Art, Aachen<br>Albstadt Municipal Gallery<br>Berlinische Galerie &#8211; Museum of Modern Art<br>Kunststiftung Poll, Berlin<br>Museum of Prints and Drawings of the Berlin State Museums<br>New National Gallery of the Berlin State Museums<br>Herzog Anton Ulrich Museum, Braunschweig<br>Ludwig Museum &#8211; Museum of Contemporary Art, Budapest<br>Hungarian National Gallery, Budapest<br>New Saxon Gallery, Chemnitz<br>Veste Coburg Art Collections<br>Brandenburg Art Collections Cottbus<br>Museum No Hero, Delden (Netherlands)<br>Museum of Prints and Drawings of the Dresden State Art Collections<br>Museum of Contemporary Art &#8211; Hurrle Collection, Durbach<br>Museum Folkwang, Essen<br>German Library, Frankfurt am Main<br>Galerie Junge Kunst, Frankfurt (Oder)<br>Freital Municipal Collections<br>Gera Art Collection<br>Sprengel Museum Hanover<br>Palatinate Museum, Heidelberg<br>Wemh\u00f6ner Collection, Herford<br>Lessing Museum Kamenz<br>Kunsthalle zu Kiel<br>W\u00fcrth Collection, K\u00fcnzelsau<br>Gewandhaus zu Leipzig<br>Leipzig University Art Collection<br>Museum der Bildenden K\u00fcnste Leipzig<br>Fritz P. Mayer Collection, Leipzig<br>German Literature Archive Marbach<br>State Collection of Prints and Drawings Munich<br>Albrecht D\u00fcrer&#8217;s House, Nuremberg<br>Germanisches Nationalmuseum, Nuremberg<br>Kunsthalle Nuremberg<br>Ludwig Collection of the Oberhausen Municipal Gallery<br>Klingspor Museum, Offenbach am Main<br>Oldenburg State Museum for Art and Cultural History<br>Ludwig Collection in the Russian Museum, St. Petersburg<br>Kunsthalle Rostock<br>Diocesan Museum Rottenburg<br>The Schleswig-Holstein State Museums Foundation, Schleswig<br>Kunsthalle Schweinfurt<br>State Museum, Schwerin<br>Angerlehner Museum, Thalheim near Wels<br>The National Museum of Western Art, Tokyo<br>Museum of Bread Culture, Ulm<br>Ludwig Collection at the Palais Liechtenstein, Vienna<br>Herzog August Library, Wolfenb\u00fcttel<br>Martin von Wagner Museum of the University of W\u00fcrzburg<br>Museum at the Cathedral, W\u00fcrzburg<\/p>\n","protected":false},"excerpt":{"rendered":"<p>Works in collections Ludwig Forum for International Art, AachenAlbstadt Municipal GalleryBerlinische Galerie &#8211; Museum of Modern ArtKunststiftung Poll, BerlinMuseum of Prints and Drawings of the Berlin State MuseumsNew National Gallery of the Berlin State MuseumsHerzog Anton Ulrich Museum, BraunschweigLudwig Museum &#8211; Museum of Contemporary Art, BudapestHungarian National Gallery, BudapestNew Saxon Gallery, ChemnitzVeste Coburg Art CollectionsBrandenburg [&hellip;]<\/p>\n","protected":false},"author":1,"featured_media":0,"parent":28230,"menu_order":2,"comment_status":"closed","ping_status":"closed","template":"kuenstler-text.php","meta":{"_acf_changed":false,"footnotes":""},"class_list":["post-28238","page","type-page","status-publish","hentry"],"acf":[],"_links":{"self":[{"href":"https:\/\/poll-berlin.de\/galerie\/wp-json\/wp\/v2\/pages\/28238","targetHints":{"allow":["GET"]}}],"collection":[{"href":"https:\/\/poll-berlin.de\/galerie\/wp-json\/wp\/v2\/pages"}],"about":[{"href":"https:\/\/poll-berlin.de\/galerie\/wp-json\/wp\/v2\/types\/page"}],"author":[{"embeddable":true,"href":"https:\/\/poll-berlin.de\/galerie\/wp-json\/wp\/v2\/users\/1"}],"replies":[{"embeddable":true,"href":"https:\/\/poll-berlin.de\/galerie\/wp-json\/wp\/v2\/comments?post=28238"}],"version-history":[{"count":6,"href":"https:\/\/poll-berlin.de\/galerie\/wp-json\/wp\/v2\/pages\/28238\/revisions"}],"predecessor-version":[{"id":43402,"href":"https:\/\/poll-berlin.de\/galerie\/wp-json\/wp\/v2\/pages\/28238\/revisions\/43402"}],"up":[{"embeddable":true,"href":"https:\/\/poll-berlin.de\/galerie\/wp-json\/wp\/v2\/pages\/28230"}],"wp:attachment":[{"href":"https:\/\/poll-berlin.de\/galerie\/wp-json\/wp\/v2\/media?parent=28238"}],"curies":[{"name":"wp","href":"https:\/\/api.w.org\/{rel}","templated":true}]}}