{"id":28226,"date":"2023-08-24T14:02:40","date_gmt":"2023-08-24T12:02:40","guid":{"rendered":"https:\/\/poll-berlin.de\/galerie\/?page_id=28226"},"modified":"2025-07-01T16:37:57","modified_gmt":"2025-07-01T14:37:57","slug":"exhibitions","status":"publish","type":"page","link":"https:\/\/poll-berlin.de\/galerie\/en\/gallery-artists\/peter-sorge\/exhibitions\/","title":{"rendered":"Exhibitions"},"content":{"rendered":"\n<p><strong>Solo exhibitions (selection)<\/strong><\/p>\n\n\n\n<div style=\"height:10px\" aria-hidden=\"true\" class=\"wp-block-spacer\"><\/div>\n\n\n\n<figure class=\"wp-block-table\"><table><tbody><tr><td>2018<\/td><td>Galerie Poll, Berlin<\/td><\/tr><tr><td>2014<\/td><td>Kunststiftung Poll, Berlin<\/td><\/tr><tr><td>2015<\/td><td>Kunsthalle Jesuitenkirche, Aschaffenburg<\/td><\/tr><tr><td>2001<\/td><td>Association for Original Etching, Munich<\/td><\/tr><tr><td>1997<\/td><td>Kunststiftung Poll, Berlin<\/td><\/tr><tr><td>1987<\/td><td>Galerie Gehring-Kulenkampff, Frankfurt am Main (with Maina-Miriam Munsky)<br>Staatliche Kunsthalle Berlin (with Joachim Schmettau)<br>New Berlin Art Association (NBK)<\/td><\/tr><tr><td>1985<\/td><td>Galerie Eva Poll, Berlin<\/td><\/tr><tr><td>1984<\/td><td>Galerie APEX, G\u00f6ttingen<\/td><\/tr><tr><td>1980<\/td><td>Ludwigshafen Art Association<\/td><\/tr><tr><td>1979<\/td><td>Frechen Art Association<br>Galerie Z\u00f6llner, Bremen<br>Galerie Eva Poll, Berlin<\/td><\/tr><tr><td>1978<\/td><td>Goethe-Institut Paris<\/td><\/tr><tr><td>1976<\/td><td>Galerie Eva Poll, Berlin<\/td><\/tr><tr><td>1975<\/td><td>Kunsthalle Nuremberg<\/td><\/tr><tr><td>1972<\/td><td>Art Circle Gelsenkirchen<br>Galerie Eva Poll, Berlin<\/td><\/tr><tr><td>1971<\/td><td>Art History Institute, Groningen<br>Institute for Industrial Design, Delft<br>Galerie de Tor, Amsterdam<br>Galerie Wendtorf &amp; Swetec, D\u00fcsseldorf<br>Galerie in Espresso, Trier<br>Kassel Art Association<\/td><\/tr><tr><td>1970<\/td><td>Galerie Eva Poll, Berlin<br>Mannheim Art Association<br>Galerie Ostentor, Dortmund (with Maina-Miriam Munsky)<\/td><\/tr><tr><td>1968<\/td><td>Galerie Rothe, Wolfsburg<br>Galerie Ostentor, Dortmund<br>Galerie Eva Poll, Berlin<\/td><\/tr><tr><td>1966<\/td><td>Galerie Tobi\u00e8s &amp; Silex, Cologne<br>Gro\u00dfg\u00f6rschen 35, Berlin<\/td><\/tr><tr><td>1965<\/td><td>Gro\u00dfg\u00f6rschen 35, Berlin<br>Galerie f\u00fcr Grafikfreunde, Frankfurt am Main<\/td><\/tr><\/tbody><\/table><\/figure>\n\n\n\n<div style=\"height:10px\" aria-hidden=\"true\" class=\"wp-block-spacer\"><\/div>\n\n\n\n<p><strong>Group exhibitions (selection)<\/strong><\/p>\n\n\n\n<div style=\"height:10px\" aria-hidden=\"true\" class=\"wp-block-spacer\"><\/div>\n\n\n\n<figure class=\"wp-block-table\"><table><tbody><tr><td>2018<\/td><td>Ludwig Forum for International Art, Aachen<\/td><\/tr><tr><td>2017<\/td><td>Latvian National Museum of Art, Riga<\/td><\/tr><tr><td>2016<\/td><td>Galerie Poll and Kunststiftung Poll, Berlin<\/td><\/tr><tr><td>2014<\/td><td>Haus am Kleistpark, Berlin<br>Hurrle Collection, Durbach<\/td><\/tr><tr><td>2012<\/td><td>Heilbronn Municipal Museums<\/td><\/tr><tr><td>2011<\/td><td>Galerie Poll, Berlin<br>Kunststiftung Poll, Berlin<\/td><\/tr><tr><td>2009<\/td><td>New Berlin Art Association (NBK)<br>Bad Salzdethfurth Art Association, Bodenburg<\/td><\/tr><tr><td>2008<\/td><td>Museum of the City of Ratingen<\/td><\/tr><tr><td>2005<\/td><td>Galerie Eva Poll, Berlin<\/td><\/tr><tr><td>2004<\/td><td>Davis Museum and Cultural Center, Wellesley (USA)<br>Kunsthalle zu Kiel<br>Marcher Museum Witten (in cooperation with Galerie Eva Poll)<\/td><\/tr><tr><td>2003<\/td><td>State Gallery at the Upper Austrian State Museum, Linz<br>Davis Museum and Cultural Center, Wellesley (USA)<br>Galerie Eva Poll, Berlin<\/td><\/tr><tr><td>2000<\/td><td>Galerie Eva Poll, Berlin<\/td><\/tr><tr><td>1996<\/td><td>Martin-Gropius-Bau, Berlin<\/td><\/tr><tr><td>1992<\/td><td>Cologne Art Association<\/td><\/tr><tr><td>1987<\/td><td>Staatliche Kunsthalle Berlin<br>Galerie Eva Poll, Berlin<br>Berlinische Galerie &#8211; Museum of Modern Art<br>25th Annual Exhibition of the New Darmstadt Secession<\/td><\/tr><tr><td>1986<\/td><td>Karl Hofer Society, Berlin<br>Hamburger Kunsthalle<br>3rd National of Drawing, Augsburg<\/td><\/tr><tr><td>1985<\/td><td>Kunstquartier Ackerstra\u00dfe, Berlin<br>New National Gallery of the Berlin State Museums<\/td><\/tr><tr><td>1984<\/td><td>Kunstamt Wedding<br>Galerie Eva Poll, Berlin<\/td><\/tr><tr><td>1983<\/td><td>New National Gallery of the Berlin State Museums<br>Munich Art Association<\/td><\/tr><tr><td>1982<\/td><td>Bonn City Art Museum<\/td><\/tr><tr><td>1981<\/td><td>Kunsthalle Darmstadt<\/td><\/tr><tr><td>1980<\/td><td>Berlinische Galerie &#8211; Museum of Modern Art<\/td><\/tr><tr><td>1979<\/td><td>\u201cNeue Formen des Realismus\u201c, Touring exhibition<br>\u201cWestberliner Realisten\u201c, Touring exhibition<br>House on the Redoute, Bonn<br>Berlinische Galerie &#8211; Museum of Modern Art<\/td><\/tr><tr><td>1977<\/td><td>\u201cBerlin Now\u201c, New York City<br>Kassel Art Association<\/td><\/tr><tr><td>1976<\/td><td>\u201cAspects of Realism\u201c, Canada<\/td><\/tr><tr><td>1972-1974<\/td><td>\u201cPrinzip Realismus\u201c, Touring exhibition<\/td><\/tr><tr><td>1972<\/td><td>Galleria Vinciana, Milan<br>Galleria d\u2019arte S. Michele Brescia (Italy)<br>4th Biennale for Printmaking, Krakow (Poland)<br>Galerie Eva Poll, Berlin<br>Free Berlin Art Exhibition<\/td><\/tr><tr><td>1971<\/td><td>Galerie Eva Poll, Berlin<br>Free Berlin Art Exhibition<br>7th Paris Youth Biennale<br>Haus am L\u00fctzowplatz, Berlin<\/td><\/tr><tr><td>1970<\/td><td>Baden Art Association Karlsruhe<br>New National Gallery of the Berlin State Museums, Berlin<br>Galerie Brusberg, Hanover<\/td><\/tr><tr><td>1969<\/td><td>Baden Art Association in Prague<\/td><\/tr><tr><td>1968<\/td><td>Kunsthalle Recklinghausen<br>1st British International Print Biennale, Bradford (England)<\/td><\/tr><tr><td>1967<\/td><td>Haus am Waldsee, Berlin<\/td><\/tr><tr><td>1966<\/td><td>Marcher Museum Witten<br>Kunsthalle Basel<\/td><\/tr><tr><td>1961-1969<\/td><td>House of Art, Munich<br>Great Berlin Art Exhibition<\/td><\/tr><\/tbody><\/table><\/figure>\n","protected":false},"excerpt":{"rendered":"<p>Solo exhibitions (selection) 2018 Galerie Poll, Berlin 2014 Kunststiftung Poll, Berlin 2015 Kunsthalle Jesuitenkirche, Aschaffenburg 2001 Association for Original Etching, Munich 1997 Kunststiftung Poll, Berlin 1987 Galerie Gehring-Kulenkampff, Frankfurt am Main (with Maina-Miriam Munsky)Staatliche Kunsthalle Berlin (with Joachim Schmettau)New Berlin Art Association (NBK) 1985 Galerie Eva Poll, Berlin 1984 Galerie APEX, G\u00f6ttingen 1980 Ludwigshafen Art [&hellip;]<\/p>\n","protected":false},"author":1,"featured_media":0,"parent":28221,"menu_order":1,"comment_status":"closed","ping_status":"closed","template":"kuenstler-text.php","meta":{"_acf_changed":false,"footnotes":""},"class_list":["post-28226","page","type-page","status-publish","hentry"],"acf":[],"_links":{"self":[{"href":"https:\/\/poll-berlin.de\/galerie\/wp-json\/wp\/v2\/pages\/28226","targetHints":{"allow":["GET"]}}],"collection":[{"href":"https:\/\/poll-berlin.de\/galerie\/wp-json\/wp\/v2\/pages"}],"about":[{"href":"https:\/\/poll-berlin.de\/galerie\/wp-json\/wp\/v2\/types\/page"}],"author":[{"embeddable":true,"href":"https:\/\/poll-berlin.de\/galerie\/wp-json\/wp\/v2\/users\/1"}],"replies":[{"embeddable":true,"href":"https:\/\/poll-berlin.de\/galerie\/wp-json\/wp\/v2\/comments?post=28226"}],"version-history":[{"count":13,"href":"https:\/\/poll-berlin.de\/galerie\/wp-json\/wp\/v2\/pages\/28226\/revisions"}],"predecessor-version":[{"id":43295,"href":"https:\/\/poll-berlin.de\/galerie\/wp-json\/wp\/v2\/pages\/28226\/revisions\/43295"}],"up":[{"embeddable":true,"href":"https:\/\/poll-berlin.de\/galerie\/wp-json\/wp\/v2\/pages\/28221"}],"wp:attachment":[{"href":"https:\/\/poll-berlin.de\/galerie\/wp-json\/wp\/v2\/media?parent=28226"}],"curies":[{"name":"wp","href":"https:\/\/api.w.org\/{rel}","templated":true}]}}