{"id":28221,"date":"2022-11-23T23:08:11","date_gmt":"2022-11-23T22:08:11","guid":{"rendered":"https:\/\/poll-berlin.de\/galerie\/?page_id=28221"},"modified":"2025-06-13T15:39:48","modified_gmt":"2025-06-13T13:39:48","slug":"peter-sorge","status":"publish","type":"page","link":"https:\/\/poll-berlin.de\/galerie\/en\/gallery-artists\/peter-sorge\/","title":{"rendered":"Peter Sorge"},"content":{"rendered":"","protected":false},"excerpt":{"rendered":"","protected":false},"author":2,"featured_media":0,"parent":4703,"menu_order":27,"comment_status":"closed","ping_status":"closed","template":"kuenstler.php","meta":{"_acf_changed":false,"footnotes":""},"class_list":["post-28221","page","type-page","status-publish","hentry"],"acf":{"photo_gallery":{"bilder":[[{"id":33719,"title":"","caption":"Peter Sorge, Pine negative, 1981, coloured pencil on cardboard, 50 x 34 cm","full_image_url":"https:\/\/poll-berlin.de\/galerie\/wp-content\/uploads\/PS_Kiefer-negativ-1981_web.jpg","thumbnail_image_url":"https:\/\/poll-berlin.de\/galerie\/wp-content\/uploads\/PS_Kiefer-negativ-1981_web-150x150.jpg","large_srcset":"https:\/\/poll-berlin.de\/galerie\/wp-content\/uploads\/PS_Kiefer-negativ-1981_web-800x1162.jpg 800w, https:\/\/poll-berlin.de\/galerie\/wp-content\/uploads\/PS_Kiefer-negativ-1981_web-207x300.jpg 207w, https:\/\/poll-berlin.de\/galerie\/wp-content\/uploads\/PS_Kiefer-negativ-1981_web-768x1115.jpg 768w, https:\/\/poll-berlin.de\/galerie\/wp-content\/uploads\/PS_Kiefer-negativ-1981_web.jpg 1033w","medium_srcset":"https:\/\/poll-berlin.de\/galerie\/wp-content\/uploads\/PS_Kiefer-negativ-1981_web-207x300.jpg 207w, https:\/\/poll-berlin.de\/galerie\/wp-content\/uploads\/PS_Kiefer-negativ-1981_web-800x1162.jpg 800w, https:\/\/poll-berlin.de\/galerie\/wp-content\/uploads\/PS_Kiefer-negativ-1981_web-768x1115.jpg 768w, https:\/\/poll-berlin.de\/galerie\/wp-content\/uploads\/PS_Kiefer-negativ-1981_web.jpg 1033w","media_details":{"width":1033,"height":1500,"sizes":{"medium":{"file":"PS_Kiefer-negativ-1981_web-207x300.jpg","width":207,"height":300,"mime-type":"image\/jpeg","filesize":17671,"source_url":"https:\/\/poll-berlin.de\/galerie\/wp-content\/uploads\/PS_Kiefer-negativ-1981_web-207x300.jpg"},"large":{"file":"PS_Kiefer-negativ-1981_web-800x1162.jpg","width":800,"height":1162,"mime-type":"image\/jpeg","filesize":216260,"source_url":"https:\/\/poll-berlin.de\/galerie\/wp-content\/uploads\/PS_Kiefer-negativ-1981_web-800x1162.jpg"},"thumbnail":{"file":"PS_Kiefer-negativ-1981_web-150x150.jpg","width":150,"height":150,"mime-type":"image\/jpeg","filesize":8004,"source_url":"https:\/\/poll-berlin.de\/galerie\/wp-content\/uploads\/PS_Kiefer-negativ-1981_web-150x150.jpg"},"medium_large":{"file":"PS_Kiefer-negativ-1981_web-768x1115.jpg","width":768,"height":1115,"mime-type":"image\/jpeg","filesize":201737,"source_url":"https:\/\/poll-berlin.de\/galerie\/wp-content\/uploads\/PS_Kiefer-negativ-1981_web-768x1115.jpg"}}},"alt_text":"","url":"","target":""},{"id":25884,"title":"","caption":"Peter Sorge, Variationen (\u00fcber rundliche und l\u00e4ngliche Gegenst\u00e4nde), 1982, Blei- und Farbstift auf Karton, 90 x 70 cm (Diptychon, linke Seite)","full_image_url":"https:\/\/poll-berlin.de\/galerie\/wp-content\/uploads\/Sorge_Variationen_I_web.jpg","thumbnail_image_url":"https:\/\/poll-berlin.de\/galerie\/wp-content\/uploads\/Sorge_Variationen_I_web-150x150.jpg","large_srcset":"https:\/\/poll-berlin.de\/galerie\/wp-content\/uploads\/Sorge_Variationen_I_web-800x1136.jpg 800w, https:\/\/poll-berlin.de\/galerie\/wp-content\/uploads\/Sorge_Variationen_I_web-211x300.jpg 211w, https:\/\/poll-berlin.de\/galerie\/wp-content\/uploads\/Sorge_Variationen_I_web-768x1091.jpg 768w, https:\/\/poll-berlin.de\/galerie\/wp-content\/uploads\/Sorge_Variationen_I_web.jpg 1056w","medium_srcset":"https:\/\/poll-berlin.de\/galerie\/wp-content\/uploads\/Sorge_Variationen_I_web-211x300.jpg 211w, https:\/\/poll-berlin.de\/galerie\/wp-content\/uploads\/Sorge_Variationen_I_web-800x1136.jpg 800w, https:\/\/poll-berlin.de\/galerie\/wp-content\/uploads\/Sorge_Variationen_I_web-768x1091.jpg 768w, https:\/\/poll-berlin.de\/galerie\/wp-content\/uploads\/Sorge_Variationen_I_web.jpg 1056w","media_details":{"width":1056,"height":1500,"sizes":{"medium":{"file":"Sorge_Variationen_I_web-211x300.jpg","width":211,"height":300,"mime-type":"image\/jpeg","source_url":"https:\/\/poll-berlin.de\/galerie\/wp-content\/uploads\/Sorge_Variationen_I_web-211x300.jpg"},"large":{"file":"Sorge_Variationen_I_web-800x1136.jpg","width":800,"height":1136,"mime-type":"image\/jpeg","source_url":"https:\/\/poll-berlin.de\/galerie\/wp-content\/uploads\/Sorge_Variationen_I_web-800x1136.jpg"},"thumbnail":{"file":"Sorge_Variationen_I_web-150x150.jpg","width":150,"height":150,"mime-type":"image\/jpeg","source_url":"https:\/\/poll-berlin.de\/galerie\/wp-content\/uploads\/Sorge_Variationen_I_web-150x150.jpg"},"medium_large":{"file":"Sorge_Variationen_I_web-768x1091.jpg","width":768,"height":1091,"mime-type":"image\/jpeg","source_url":"https:\/\/poll-berlin.de\/galerie\/wp-content\/uploads\/Sorge_Variationen_I_web-768x1091.jpg"}}},"alt_text":"","url":"","target":""},{"id":25885,"title":"","caption":"Peter Sorge, Variationen (\u00fcber rundliche und l\u00e4ngliche Gegenst\u00e4nde), 1982, Blei- und Farbstift auf Karton, 90 x 70 cm (Diptychon, rechte Seite)","full_image_url":"https:\/\/poll-berlin.de\/galerie\/wp-content\/uploads\/Sorge_Variationen_II_web.jpg","thumbnail_image_url":"https:\/\/poll-berlin.de\/galerie\/wp-content\/uploads\/Sorge_Variationen_II_web-150x150.jpg","large_srcset":"https:\/\/poll-berlin.de\/galerie\/wp-content\/uploads\/Sorge_Variationen_II_web-800x1142.jpg 800w, https:\/\/poll-berlin.de\/galerie\/wp-content\/uploads\/Sorge_Variationen_II_web-210x300.jpg 210w, https:\/\/poll-berlin.de\/galerie\/wp-content\/uploads\/Sorge_Variationen_II_web-768x1096.jpg 768w, https:\/\/poll-berlin.de\/galerie\/wp-content\/uploads\/Sorge_Variationen_II_web.jpg 1051w","medium_srcset":"https:\/\/poll-berlin.de\/galerie\/wp-content\/uploads\/Sorge_Variationen_II_web-210x300.jpg 210w, https:\/\/poll-berlin.de\/galerie\/wp-content\/uploads\/Sorge_Variationen_II_web-800x1142.jpg 800w, https:\/\/poll-berlin.de\/galerie\/wp-content\/uploads\/Sorge_Variationen_II_web-768x1096.jpg 768w, https:\/\/poll-berlin.de\/galerie\/wp-content\/uploads\/Sorge_Variationen_II_web.jpg 1051w","media_details":{"width":1051,"height":1500,"sizes":{"medium":{"file":"Sorge_Variationen_II_web-210x300.jpg","width":210,"height":300,"mime-type":"image\/jpeg","source_url":"https:\/\/poll-berlin.de\/galerie\/wp-content\/uploads\/Sorge_Variationen_II_web-210x300.jpg"},"large":{"file":"Sorge_Variationen_II_web-800x1142.jpg","width":800,"height":1142,"mime-type":"image\/jpeg","source_url":"https:\/\/poll-berlin.de\/galerie\/wp-content\/uploads\/Sorge_Variationen_II_web-800x1142.jpg"},"thumbnail":{"file":"Sorge_Variationen_II_web-150x150.jpg","width":150,"height":150,"mime-type":"image\/jpeg","source_url":"https:\/\/poll-berlin.de\/galerie\/wp-content\/uploads\/Sorge_Variationen_II_web-150x150.jpg"},"medium_large":{"file":"Sorge_Variationen_II_web-768x1096.jpg","width":768,"height":1096,"mime-type":"image\/jpeg","source_url":"https:\/\/poll-berlin.de\/galerie\/wp-content\/uploads\/Sorge_Variationen_II_web-768x1096.jpg"}}},"alt_text":"","url":"","target":""},{"id":2038,"title":"","caption":"Peter Sorge, Kollege, 1985, Blei- und Farbstift auf Papier, 72 x 51 cm","full_image_url":"https:\/\/poll-berlin.de\/galerie\/wp-content\/uploads\/PS_Kollege_1985_1500Px.jpg","thumbnail_image_url":"https:\/\/poll-berlin.de\/galerie\/wp-content\/uploads\/PS_Kollege_1985_1500Px-150x150.jpg","large_srcset":"https:\/\/poll-berlin.de\/galerie\/wp-content\/uploads\/PS_Kollege_1985_1500Px-800x1123.jpg 800w, https:\/\/poll-berlin.de\/galerie\/wp-content\/uploads\/PS_Kollege_1985_1500Px-214x300.jpg 214w, https:\/\/poll-berlin.de\/galerie\/wp-content\/uploads\/PS_Kollege_1985_1500Px-768x1078.jpg 768w, https:\/\/poll-berlin.de\/galerie\/wp-content\/uploads\/PS_Kollege_1985_1500Px.jpg 1069w","medium_srcset":"https:\/\/poll-berlin.de\/galerie\/wp-content\/uploads\/PS_Kollege_1985_1500Px-214x300.jpg 214w, https:\/\/poll-berlin.de\/galerie\/wp-content\/uploads\/PS_Kollege_1985_1500Px-800x1123.jpg 800w, https:\/\/poll-berlin.de\/galerie\/wp-content\/uploads\/PS_Kollege_1985_1500Px-768x1078.jpg 768w, https:\/\/poll-berlin.de\/galerie\/wp-content\/uploads\/PS_Kollege_1985_1500Px.jpg 1069w","media_details":{"width":1069,"height":1500,"sizes":{"medium":{"file":"PS_Kollege_1985_1500Px-214x300.jpg","width":214,"height":300,"mime-type":"image\/jpeg","source_url":"https:\/\/poll-berlin.de\/galerie\/wp-content\/uploads\/PS_Kollege_1985_1500Px-214x300.jpg"},"large":{"file":"PS_Kollege_1985_1500Px-800x1123.jpg","width":800,"height":1123,"mime-type":"image\/jpeg","source_url":"https:\/\/poll-berlin.de\/galerie\/wp-content\/uploads\/PS_Kollege_1985_1500Px-800x1123.jpg"},"thumbnail":{"file":"PS_Kollege_1985_1500Px-150x150.jpg","width":150,"height":150,"mime-type":"image\/jpeg","source_url":"https:\/\/poll-berlin.de\/galerie\/wp-content\/uploads\/PS_Kollege_1985_1500Px-150x150.jpg"},"medium_large":{"file":"PS_Kollege_1985_1500Px-768x1078.jpg","width":768,"height":1078,"mime-type":"image\/jpeg","source_url":"https:\/\/poll-berlin.de\/galerie\/wp-content\/uploads\/PS_Kollege_1985_1500Px-768x1078.jpg"}}},"alt_text":"","url":"","target":""},{"id":2036,"title":"","caption":"Peter Sorge, Kreide auf Karton, Botanischer Garten, 1987-88, 69,5 x 50 cm","full_image_url":"https:\/\/poll-berlin.de\/galerie\/wp-content\/uploads\/PS_Botanischer-Garten_1987-88_1500Px.jpg","thumbnail_image_url":"https:\/\/poll-berlin.de\/galerie\/wp-content\/uploads\/PS_Botanischer-Garten_1987-88_1500Px-150x150.jpg","large_srcset":"https:\/\/poll-berlin.de\/galerie\/wp-content\/uploads\/PS_Botanischer-Garten_1987-88_1500Px-800x1155.jpg 800w, https:\/\/poll-berlin.de\/galerie\/wp-content\/uploads\/PS_Botanischer-Garten_1987-88_1500Px-208x300.jpg 208w, https:\/\/poll-berlin.de\/galerie\/wp-content\/uploads\/PS_Botanischer-Garten_1987-88_1500Px-768x1109.jpg 768w, https:\/\/poll-berlin.de\/galerie\/wp-content\/uploads\/PS_Botanischer-Garten_1987-88_1500Px.jpg 1039w","medium_srcset":"https:\/\/poll-berlin.de\/galerie\/wp-content\/uploads\/PS_Botanischer-Garten_1987-88_1500Px-208x300.jpg 208w, https:\/\/poll-berlin.de\/galerie\/wp-content\/uploads\/PS_Botanischer-Garten_1987-88_1500Px-800x1155.jpg 800w, https:\/\/poll-berlin.de\/galerie\/wp-content\/uploads\/PS_Botanischer-Garten_1987-88_1500Px-768x1109.jpg 768w, https:\/\/poll-berlin.de\/galerie\/wp-content\/uploads\/PS_Botanischer-Garten_1987-88_1500Px.jpg 1039w","media_details":{"width":1039,"height":1500,"sizes":{"medium":{"file":"PS_Botanischer-Garten_1987-88_1500Px-208x300.jpg","width":208,"height":300,"mime-type":"image\/jpeg","source_url":"https:\/\/poll-berlin.de\/galerie\/wp-content\/uploads\/PS_Botanischer-Garten_1987-88_1500Px-208x300.jpg"},"large":{"file":"PS_Botanischer-Garten_1987-88_1500Px-800x1155.jpg","width":800,"height":1155,"mime-type":"image\/jpeg","source_url":"https:\/\/poll-berlin.de\/galerie\/wp-content\/uploads\/PS_Botanischer-Garten_1987-88_1500Px-800x1155.jpg"},"thumbnail":{"file":"PS_Botanischer-Garten_1987-88_1500Px-150x150.jpg","width":150,"height":150,"mime-type":"image\/jpeg","source_url":"https:\/\/poll-berlin.de\/galerie\/wp-content\/uploads\/PS_Botanischer-Garten_1987-88_1500Px-150x150.jpg"},"medium_large":{"file":"PS_Botanischer-Garten_1987-88_1500Px-768x1109.jpg","width":768,"height":1109,"mime-type":"image\/jpeg","source_url":"https:\/\/poll-berlin.de\/galerie\/wp-content\/uploads\/PS_Botanischer-Garten_1987-88_1500Px-768x1109.jpg"}}},"alt_text":"","url":"","target":""},{"id":2042,"title":"","caption":"Peter Sorge, Zahnstilleben, 1988, Farbstift auf Karton, 40 x 43 cm","full_image_url":"https:\/\/poll-berlin.de\/galerie\/wp-content\/uploads\/PS_Zahnstilleben_1988_1500Px.jpg","thumbnail_image_url":"https:\/\/poll-berlin.de\/galerie\/wp-content\/uploads\/PS_Zahnstilleben_1988_1500Px-150x150.jpg","large_srcset":"https:\/\/poll-berlin.de\/galerie\/wp-content\/uploads\/PS_Zahnstilleben_1988_1500Px-800x525.jpg 800w, https:\/\/poll-berlin.de\/galerie\/wp-content\/uploads\/PS_Zahnstilleben_1988_1500Px-300x197.jpg 300w, https:\/\/poll-berlin.de\/galerie\/wp-content\/uploads\/PS_Zahnstilleben_1988_1500Px-768x504.jpg 768w, https:\/\/poll-berlin.de\/galerie\/wp-content\/uploads\/PS_Zahnstilleben_1988_1500Px.jpg 1500w","medium_srcset":"https:\/\/poll-berlin.de\/galerie\/wp-content\/uploads\/PS_Zahnstilleben_1988_1500Px-300x197.jpg 300w, https:\/\/poll-berlin.de\/galerie\/wp-content\/uploads\/PS_Zahnstilleben_1988_1500Px-800x525.jpg 800w, https:\/\/poll-berlin.de\/galerie\/wp-content\/uploads\/PS_Zahnstilleben_1988_1500Px-768x504.jpg 768w, https:\/\/poll-berlin.de\/galerie\/wp-content\/uploads\/PS_Zahnstilleben_1988_1500Px.jpg 1500w","media_details":{"width":1500,"height":984,"sizes":{"medium":{"file":"PS_Zahnstilleben_1988_1500Px-300x197.jpg","width":300,"height":197,"mime-type":"image\/jpeg","source_url":"https:\/\/poll-berlin.de\/galerie\/wp-content\/uploads\/PS_Zahnstilleben_1988_1500Px-300x197.jpg"},"large":{"file":"PS_Zahnstilleben_1988_1500Px-800x525.jpg","width":800,"height":525,"mime-type":"image\/jpeg","source_url":"https:\/\/poll-berlin.de\/galerie\/wp-content\/uploads\/PS_Zahnstilleben_1988_1500Px-800x525.jpg"},"thumbnail":{"file":"PS_Zahnstilleben_1988_1500Px-150x150.jpg","width":150,"height":150,"mime-type":"image\/jpeg","source_url":"https:\/\/poll-berlin.de\/galerie\/wp-content\/uploads\/PS_Zahnstilleben_1988_1500Px-150x150.jpg"},"medium_large":{"file":"PS_Zahnstilleben_1988_1500Px-768x504.jpg","width":768,"height":504,"mime-type":"image\/jpeg","source_url":"https:\/\/poll-berlin.de\/galerie\/wp-content\/uploads\/PS_Zahnstilleben_1988_1500Px-768x504.jpg"}}},"alt_text":"","url":"","target":""},{"id":2041,"title":"","caption":"Peter Sorge, VEB, 1990, Blei- und Farbstift auf Karton, 100 x 70 cm","full_image_url":"https:\/\/poll-berlin.de\/galerie\/wp-content\/uploads\/PS_VEB_1990_1500Px.jpg","thumbnail_image_url":"https:\/\/poll-berlin.de\/galerie\/wp-content\/uploads\/PS_VEB_1990_1500Px-150x150.jpg","large_srcset":"https:\/\/poll-berlin.de\/galerie\/wp-content\/uploads\/PS_VEB_1990_1500Px-800x1110.jpg 800w, https:\/\/poll-berlin.de\/galerie\/wp-content\/uploads\/PS_VEB_1990_1500Px-216x300.jpg 216w, https:\/\/poll-berlin.de\/galerie\/wp-content\/uploads\/PS_VEB_1990_1500Px-768x1066.jpg 768w, https:\/\/poll-berlin.de\/galerie\/wp-content\/uploads\/PS_VEB_1990_1500Px.jpg 1081w","medium_srcset":"https:\/\/poll-berlin.de\/galerie\/wp-content\/uploads\/PS_VEB_1990_1500Px-216x300.jpg 216w, https:\/\/poll-berlin.de\/galerie\/wp-content\/uploads\/PS_VEB_1990_1500Px-800x1110.jpg 800w, https:\/\/poll-berlin.de\/galerie\/wp-content\/uploads\/PS_VEB_1990_1500Px-768x1066.jpg 768w, https:\/\/poll-berlin.de\/galerie\/wp-content\/uploads\/PS_VEB_1990_1500Px.jpg 1081w","media_details":{"width":1081,"height":1500,"sizes":{"medium":{"file":"PS_VEB_1990_1500Px-216x300.jpg","width":216,"height":300,"mime-type":"image\/jpeg","source_url":"https:\/\/poll-berlin.de\/galerie\/wp-content\/uploads\/PS_VEB_1990_1500Px-216x300.jpg"},"large":{"file":"PS_VEB_1990_1500Px-800x1110.jpg","width":800,"height":1110,"mime-type":"image\/jpeg","source_url":"https:\/\/poll-berlin.de\/galerie\/wp-content\/uploads\/PS_VEB_1990_1500Px-800x1110.jpg"},"thumbnail":{"file":"PS_VEB_1990_1500Px-150x150.jpg","width":150,"height":150,"mime-type":"image\/jpeg","source_url":"https:\/\/poll-berlin.de\/galerie\/wp-content\/uploads\/PS_VEB_1990_1500Px-150x150.jpg"},"medium_large":{"file":"PS_VEB_1990_1500Px-768x1066.jpg","width":768,"height":1066,"mime-type":"image\/jpeg","source_url":"https:\/\/poll-berlin.de\/galerie\/wp-content\/uploads\/PS_VEB_1990_1500Px-768x1066.jpg"}}},"alt_text":"","url":"","target":""}]]}},"_links":{"self":[{"href":"https:\/\/poll-berlin.de\/galerie\/wp-json\/wp\/v2\/pages\/28221","targetHints":{"allow":["GET"]}}],"collection":[{"href":"https:\/\/poll-berlin.de\/galerie\/wp-json\/wp\/v2\/pages"}],"about":[{"href":"https:\/\/poll-berlin.de\/galerie\/wp-json\/wp\/v2\/types\/page"}],"author":[{"embeddable":true,"href":"https:\/\/poll-berlin.de\/galerie\/wp-json\/wp\/v2\/users\/2"}],"replies":[{"embeddable":true,"href":"https:\/\/poll-berlin.de\/galerie\/wp-json\/wp\/v2\/comments?post=28221"}],"version-history":[{"count":2,"href":"https:\/\/poll-berlin.de\/galerie\/wp-json\/wp\/v2\/pages\/28221\/revisions"}],"predecessor-version":[{"id":33720,"href":"https:\/\/poll-berlin.de\/galerie\/wp-json\/wp\/v2\/pages\/28221\/revisions\/33720"}],"up":[{"embeddable":true,"href":"https:\/\/poll-berlin.de\/galerie\/wp-json\/wp\/v2\/pages\/4703"}],"wp:attachment":[{"href":"https:\/\/poll-berlin.de\/galerie\/wp-json\/wp\/v2\/media?parent=28221"}],"curies":[{"name":"wp","href":"https:\/\/api.w.org\/{rel}","templated":true}]}}