{"id":28220,"date":"2023-08-24T11:23:09","date_gmt":"2023-08-24T09:23:09","guid":{"rendered":"https:\/\/poll-berlin.de\/galerie\/?page_id=28220"},"modified":"2025-07-29T13:29:49","modified_gmt":"2025-07-29T11:29:49","slug":"exhibitions","status":"publish","type":"page","link":"https:\/\/poll-berlin.de\/galerie\/en\/gallery-artists\/andreas-silbermann-2-2\/exhibitions\/","title":{"rendered":"Exhibitions"},"content":{"rendered":"\n<p><strong>Solo and group exhibitions (selection)<\/strong><\/p>\n\n\n\n<div style=\"height:10px\" aria-hidden=\"true\" class=\"wp-block-spacer\"><\/div>\n\n\n\n<figure class=\"wp-block-table\"><table><tbody><tr><td>2025<\/td><td>Galerie Poll, Berlin<\/td><\/tr><tr><td>2022<\/td><td>Galerie Poll, Berlin<\/td><\/tr><tr><td>2019-2020<\/td><td>Galerie Poll, Berlin (with Heike Negenborn)<\/td><\/tr><tr><td>2017<\/td><td>Galerie Burkhard Eikelmann, D\u00fcsseldorf<br>Galerie R\u00fcthm\u00fcller, Basel<\/td><\/tr><tr><td>2016<\/td><td>Starke Foundation, Berlin<br>Galerie Clariant, Basel<\/td><\/tr><tr><td>2015<\/td><td>Starke Foundation, Berlin<\/td><\/tr><tr><td>2013<\/td><td>Galerie Barbara Ruetz, Munich<\/td><\/tr><tr><td>2012<\/td><td>Kunsthalle Wilhelmshaven<br>Starke Foundation, Berlin<\/td><\/tr><tr><td>2011<\/td><td>Galerie Christine Rother, Wiesbaden<br>Starke Foundation, Berlin<br>Galerie Burkhard Eikelmann, D\u00fcsseldorf<\/td><\/tr><tr><td>2010<\/td><td>Galerie Barbara Ruetz, Munich<\/td><\/tr><tr><td>2009<\/td><td>Galerie Lonnes, Bremen<\/td><\/tr><tr><td>2008<\/td><td>Hilden Art Association<br>Galerie Diede, Burgbrohl<br>Kunsthalle Wilhelmshaven<\/td><\/tr><tr><td>2007<\/td><td>Galerie K\u00fcper, Stuttgart<br>Galerie Burkhard Eikelmann, D\u00fcsseldorf<\/td><\/tr><tr><td>2006<\/td><td>Neuffer am Park Kunsthalle, Pirmasens<br>Galerie Lonnes, Bremen<\/td><\/tr><tr><td>2005<\/td><td>Galerie Ute Brummel, Dortmund<br>Galerie Interno 9, Rome<\/td><\/tr><tr><td>2004<\/td><td>Galerie Lonnes, Worpswede<br>Goethe-Institut Rome<br>State Museum Tivat (Montenegro)<br>Goethe-Institut Bremen<\/td><\/tr><tr><td>2003<\/td><td>Starke Foundation, Berlin<br>Kaiserhalle, Burgbrohl<br>Galerie Burkhard Eikelmann, D\u00fcsseldorf<\/td><\/tr><tr><td>2002<\/td><td>Galerie Matthias K\u00fcper, Swabian-Gm\u00fcnd<br>Theres Castle, Obertheres<\/td><\/tr><tr><td>2001<\/td><td>Galerie Rhenus, Cologne<br>Vienna Art Center at Scottish Abbey, Vienna<\/td><\/tr><tr><td>2000<\/td><td>Galerie Ruetz, Munich<br>Galerie Burkhard Eikelmann, D\u00fcsseldorf<\/td><\/tr><tr><td>1999<\/td><td>Galerie Kyra Maralt, Berlin<\/td><\/tr><tr><td>1998<\/td><td>Stiftung Burg Kniphausen, Wilhelmshaven<\/td><\/tr><tr><td>1996<\/td><td>Galerie Szmycinska &amp; Stolz, Wiesbaden<br>Galerie Inter Art, Cologne<br>Galerie Burkhard Eikelmann, Essen<\/td><\/tr><tr><td>1995<\/td><td>Galerie Avantgarde, Berlin<br>Galerie Kai Hilgemann, Berlin<\/td><\/tr><tr><td>1994<\/td><td>Galerie Orbis Pictus, Berlin<\/td><\/tr><tr><td>1991<\/td><td>Galerie Knaackstreet 90, Berlin<\/td><\/tr><tr><td>1990<\/td><td>Hanover Art Association<\/td><\/tr><\/tbody><\/table><\/figure>\n","protected":false},"excerpt":{"rendered":"<p>Solo and group exhibitions (selection) 2025 Galerie Poll, Berlin 2022 Galerie Poll, Berlin 2019-2020 Galerie Poll, Berlin (with Heike Negenborn) 2017 Galerie Burkhard Eikelmann, D\u00fcsseldorfGalerie R\u00fcthm\u00fcller, Basel 2016 Starke Foundation, BerlinGalerie Clariant, Basel 2015 Starke Foundation, Berlin 2013 Galerie Barbara Ruetz, Munich 2012 Kunsthalle WilhelmshavenStarke Foundation, Berlin 2011 Galerie Christine Rother, WiesbadenStarke Foundation, BerlinGalerie Burkhard [&hellip;]<\/p>\n","protected":false},"author":1,"featured_media":0,"parent":28213,"menu_order":1,"comment_status":"closed","ping_status":"closed","template":"kuenstler-text.php","meta":{"_acf_changed":false,"footnotes":""},"class_list":["post-28220","page","type-page","status-publish","hentry"],"acf":[],"_links":{"self":[{"href":"https:\/\/poll-berlin.de\/galerie\/wp-json\/wp\/v2\/pages\/28220","targetHints":{"allow":["GET"]}}],"collection":[{"href":"https:\/\/poll-berlin.de\/galerie\/wp-json\/wp\/v2\/pages"}],"about":[{"href":"https:\/\/poll-berlin.de\/galerie\/wp-json\/wp\/v2\/types\/page"}],"author":[{"embeddable":true,"href":"https:\/\/poll-berlin.de\/galerie\/wp-json\/wp\/v2\/users\/1"}],"replies":[{"embeddable":true,"href":"https:\/\/poll-berlin.de\/galerie\/wp-json\/wp\/v2\/comments?post=28220"}],"version-history":[{"count":5,"href":"https:\/\/poll-berlin.de\/galerie\/wp-json\/wp\/v2\/pages\/28220\/revisions"}],"predecessor-version":[{"id":43695,"href":"https:\/\/poll-berlin.de\/galerie\/wp-json\/wp\/v2\/pages\/28220\/revisions\/43695"}],"up":[{"embeddable":true,"href":"https:\/\/poll-berlin.de\/galerie\/wp-json\/wp\/v2\/pages\/28213"}],"wp:attachment":[{"href":"https:\/\/poll-berlin.de\/galerie\/wp-json\/wp\/v2\/media?parent=28220"}],"curies":[{"name":"wp","href":"https:\/\/api.w.org\/{rel}","templated":true}]}}