{"id":28210,"date":"2023-01-07T18:05:24","date_gmt":"2023-01-07T17:05:24","guid":{"rendered":"https:\/\/poll-berlin.de\/galerie\/?page_id=28210"},"modified":"2025-06-04T15:36:43","modified_gmt":"2025-06-04T13:36:43","slug":"works-in-collections","status":"publish","type":"page","link":"https:\/\/poll-berlin.de\/galerie\/en\/gallery-artists\/jan-schueler\/works-in-collections\/","title":{"rendered":"Works in collections"},"content":{"rendered":"\n<p><strong>Works in collections<\/strong><\/p>\n\n\n\n<p>Maria Lucia and Ingo Kl\u00f6cker Collection, Bad Homburg<br>RheinRomantik Collection, Bonn<br>PricewaterhouseCoopers GmbH, D\u00fcsseldorf<br>Oberhessian Museum, Gie\u00dfen<br>Obentraut3 Museum, Ingelheim<br>Angerlehner Museum, Thalheim near Wels<\/p>\n","protected":false},"excerpt":{"rendered":"<p>Works in collections Maria Lucia and Ingo Kl\u00f6cker Collection, Bad HomburgRheinRomantik Collection, BonnPricewaterhouseCoopers GmbH, D\u00fcsseldorfOberhessian Museum, Gie\u00dfenObentraut3 Museum, IngelheimAngerlehner Museum, Thalheim near Wels<\/p>\n","protected":false},"author":1,"featured_media":0,"parent":28204,"menu_order":2,"comment_status":"closed","ping_status":"closed","template":"kuenstler-text.php","meta":{"_acf_changed":false,"footnotes":""},"class_list":["post-28210","page","type-page","status-publish","hentry"],"acf":[],"_links":{"self":[{"href":"https:\/\/poll-berlin.de\/galerie\/wp-json\/wp\/v2\/pages\/28210","targetHints":{"allow":["GET"]}}],"collection":[{"href":"https:\/\/poll-berlin.de\/galerie\/wp-json\/wp\/v2\/pages"}],"about":[{"href":"https:\/\/poll-berlin.de\/galerie\/wp-json\/wp\/v2\/types\/page"}],"author":[{"embeddable":true,"href":"https:\/\/poll-berlin.de\/galerie\/wp-json\/wp\/v2\/users\/1"}],"replies":[{"embeddable":true,"href":"https:\/\/poll-berlin.de\/galerie\/wp-json\/wp\/v2\/comments?post=28210"}],"version-history":[{"count":8,"href":"https:\/\/poll-berlin.de\/galerie\/wp-json\/wp\/v2\/pages\/28210\/revisions"}],"predecessor-version":[{"id":42892,"href":"https:\/\/poll-berlin.de\/galerie\/wp-json\/wp\/v2\/pages\/28210\/revisions\/42892"}],"up":[{"embeddable":true,"href":"https:\/\/poll-berlin.de\/galerie\/wp-json\/wp\/v2\/pages\/28204"}],"wp:attachment":[{"href":"https:\/\/poll-berlin.de\/galerie\/wp-json\/wp\/v2\/media?parent=28210"}],"curies":[{"name":"wp","href":"https:\/\/api.w.org\/{rel}","templated":true}]}}