{"id":28208,"date":"2023-01-09T22:08:02","date_gmt":"2023-01-09T21:08:02","guid":{"rendered":"https:\/\/poll-berlin.de\/galerie\/?page_id=28208"},"modified":"2026-01-29T19:11:50","modified_gmt":"2026-01-29T18:11:50","slug":"biography","status":"publish","type":"page","link":"https:\/\/poll-berlin.de\/galerie\/en\/gallery-artists\/jan-schueler\/biography\/","title":{"rendered":"Biography"},"content":{"rendered":"\n<p><strong>Biography<\/strong><\/p>\n\n\n\n<div style=\"height:10px\" aria-hidden=\"true\" class=\"wp-block-spacer\"><\/div>\n\n\n\n<figure class=\"wp-block-table\"><table><tbody><tr><td>1963<\/td><td>born in Gie\u00dfen<\/td><\/tr><tr><td>1983-1985<\/td><td>Studies of Communication design at the Mainz and D\u00fcsseldorf Universities of Applied Sciences<\/td><\/tr><tr><td>1985-1993<\/td><td>Studies of Painting at the D\u00fcsseldorf Art Academy, with Rissa<\/td><\/tr><tr><td>1992<\/td><td>Master student with Fritz Schwegler<\/td><\/tr><tr><td>since 2013<\/td><td>Member of the Advisory Board of the Kunststiftung Poll, Berlin<\/td><\/tr><tr><td>2022-2023<\/td><td>Substitute professorship for Painting at the M\u00fcnster Art Academy (class Prof. Cornelius V\u00f6lker)<\/td><\/tr><\/tbody><\/table><\/figure>\n\n\n\n<p>Jan Sch\u00fclers lives and works in D\u00fcsseldorf.<\/p>\n\n\n\n<div style=\"height:10px\" aria-hidden=\"true\" class=\"wp-block-spacer\"><\/div>\n\n\n\n<p><strong>Awards and grants<\/strong><\/p>\n\n\n\n<div style=\"height:10px\" aria-hidden=\"true\" class=\"wp-block-spacer\"><\/div>\n\n\n\n<figure class=\"wp-block-table\"><table><tbody><tr><td>2010<\/td><td>Jury Award of the Langenfeld Art Association<\/td><\/tr><tr><td>1996<\/td><td>Promotion Award for Visual Arts of the City of D\u00fcsseldorf<\/td><\/tr><\/tbody><\/table><\/figure>\n","protected":false},"excerpt":{"rendered":"<p>Biography 1963 born in Gie\u00dfen 1983-1985 Studies of Communication design at the Mainz and D\u00fcsseldorf Universities of Applied Sciences 1985-1993 Studies of Painting at the D\u00fcsseldorf Art Academy, with Rissa 1992 Master student with Fritz Schwegler since 2013 Member of the Advisory Board of the Kunststiftung Poll, Berlin 2022-2023 Substitute professorship for Painting at the [&hellip;]<\/p>\n","protected":false},"author":1,"featured_media":0,"parent":28204,"menu_order":0,"comment_status":"closed","ping_status":"closed","template":"kuenstler-text.php","meta":{"_acf_changed":false,"footnotes":""},"class_list":["post-28208","page","type-page","status-publish","hentry"],"acf":[],"_links":{"self":[{"href":"https:\/\/poll-berlin.de\/galerie\/wp-json\/wp\/v2\/pages\/28208","targetHints":{"allow":["GET"]}}],"collection":[{"href":"https:\/\/poll-berlin.de\/galerie\/wp-json\/wp\/v2\/pages"}],"about":[{"href":"https:\/\/poll-berlin.de\/galerie\/wp-json\/wp\/v2\/types\/page"}],"author":[{"embeddable":true,"href":"https:\/\/poll-berlin.de\/galerie\/wp-json\/wp\/v2\/users\/1"}],"replies":[{"embeddable":true,"href":"https:\/\/poll-berlin.de\/galerie\/wp-json\/wp\/v2\/comments?post=28208"}],"version-history":[{"count":12,"href":"https:\/\/poll-berlin.de\/galerie\/wp-json\/wp\/v2\/pages\/28208\/revisions"}],"predecessor-version":[{"id":45094,"href":"https:\/\/poll-berlin.de\/galerie\/wp-json\/wp\/v2\/pages\/28208\/revisions\/45094"}],"up":[{"embeddable":true,"href":"https:\/\/poll-berlin.de\/galerie\/wp-json\/wp\/v2\/pages\/28204"}],"wp:attachment":[{"href":"https:\/\/poll-berlin.de\/galerie\/wp-json\/wp\/v2\/media?parent=28208"}],"curies":[{"name":"wp","href":"https:\/\/api.w.org\/{rel}","templated":true}]}}