{"id":28174,"date":"2023-08-03T14:16:05","date_gmt":"2023-08-03T12:16:05","guid":{"rendered":"https:\/\/poll-berlin.de\/galerie\/?page_id=28174"},"modified":"2025-11-24T15:12:17","modified_gmt":"2025-11-24T14:12:17","slug":"exhibitions","status":"publish","type":"page","link":"https:\/\/poll-berlin.de\/galerie\/en\/gallery-artists\/wolfgang-petrick\/exhibitions\/","title":{"rendered":"Exhibitions"},"content":{"rendered":"\n<p><strong>Solo exhibitions (selection)<\/strong><\/p>\n\n\n\n<div style=\"height:10px\" aria-hidden=\"true\" class=\"wp-block-spacer\"><\/div>\n\n\n\n<figure class=\"wp-block-table\"><table><tbody><tr><td>2022-2023<\/td><td>WAI Woods Art Institute, Wentorf near Hamburg<\/td><\/tr><tr><td>2017<\/td><td>Max Liebermann House, Berlin<\/td><\/tr><tr><td>2016<\/td><td>Buchholz Art Association<\/td><\/tr><tr><td>2015<\/td><td>Kunststiftung Poll, Berlin<\/td><\/tr><tr><td>2013<\/td><td>Museum der Bildenden K\u00fcnste Leipzig<br>Gallery of the City of Sindelfingen<\/td><\/tr><tr><td>2012<\/td><td>Kunsthalle Dominikanerkirche, Osnabr\u00fcck<\/td><\/tr><tr><td>2010<\/td><td>Falckenberg Collection, Hamburg-Harburg<\/td><\/tr><tr><td>2008<\/td><td>Sara Asperger Gallery, Berlin<br>Galerie Litera, Prague<\/td><\/tr><tr><td>2007<\/td><td>Galerie Eva Poll, Berlin (with Sabina Grzimek)<\/td><\/tr><tr><td>2004<\/td><td>Academy of Arts, Berlin<br>pepperprojects, Berlin<\/td><\/tr><tr><td>2003<\/td><td>Literaturhaus Berlin (with Hans Christoph Buch)<br>Printing workshop in the K\u00fcnstlerhaus Bethanien, Berlin<br>Galerie Art Bug \u2013 DIEDA, Bassano del Grappa (Italy)<\/td><\/tr><tr><td>2002<\/td><td>Farrel-Pollack Fine Art, New York City<\/td><\/tr><tr><td>1996<\/td><td>Vizivarosi Galeria, Budapest<\/td><\/tr><tr><td>1992<\/td><td>Galerie Asperger, Strasbourg<\/td><\/tr><tr><td>1990<\/td><td>Hamburger Kunsthalle<br>Kampnagel-Fabrik, Hamburg<\/td><\/tr><tr><td>1986<\/td><td>Galerie Asperger &amp; Bischoff, Chicago<\/td><\/tr><tr><td>1985<\/td><td>Galerie Eva Poll, Berlin<\/td><\/tr><tr><td>1984<\/td><td>Galerie Hermeyer, Munich<br>Pforzheim Art Association (with Reinhard Lange)<\/td><\/tr><tr><td>1983<\/td><td>Wiesbaden Art Association<br>Galerie Niepel, D\u00fcsseldorf<\/td><\/tr><tr><td>1979<\/td><td>Staatliche Kunsthalle Berlin<\/td><\/tr><tr><td>1976<\/td><td>Kunsthalle Kiel<br>Galerie Brusberg, Hanover<\/td><\/tr><tr><td>1975<\/td><td>New Gallery &#8211; Ludwig Collection, Aachen<br>Kunsthalle Gothenburg<\/td><\/tr><tr><td>1972<\/td><td>Galerie Eva Poll, Berlin<\/td><\/tr><tr><td>1971<\/td><td>Kunstverein f\u00fcr die Rheinlande und Westfalen e.V., D\u00fcsseldorf (with Hans-J\u00fcrgen Diehl)<\/td><\/tr><tr><td>1969<\/td><td>Galerie Niepel, D\u00fcsseldorf<br>Galerie Eva Poll, Berlin<br>Haus am Waldsee, Berlin<br>(with Werner Berges, Hans-J\u00fcrgen Diehl and Peter Sorge)<\/td><\/tr><tr><td>1964<\/td><td>Gro\u00dfg\u00f6rschen 35, Berlin<\/td><\/tr><\/tbody><\/table><\/figure>\n\n\n\n<div style=\"height:10px\" aria-hidden=\"true\" class=\"wp-block-spacer\"><\/div>\n\n\n\n<p><strong>Group exhibitions (selection)<\/strong><\/p>\n\n\n\n<div style=\"height:10px\" aria-hidden=\"true\" class=\"wp-block-spacer\"><\/div>\n\n\n\n<figure class=\"wp-block-table\"><table><tbody><tr><td>2025<\/td><td>Scharf-Gerstenberg Collection, Berlin<\/td><\/tr><tr><td>2018<\/td><td>Ludwig Forum f\u00fcr Internationale Kunst, Aachen<br>Kunststiftung Poll, Berlin<\/td><\/tr><tr><td>2017<\/td><td>Latvian National Museum of Art, Riga<\/td><\/tr><tr><td>2016<\/td><td>Galerie Poll and Kunststiftung Poll, Berlin<\/td><\/tr><tr><td>2014<\/td><td>Stiftung Starke, Berlin<br>Haus am Kleistpark, Berlin (in cooperation with Kunststiftung Poll, Berlin)<\/td><\/tr><tr><td>2013<\/td><td>Weserburg Museum f\u00fcr moderne Kunst, Bremen<\/td><\/tr><tr><td>2012<\/td><td>Heilbronn Municipal Museums<\/td><\/tr><tr><td>2011<\/td><td>Prinzhorn Collection, Heidelberg<\/td><\/tr><tr><td>2010<\/td><td>First Amendment Center, Nashville (USA)<br>The Aspen Institute, Aspen (USA)<br>Pepco\u2018s Edison Place Gallery, Washington D.C.<br>University of Texas San Antonio Art Gallery, San Antonio (USA)<br>Ludwig Museum Koblenz<\/td><\/tr><tr><td>2009<\/td><td>Museum of Contemporary Art, Skopje (Macedonia)<br>Academy of Arts, Berlin<\/td><\/tr><tr><td>2007<\/td><td>Villa Oppenheim, Berlin<br>Galerie Brusberg, Berlin<\/td><\/tr><tr><td>2005<\/td><td>Galerie Eva Poll, Berlin<br>Sprengel Museum Hanover<br>Georg Kolbe Museum, Berlin<br>Berlinische Galerie &#8211; Museum of Modern Art<\/td><\/tr><tr><td>2004<\/td><td>Marcher Museum Witten (in cooperation with Galerie Eva Poll, Berlin)<br>Klingspor Museum, Offenbach<br>San Antonio Public Library Foundation, San Antonio (USA)<\/td><\/tr><tr><td>2003<\/td><td>Adam Opel AG, Berlin and R\u00fcsselsheim<br>A-Space, New York City<br>Martin-Gropius-Bau, Berlin<\/td><\/tr><tr><td>1999<\/td><td>Museum of Prints and Drawings, Berlin<\/td><\/tr><tr><td>1998<\/td><td>Harvard University Museum, Cambridge<br>Galerie Eva Poll, Berlin<\/td><\/tr><tr><td>1989<\/td><td>High Museum of Art, Atlanta (USA)<br>Gulbenkian Foundation, Lisbon<br>Galerie Eva Poll, Berlin<br>NGBK in the Staatliche Kunsthalle Berlin<\/td><\/tr><tr><td>1988<\/td><td>Berlinische Galerie &#8211; Museum of Modern Art<br>New National Gallery of the Berlin State Museums<\/td><\/tr><tr><td>1985<\/td><td>Hirshhorn Museum, Washington D.C.<\/td><\/tr><tr><td>1983<\/td><td>New National Gallery of the Berlin State Museums<\/td><\/tr><tr><td>1981<\/td><td>Kulturhuset, Stockholm<br>Galerie Brusberg, Berlin<\/td><\/tr><tr><td>1979<\/td><td>Berlinische Galerie &#8211; Museum of Modern Art<\/td><\/tr><tr><td>1977-1978<\/td><td>\u201eAspekt Gro\u00dfstadt\u201c, Touring exhibition<\/td><\/tr><tr><td>1976<\/td><td>documenta 6, Kassel<\/td><\/tr><tr><td>1974<\/td><td>New Gallery &#8211; Ludwig Collection, Aachen<br>Galerie Eva Poll, Berlin<\/td><\/tr><tr><td>1973<\/td><td>Kunsthalle Recklinghausen<br>Galerie Eva Poll, Berlin<\/td><\/tr><tr><td>1972<\/td><td>3rd International Graphic Biennale, Florence<\/td><\/tr><tr><td>1972-1974<\/td><td>\u201ePrinzip Realismus\u201c, Touring exhibition<\/td><\/tr><tr><td>1971<\/td><td>7th Paris Youth Biennale<br>\u201eZeitgen\u00f6ssische deutsche Kunst\u201c, Touring exhibition<\/td><\/tr><tr><td>1970<\/td><td>Baden Art Association Karlsruhe<\/td><\/tr><tr><td>1969<\/td><td>Gro\u00dfg\u00f6rschen 35, Berlin<br>Kunsthalle Budapest<\/td><\/tr><tr><td>1967<\/td><td>Haus am Waldsee, Berlin<br>Hanover Art Association<\/td><\/tr><tr><td>1966<\/td><td>Kunsthalle Basel<br>Marcher Museum Witten<br>Museo Arte Moderno, Mexico City<br>Association of German Artists<\/td><\/tr><tr><td>1963-1968<\/td><td>Great Art Exhibition Munich<\/td><\/tr><tr><td>1963<\/td><td>Haus am Waldsee, Berlin<\/td><\/tr><\/tbody><\/table><\/figure>\n","protected":false},"excerpt":{"rendered":"<p>Solo exhibitions (selection) 2022-2023 WAI Woods Art Institute, Wentorf near Hamburg 2017 Max Liebermann House, Berlin 2016 Buchholz Art Association 2015 Kunststiftung Poll, Berlin 2013 Museum der Bildenden K\u00fcnste LeipzigGallery of the City of Sindelfingen 2012 Kunsthalle Dominikanerkirche, Osnabr\u00fcck 2010 Falckenberg Collection, Hamburg-Harburg 2008 Sara Asperger Gallery, BerlinGalerie Litera, Prague 2007 Galerie Eva Poll, Berlin [&hellip;]<\/p>\n","protected":false},"author":1,"featured_media":0,"parent":28169,"menu_order":1,"comment_status":"closed","ping_status":"closed","template":"kuenstler-text.php","meta":{"_acf_changed":false,"footnotes":""},"class_list":["post-28174","page","type-page","status-publish","hentry"],"acf":[],"_links":{"self":[{"href":"https:\/\/poll-berlin.de\/galerie\/wp-json\/wp\/v2\/pages\/28174","targetHints":{"allow":["GET"]}}],"collection":[{"href":"https:\/\/poll-berlin.de\/galerie\/wp-json\/wp\/v2\/pages"}],"about":[{"href":"https:\/\/poll-berlin.de\/galerie\/wp-json\/wp\/v2\/types\/page"}],"author":[{"embeddable":true,"href":"https:\/\/poll-berlin.de\/galerie\/wp-json\/wp\/v2\/users\/1"}],"replies":[{"embeddable":true,"href":"https:\/\/poll-berlin.de\/galerie\/wp-json\/wp\/v2\/comments?post=28174"}],"version-history":[{"count":14,"href":"https:\/\/poll-berlin.de\/galerie\/wp-json\/wp\/v2\/pages\/28174\/revisions"}],"predecessor-version":[{"id":44820,"href":"https:\/\/poll-berlin.de\/galerie\/wp-json\/wp\/v2\/pages\/28174\/revisions\/44820"}],"up":[{"embeddable":true,"href":"https:\/\/poll-berlin.de\/galerie\/wp-json\/wp\/v2\/pages\/28169"}],"wp:attachment":[{"href":"https:\/\/poll-berlin.de\/galerie\/wp-json\/wp\/v2\/media?parent=28174"}],"curies":[{"name":"wp","href":"https:\/\/api.w.org\/{rel}","templated":true}]}}