{"id":28149,"date":"2023-01-07T17:39:10","date_gmt":"2023-01-07T16:39:10","guid":{"rendered":"https:\/\/poll-berlin.de\/galerie\/?page_id=28149"},"modified":"2025-10-08T14:19:48","modified_gmt":"2025-10-08T12:19:48","slug":"works-in-collection","status":"publish","type":"page","link":"https:\/\/poll-berlin.de\/galerie\/en\/gallery-artists\/thomas-lange\/works-in-collection\/","title":{"rendered":"Works in collections"},"content":{"rendered":"\n<p><strong>Works in collections<\/strong><\/p>\n\n\n\n<p>Artothek of the New Berlin Art Association (NBK)<br>Berlinische Galerie &#8211; Museum of Modern Art<br>Art Collection of the German Bundestag, Berlin<br>Kunststiftung Poll, Berlin<br>Museum of Prints and Drawings of the Berlin State Museums<br>Gay Museum, Berlin<br>The Contemporary Art Collection of the Federal Republic of Germany, Bonn<br>Goethe-Institut Brussels<br>Museo della Seta, Como (Italy)<br>Stiftung Museum Kunstpalast, D\u00fcsseldorf\u00a0<br>Deutsche Bank Collection, Frankfurt am Main<br>Gustav L\u00fcbcke Museum, Hamm<br>Craftsman&#8217;s house and trading centre, Karlstadt<br>W\u00fcrth Collection, K\u00fcnzelsau<br>Fondazione Mudima, Milan<br>Kunsthalle Mannheim<br>Philipps University of Marburg<br>Jutta and Manfred Heinrich Collection, Maulbronn<br>Miltenberg Castle Museum<br>Bavarian State Painting Collections, Munich<br>St Ulrich Diocesan Museum, Regensburg<br>Fondazione Volume!, Rome<br>Palazzo Collicola Arti Visive, Spoleto (Italy)<br>Museum at the Cathedral, W\u00fcrzburg<br>Von der Heydt Museum, Wuppertal<\/p>\n","protected":false},"excerpt":{"rendered":"<p>Works in collections Artothek of the New Berlin Art Association (NBK)Berlinische Galerie &#8211; Museum of Modern ArtArt Collection of the German Bundestag, BerlinKunststiftung Poll, BerlinMuseum of Prints and Drawings of the Berlin State MuseumsGay Museum, BerlinThe Contemporary Art Collection of the Federal Republic of Germany, BonnGoethe-Institut BrusselsMuseo della Seta, Como (Italy)Stiftung Museum Kunstpalast, D\u00fcsseldorf\u00a0Deutsche Bank [&hellip;]<\/p>\n","protected":false},"author":1,"featured_media":0,"parent":28141,"menu_order":2,"comment_status":"closed","ping_status":"closed","template":"kuenstler-text.php","meta":{"_acf_changed":false,"footnotes":""},"class_list":["post-28149","page","type-page","status-publish","hentry"],"acf":[],"_links":{"self":[{"href":"https:\/\/poll-berlin.de\/galerie\/wp-json\/wp\/v2\/pages\/28149","targetHints":{"allow":["GET"]}}],"collection":[{"href":"https:\/\/poll-berlin.de\/galerie\/wp-json\/wp\/v2\/pages"}],"about":[{"href":"https:\/\/poll-berlin.de\/galerie\/wp-json\/wp\/v2\/types\/page"}],"author":[{"embeddable":true,"href":"https:\/\/poll-berlin.de\/galerie\/wp-json\/wp\/v2\/users\/1"}],"replies":[{"embeddable":true,"href":"https:\/\/poll-berlin.de\/galerie\/wp-json\/wp\/v2\/comments?post=28149"}],"version-history":[{"count":13,"href":"https:\/\/poll-berlin.de\/galerie\/wp-json\/wp\/v2\/pages\/28149\/revisions"}],"predecessor-version":[{"id":44260,"href":"https:\/\/poll-berlin.de\/galerie\/wp-json\/wp\/v2\/pages\/28149\/revisions\/44260"}],"up":[{"embeddable":true,"href":"https:\/\/poll-berlin.de\/galerie\/wp-json\/wp\/v2\/pages\/28141"}],"wp:attachment":[{"href":"https:\/\/poll-berlin.de\/galerie\/wp-json\/wp\/v2\/media?parent=28149"}],"curies":[{"name":"wp","href":"https:\/\/api.w.org\/{rel}","templated":true}]}}