{"id":28127,"date":"2023-06-15T12:40:21","date_gmt":"2023-06-15T10:40:21","guid":{"rendered":"https:\/\/poll-berlin.de\/galerie\/?page_id=28127"},"modified":"2026-03-11T13:07:36","modified_gmt":"2026-03-11T12:07:36","slug":"exhibitions","status":"publish","type":"page","link":"https:\/\/poll-berlin.de\/galerie\/en\/gallery-artists\/eric-keller\/exhibitions\/","title":{"rendered":"Exhibitions"},"content":{"rendered":"\n<p><strong>Solo exhibitions (selection)<\/strong><\/p>\n\n\n\n<div style=\"height:10px\" aria-hidden=\"true\" class=\"wp-block-spacer\"><\/div>\n\n\n\n<figure class=\"wp-block-table\"><table><tbody><tr><td>2025<\/td><td>Laheen Gallery, Seoul (with GJ Kimsunken)<\/td><\/tr><tr><td>2023<\/td><td>Galerie Poll, Berlin<br>Galerie Wellemeyer, Plau am See (with Lutz Bleidorn)<\/td><\/tr><tr><td>2022<\/td><td>Galerie Leuenroth, Frankfurt am Main (with Kathrin Thiele)<\/td><\/tr><tr><td>2021<\/td><td>Schaulager of the Galerie Poll, Berlin<\/td><\/tr><tr><td>2020-2021<\/td><td>Galerie Poll, Berlin<\/td><\/tr><tr><td>2020<\/td><td>AG Galerie, Schwerin<\/td><\/tr><tr><td>2019<\/td><td>plan.d., D\u00fcsseldorf (with Carolin Israel)<br>Galerie Stephanie Kelly, Dresden (with Katar\u00edna Dubovsk\u00e1)<\/td><\/tr><tr><td>2018<\/td><td>Klippenstein Castle, Radeberg (with Michael Klipphahn)<br>Galerie Poll, Berlin<\/td><\/tr><tr><td>2017<\/td><td>Galerie Leuenroth, Frankfurt am Main<br>Kunztraum Dresden (with Michael Klipphahn)<\/td><\/tr><tr><td>2015<\/td><td>Albertinum of the Dresden State Art Collections, Dresden<br>galerie baer, Dresden<\/td><\/tr><tr><td>2014<\/td><td>galerie baer, Dresden<\/td><\/tr><tr><td>2013<\/td><td>Galerie Poll, Berlin (with Simon Rosenthal)<\/td><\/tr><tr><td>2012<\/td><td>Dresden University of Fine Arts (with Carolin Israel)<br>Galerie Irrgang, Leipzig<\/td><\/tr><tr><td>2011<\/td><td>Galerie Irrgang, Berlin (with Andreas Wachter)<\/td><\/tr><\/tbody><\/table><\/figure>\n\n\n\n<div style=\"height:10px\" aria-hidden=\"true\" class=\"wp-block-spacer\"><\/div>\n\n\n\n<p><strong>Group exhibitions (selection)<\/strong><\/p>\n\n\n\n<div style=\"height:10px\" aria-hidden=\"true\" class=\"wp-block-spacer\"><\/div>\n\n\n\n<figure class=\"wp-block-table\"><table><tbody><tr><td>2025-2026<\/td><td>Galerie Poll, Berlin<\/td><\/tr><tr><td>2024-2025<\/td><td>Dresden Municipal Gallery<\/td><\/tr><tr><td>2024<\/td><td>Galerie Biesenbach, K\u00f6ln<br>Galerie Leuenroth, Frankfurt am Main<\/td><\/tr><tr><td>2022<\/td><td>Galerie Wellemeyer, Plau am See<br>Motorenhalle, Dresden<br>Palais des Beaux Artes, Paris<\/td><\/tr><tr><td>2021<\/td><td>Dresden Municipal Gallery<\/td><\/tr><tr><td>2020<\/td><td>Art Exhibition Hall of the Sparkasse Leipzig<br>Tapetenwerk, Leipzig<\/td><\/tr><tr><td>2019<\/td><td>Galerie Leuenroth, Frankfurt am Main<br>Galerie Holger John, Dresden<br>Galerie Irrgang, Leipzig<br>Halle 14, Leipzig Cotton Mill<br>Saxon State Representation, Berlin<\/td><\/tr><tr><td>20218<\/td><td>Volksbank eG, Gera<br>Galerie Evelyn Drewes, Hamburg<br>Octagon of the Dresden University of Fine Arts<br>Academy of Fine Arts Leipzig<br>Galerie Rothamel, Erfurt<br>LAZ Gallery, Zurich<\/td><\/tr><tr><td>2017<\/td><td>Kunztraum, Dresden<br>Galerie Leuenroth, Frankfurt on the Main<br>Tapetenwerk, Leipzig<br>Galerie Ursula Walter, Dresden<br>Sulzfeld Art Association<br>Barlachhalle, Hamburg<br>objekt klein a, Dresden<\/td><\/tr><tr><td>2016<\/td><td>Galerie Pilsen and Cheb Museum (Czech Republic)<br>Galerie Hoffschild, L\u00fcbeck<br>Galerie ff15, Leipzig<br>KOMMUNALKA, Leipzig<br>Galerie Leuenroth, Frankfurt am Main<\/td><\/tr><tr><td>2014<\/td><td>Galerie Poll, Berlin<br>Art Asociation &#8222;Freunde Aktueller Kunst&#8220;, Zwickau<br>HELLERAU \u2013 European Centre for the Arts, Dresden<br>Dresden University of Fine Arts<br>DOX \u2013 Centre for Contemporary Art, Prague<br>Art in Perpetuity Trust \u2013 A.P.T. Gallery, London<br>Delikatessenhaus Leipzig<br>galerie baer, Dresden<\/td><\/tr><tr><td>2013<\/td><td>Kunstraum GEH8, Dresden<br>galerie baer, Dresden<br>Galerie Irrgang, Leipzig and Berlin<\/td><\/tr><tr><td>2012<\/td><td>Galerie Poll, Berlin<br>F14 \u2013 Offspace for Contemporary Art, Dresden<br>galerie baer, Dresden<\/td><\/tr><tr><td>2011<\/td><td>&#8222;Kellerausstellung&#8220; of the group ZWANZIGZEHN, Dresden<br>Galerie Irrgang, Berlin and Leipzig<br>Galerie ZanderKasten, Dresden<\/td><\/tr><tr><td>2010<\/td><td>Galerie Irrgang, Leipzig<\/td><\/tr><\/tbody><\/table><\/figure>\n","protected":false},"excerpt":{"rendered":"<p>Solo exhibitions (selection) 2025 Laheen Gallery, Seoul (with GJ Kimsunken) 2023 Galerie Poll, BerlinGalerie Wellemeyer, Plau am See (with Lutz Bleidorn) 2022 Galerie Leuenroth, Frankfurt am Main (with Kathrin Thiele) 2021 Schaulager of the Galerie Poll, Berlin 2020-2021 Galerie Poll, Berlin 2020 AG Galerie, Schwerin 2019 plan.d., D\u00fcsseldorf (with Carolin Israel)Galerie Stephanie Kelly, Dresden (with [&hellip;]<\/p>\n","protected":false},"author":1,"featured_media":0,"parent":28124,"menu_order":1,"comment_status":"closed","ping_status":"closed","template":"kuenstler-text.php","meta":{"_acf_changed":false,"footnotes":""},"class_list":["post-28127","page","type-page","status-publish","hentry"],"acf":[],"_links":{"self":[{"href":"https:\/\/poll-berlin.de\/galerie\/wp-json\/wp\/v2\/pages\/28127","targetHints":{"allow":["GET"]}}],"collection":[{"href":"https:\/\/poll-berlin.de\/galerie\/wp-json\/wp\/v2\/pages"}],"about":[{"href":"https:\/\/poll-berlin.de\/galerie\/wp-json\/wp\/v2\/types\/page"}],"author":[{"embeddable":true,"href":"https:\/\/poll-berlin.de\/galerie\/wp-json\/wp\/v2\/users\/1"}],"replies":[{"embeddable":true,"href":"https:\/\/poll-berlin.de\/galerie\/wp-json\/wp\/v2\/comments?post=28127"}],"version-history":[{"count":10,"href":"https:\/\/poll-berlin.de\/galerie\/wp-json\/wp\/v2\/pages\/28127\/revisions"}],"predecessor-version":[{"id":45422,"href":"https:\/\/poll-berlin.de\/galerie\/wp-json\/wp\/v2\/pages\/28127\/revisions\/45422"}],"up":[{"embeddable":true,"href":"https:\/\/poll-berlin.de\/galerie\/wp-json\/wp\/v2\/pages\/28124"}],"wp:attachment":[{"href":"https:\/\/poll-berlin.de\/galerie\/wp-json\/wp\/v2\/media?parent=28127"}],"curies":[{"name":"wp","href":"https:\/\/api.w.org\/{rel}","templated":true}]}}