{"id":28106,"date":"2022-11-23T17:31:40","date_gmt":"2022-11-23T16:31:40","guid":{"rendered":"https:\/\/poll-berlin.de\/galerie\/?page_id=28106"},"modified":"2024-05-23T17:20:25","modified_gmt":"2024-05-23T15:20:25","slug":"peter-herrmann","status":"publish","type":"page","link":"https:\/\/poll-berlin.de\/galerie\/en\/gallery-artists\/peter-herrmann\/","title":{"rendered":"Peter Herrmann"},"content":{"rendered":"","protected":false},"excerpt":{"rendered":"","protected":false},"author":2,"featured_media":0,"parent":4703,"menu_order":12,"comment_status":"closed","ping_status":"closed","template":"kuenstler.php","meta":{"_acf_changed":false,"footnotes":""},"class_list":["post-28106","page","type-page","status-publish","hentry"],"acf":{"photo_gallery":{"bilder":[[{"id":37274,"title":"PH_Salute Vittore Carpaccio, 2003, 200 x 200 cm_web","caption":"Peter Herrmann, Salute Vittore Carpaccio, 2003, oil on canvas, 200 x 200 cm","full_image_url":"https:\/\/poll-berlin.de\/galerie\/wp-content\/uploads\/PH_Salute-Vittore-Carpaccio-2003-200-x-200-cm_web.jpg","thumbnail_image_url":"https:\/\/poll-berlin.de\/galerie\/wp-content\/uploads\/PH_Salute-Vittore-Carpaccio-2003-200-x-200-cm_web-150x150.jpg","large_srcset":"https:\/\/poll-berlin.de\/galerie\/wp-content\/uploads\/PH_Salute-Vittore-Carpaccio-2003-200-x-200-cm_web-800x789.jpg 800w, https:\/\/poll-berlin.de\/galerie\/wp-content\/uploads\/PH_Salute-Vittore-Carpaccio-2003-200-x-200-cm_web-300x296.jpg 300w, https:\/\/poll-berlin.de\/galerie\/wp-content\/uploads\/PH_Salute-Vittore-Carpaccio-2003-200-x-200-cm_web-768x758.jpg 768w, https:\/\/poll-berlin.de\/galerie\/wp-content\/uploads\/PH_Salute-Vittore-Carpaccio-2003-200-x-200-cm_web.jpg 1500w","medium_srcset":"https:\/\/poll-berlin.de\/galerie\/wp-content\/uploads\/PH_Salute-Vittore-Carpaccio-2003-200-x-200-cm_web-300x296.jpg 300w, https:\/\/poll-berlin.de\/galerie\/wp-content\/uploads\/PH_Salute-Vittore-Carpaccio-2003-200-x-200-cm_web-800x789.jpg 800w, https:\/\/poll-berlin.de\/galerie\/wp-content\/uploads\/PH_Salute-Vittore-Carpaccio-2003-200-x-200-cm_web-768x758.jpg 768w, https:\/\/poll-berlin.de\/galerie\/wp-content\/uploads\/PH_Salute-Vittore-Carpaccio-2003-200-x-200-cm_web.jpg 1500w","media_details":{"width":1500,"height":1480,"sizes":{"medium":{"file":"PH_Salute-Vittore-Carpaccio-2003-200-x-200-cm_web-300x296.jpg","width":300,"height":296,"mime-type":"image\/jpeg","filesize":23638,"source_url":"https:\/\/poll-berlin.de\/galerie\/wp-content\/uploads\/PH_Salute-Vittore-Carpaccio-2003-200-x-200-cm_web-300x296.jpg"},"large":{"file":"PH_Salute-Vittore-Carpaccio-2003-200-x-200-cm_web-800x789.jpg","width":800,"height":789,"mime-type":"image\/jpeg","filesize":122143,"source_url":"https:\/\/poll-berlin.de\/galerie\/wp-content\/uploads\/PH_Salute-Vittore-Carpaccio-2003-200-x-200-cm_web-800x789.jpg"},"thumbnail":{"file":"PH_Salute-Vittore-Carpaccio-2003-200-x-200-cm_web-150x150.jpg","width":150,"height":150,"mime-type":"image\/jpeg","filesize":7891,"source_url":"https:\/\/poll-berlin.de\/galerie\/wp-content\/uploads\/PH_Salute-Vittore-Carpaccio-2003-200-x-200-cm_web-150x150.jpg"},"medium_large":{"file":"PH_Salute-Vittore-Carpaccio-2003-200-x-200-cm_web-768x758.jpg","width":768,"height":758,"mime-type":"image\/jpeg","filesize":113895,"source_url":"https:\/\/poll-berlin.de\/galerie\/wp-content\/uploads\/PH_Salute-Vittore-Carpaccio-2003-200-x-200-cm_web-768x758.jpg"}}},"alt_text":"","url":"","target":""},{"id":37275,"title":"PH_Wenn Leoparden tr\u00e4umen_1991_web","caption":"Peter Herrmann, When leopards dream, 1991, oil on canvas, 205 x 175 cm","full_image_url":"https:\/\/poll-berlin.de\/galerie\/wp-content\/uploads\/PH_Wenn-Leoparden-traeumen_1991_web.jpg","thumbnail_image_url":"https:\/\/poll-berlin.de\/galerie\/wp-content\/uploads\/PH_Wenn-Leoparden-traeumen_1991_web-150x150.jpg","large_srcset":"https:\/\/poll-berlin.de\/galerie\/wp-content\/uploads\/PH_Wenn-Leoparden-traeumen_1991_web-800x943.jpg 800w, https:\/\/poll-berlin.de\/galerie\/wp-content\/uploads\/PH_Wenn-Leoparden-traeumen_1991_web-254x300.jpg 254w, https:\/\/poll-berlin.de\/galerie\/wp-content\/uploads\/PH_Wenn-Leoparden-traeumen_1991_web-768x906.jpg 768w, https:\/\/poll-berlin.de\/galerie\/wp-content\/uploads\/PH_Wenn-Leoparden-traeumen_1991_web.jpg 1272w","medium_srcset":"https:\/\/poll-berlin.de\/galerie\/wp-content\/uploads\/PH_Wenn-Leoparden-traeumen_1991_web-254x300.jpg 254w, https:\/\/poll-berlin.de\/galerie\/wp-content\/uploads\/PH_Wenn-Leoparden-traeumen_1991_web-800x943.jpg 800w, https:\/\/poll-berlin.de\/galerie\/wp-content\/uploads\/PH_Wenn-Leoparden-traeumen_1991_web-768x906.jpg 768w, https:\/\/poll-berlin.de\/galerie\/wp-content\/uploads\/PH_Wenn-Leoparden-traeumen_1991_web.jpg 1272w","media_details":{"width":1272,"height":1500,"sizes":{"medium":{"file":"PH_Wenn-Leoparden-traeumen_1991_web-254x300.jpg","width":254,"height":300,"mime-type":"image\/jpeg","filesize":20352,"source_url":"https:\/\/poll-berlin.de\/galerie\/wp-content\/uploads\/PH_Wenn-Leoparden-traeumen_1991_web-254x300.jpg"},"large":{"file":"PH_Wenn-Leoparden-traeumen_1991_web-800x943.jpg","width":800,"height":943,"mime-type":"image\/jpeg","filesize":152064,"source_url":"https:\/\/poll-berlin.de\/galerie\/wp-content\/uploads\/PH_Wenn-Leoparden-traeumen_1991_web-800x943.jpg"},"thumbnail":{"file":"PH_Wenn-Leoparden-traeumen_1991_web-150x150.jpg","width":150,"height":150,"mime-type":"image\/jpeg","filesize":7751,"source_url":"https:\/\/poll-berlin.de\/galerie\/wp-content\/uploads\/PH_Wenn-Leoparden-traeumen_1991_web-150x150.jpg"},"medium_large":{"file":"PH_Wenn-Leoparden-traeumen_1991_web-768x906.jpg","width":768,"height":906,"mime-type":"image\/jpeg","filesize":141659,"source_url":"https:\/\/poll-berlin.de\/galerie\/wp-content\/uploads\/PH_Wenn-Leoparden-traeumen_1991_web-768x906.jpg"}}},"alt_text":"","url":"","target":""},{"id":1876,"title":"","caption":"Peter Herrmann, In den S\u00e4chsischen W\u00e4ldern - August 1968, 2003, \u00d6l auf Leinwand, 125 x 315 cm","full_image_url":"https:\/\/poll-berlin.de\/galerie\/wp-content\/uploads\/PH_In-den-Saechsischen-Waeldern_2003_1500Px.jpg","thumbnail_image_url":"https:\/\/poll-berlin.de\/galerie\/wp-content\/uploads\/PH_In-den-Saechsischen-Waeldern_2003_1500Px-150x150.jpg","large_srcset":"https:\/\/poll-berlin.de\/galerie\/wp-content\/uploads\/PH_In-den-Saechsischen-Waeldern_2003_1500Px-800x311.jpg 800w, https:\/\/poll-berlin.de\/galerie\/wp-content\/uploads\/PH_In-den-Saechsischen-Waeldern_2003_1500Px-300x117.jpg 300w, https:\/\/poll-berlin.de\/galerie\/wp-content\/uploads\/PH_In-den-Saechsischen-Waeldern_2003_1500Px-768x299.jpg 768w, https:\/\/poll-berlin.de\/galerie\/wp-content\/uploads\/PH_In-den-Saechsischen-Waeldern_2003_1500Px.jpg 1500w","medium_srcset":"https:\/\/poll-berlin.de\/galerie\/wp-content\/uploads\/PH_In-den-Saechsischen-Waeldern_2003_1500Px-300x117.jpg 300w, https:\/\/poll-berlin.de\/galerie\/wp-content\/uploads\/PH_In-den-Saechsischen-Waeldern_2003_1500Px-800x311.jpg 800w, https:\/\/poll-berlin.de\/galerie\/wp-content\/uploads\/PH_In-den-Saechsischen-Waeldern_2003_1500Px-768x299.jpg 768w, https:\/\/poll-berlin.de\/galerie\/wp-content\/uploads\/PH_In-den-Saechsischen-Waeldern_2003_1500Px.jpg 1500w","media_details":{"width":1500,"height":584,"sizes":{"medium":{"file":"PH_In-den-Saechsischen-Waeldern_2003_1500Px-300x117.jpg","width":300,"height":117,"mime-type":"image\/jpeg","source_url":"https:\/\/poll-berlin.de\/galerie\/wp-content\/uploads\/PH_In-den-Saechsischen-Waeldern_2003_1500Px-300x117.jpg"},"large":{"file":"PH_In-den-Saechsischen-Waeldern_2003_1500Px-800x311.jpg","width":800,"height":311,"mime-type":"image\/jpeg","source_url":"https:\/\/poll-berlin.de\/galerie\/wp-content\/uploads\/PH_In-den-Saechsischen-Waeldern_2003_1500Px-800x311.jpg"},"thumbnail":{"file":"PH_In-den-Saechsischen-Waeldern_2003_1500Px-150x150.jpg","width":150,"height":150,"mime-type":"image\/jpeg","source_url":"https:\/\/poll-berlin.de\/galerie\/wp-content\/uploads\/PH_In-den-Saechsischen-Waeldern_2003_1500Px-150x150.jpg"},"medium_large":{"file":"PH_In-den-Saechsischen-Waeldern_2003_1500Px-768x299.jpg","width":768,"height":299,"mime-type":"image\/jpeg","source_url":"https:\/\/poll-berlin.de\/galerie\/wp-content\/uploads\/PH_In-den-Saechsischen-Waeldern_2003_1500Px-768x299.jpg"}}},"alt_text":"","url":"","target":""},{"id":4413,"title":"Foto: Erik Mai","caption":"Peter Herrmann, Wilder Arno, 1999, \u00d6l auf Leinwand, 115 x 150 cm","full_image_url":"https:\/\/poll-berlin.de\/galerie\/wp-content\/uploads\/PH_Wilder-Arno-1999_web.jpg","thumbnail_image_url":"https:\/\/poll-berlin.de\/galerie\/wp-content\/uploads\/PH_Wilder-Arno-1999_web-150x150.jpg","large_srcset":"https:\/\/poll-berlin.de\/galerie\/wp-content\/uploads\/PH_Wilder-Arno-1999_web-800x613.jpg 800w, https:\/\/poll-berlin.de\/galerie\/wp-content\/uploads\/PH_Wilder-Arno-1999_web-300x230.jpg 300w, https:\/\/poll-berlin.de\/galerie\/wp-content\/uploads\/PH_Wilder-Arno-1999_web-768x589.jpg 768w, https:\/\/poll-berlin.de\/galerie\/wp-content\/uploads\/PH_Wilder-Arno-1999_web.jpg 1500w","medium_srcset":"https:\/\/poll-berlin.de\/galerie\/wp-content\/uploads\/PH_Wilder-Arno-1999_web-300x230.jpg 300w, https:\/\/poll-berlin.de\/galerie\/wp-content\/uploads\/PH_Wilder-Arno-1999_web-800x613.jpg 800w, https:\/\/poll-berlin.de\/galerie\/wp-content\/uploads\/PH_Wilder-Arno-1999_web-768x589.jpg 768w, https:\/\/poll-berlin.de\/galerie\/wp-content\/uploads\/PH_Wilder-Arno-1999_web.jpg 1500w","media_details":{"width":1500,"height":1150,"sizes":{"medium":{"file":"PH_Wilder-Arno-1999_web-300x230.jpg","width":300,"height":230,"mime-type":"image\/jpeg","source_url":"https:\/\/poll-berlin.de\/galerie\/wp-content\/uploads\/PH_Wilder-Arno-1999_web-300x230.jpg"},"large":{"file":"PH_Wilder-Arno-1999_web-800x613.jpg","width":800,"height":613,"mime-type":"image\/jpeg","source_url":"https:\/\/poll-berlin.de\/galerie\/wp-content\/uploads\/PH_Wilder-Arno-1999_web-800x613.jpg"},"thumbnail":{"file":"PH_Wilder-Arno-1999_web-150x150.jpg","width":150,"height":150,"mime-type":"image\/jpeg","source_url":"https:\/\/poll-berlin.de\/galerie\/wp-content\/uploads\/PH_Wilder-Arno-1999_web-150x150.jpg"},"medium_large":{"file":"PH_Wilder-Arno-1999_web-768x589.jpg","width":768,"height":589,"mime-type":"image\/jpeg","source_url":"https:\/\/poll-berlin.de\/galerie\/wp-content\/uploads\/PH_Wilder-Arno-1999_web-768x589.jpg"}}},"alt_text":"","url":"","target":""},{"id":1874,"title":"","caption":"Peter Herrmann, Bitte noch'n Grappa (Selbst am Tresen), 1993, \u00d6l auf Leinwand, 114 x 162 cm","full_image_url":"https:\/\/poll-berlin.de\/galerie\/wp-content\/uploads\/PH_Bitte-nochn-Grappa_1993_1500Px.jpg","thumbnail_image_url":"https:\/\/poll-berlin.de\/galerie\/wp-content\/uploads\/PH_Bitte-nochn-Grappa_1993_1500Px-150x150.jpg","large_srcset":"https:\/\/poll-berlin.de\/galerie\/wp-content\/uploads\/PH_Bitte-nochn-Grappa_1993_1500Px-800x563.jpg 800w, https:\/\/poll-berlin.de\/galerie\/wp-content\/uploads\/PH_Bitte-nochn-Grappa_1993_1500Px-300x211.jpg 300w, https:\/\/poll-berlin.de\/galerie\/wp-content\/uploads\/PH_Bitte-nochn-Grappa_1993_1500Px-768x540.jpg 768w, https:\/\/poll-berlin.de\/galerie\/wp-content\/uploads\/PH_Bitte-nochn-Grappa_1993_1500Px.jpg 1500w","medium_srcset":"https:\/\/poll-berlin.de\/galerie\/wp-content\/uploads\/PH_Bitte-nochn-Grappa_1993_1500Px-300x211.jpg 300w, https:\/\/poll-berlin.de\/galerie\/wp-content\/uploads\/PH_Bitte-nochn-Grappa_1993_1500Px-800x563.jpg 800w, https:\/\/poll-berlin.de\/galerie\/wp-content\/uploads\/PH_Bitte-nochn-Grappa_1993_1500Px-768x540.jpg 768w, https:\/\/poll-berlin.de\/galerie\/wp-content\/uploads\/PH_Bitte-nochn-Grappa_1993_1500Px.jpg 1500w","media_details":{"width":1500,"height":1055,"sizes":{"medium":{"file":"PH_Bitte-nochn-Grappa_1993_1500Px-300x211.jpg","width":300,"height":211,"mime-type":"image\/jpeg","source_url":"https:\/\/poll-berlin.de\/galerie\/wp-content\/uploads\/PH_Bitte-nochn-Grappa_1993_1500Px-300x211.jpg"},"large":{"file":"PH_Bitte-nochn-Grappa_1993_1500Px-800x563.jpg","width":800,"height":563,"mime-type":"image\/jpeg","source_url":"https:\/\/poll-berlin.de\/galerie\/wp-content\/uploads\/PH_Bitte-nochn-Grappa_1993_1500Px-800x563.jpg"},"thumbnail":{"file":"PH_Bitte-nochn-Grappa_1993_1500Px-150x150.jpg","width":150,"height":150,"mime-type":"image\/jpeg","source_url":"https:\/\/poll-berlin.de\/galerie\/wp-content\/uploads\/PH_Bitte-nochn-Grappa_1993_1500Px-150x150.jpg"},"medium_large":{"file":"PH_Bitte-nochn-Grappa_1993_1500Px-768x540.jpg","width":768,"height":540,"mime-type":"image\/jpeg","source_url":"https:\/\/poll-berlin.de\/galerie\/wp-content\/uploads\/PH_Bitte-nochn-Grappa_1993_1500Px-768x540.jpg"}}},"alt_text":"","url":"","target":""},{"id":1880,"title":"","caption":"Peter Herrmann, Sonate fuer Cadillac, eine Altstimme und ein Briquet, 1992, \u00d6l auf Leinwand, 100 x 120 cm","full_image_url":"https:\/\/poll-berlin.de\/galerie\/wp-content\/uploads\/PH_Sonate-fuer-Cadillac-eine-Altstimme-und-ein-Briquet_1992_1500Px.jpg","thumbnail_image_url":"https:\/\/poll-berlin.de\/galerie\/wp-content\/uploads\/PH_Sonate-fuer-Cadillac-eine-Altstimme-und-ein-Briquet_1992_1500Px-150x150.jpg","large_srcset":"https:\/\/poll-berlin.de\/galerie\/wp-content\/uploads\/PH_Sonate-fuer-Cadillac-eine-Altstimme-und-ein-Briquet_1992_1500Px-800x670.jpg 800w, https:\/\/poll-berlin.de\/galerie\/wp-content\/uploads\/PH_Sonate-fuer-Cadillac-eine-Altstimme-und-ein-Briquet_1992_1500Px-300x251.jpg 300w, https:\/\/poll-berlin.de\/galerie\/wp-content\/uploads\/PH_Sonate-fuer-Cadillac-eine-Altstimme-und-ein-Briquet_1992_1500Px-768x644.jpg 768w, https:\/\/poll-berlin.de\/galerie\/wp-content\/uploads\/PH_Sonate-fuer-Cadillac-eine-Altstimme-und-ein-Briquet_1992_1500Px.jpg 1500w","medium_srcset":"https:\/\/poll-berlin.de\/galerie\/wp-content\/uploads\/PH_Sonate-fuer-Cadillac-eine-Altstimme-und-ein-Briquet_1992_1500Px-300x251.jpg 300w, https:\/\/poll-berlin.de\/galerie\/wp-content\/uploads\/PH_Sonate-fuer-Cadillac-eine-Altstimme-und-ein-Briquet_1992_1500Px-800x670.jpg 800w, https:\/\/poll-berlin.de\/galerie\/wp-content\/uploads\/PH_Sonate-fuer-Cadillac-eine-Altstimme-und-ein-Briquet_1992_1500Px-768x644.jpg 768w, https:\/\/poll-berlin.de\/galerie\/wp-content\/uploads\/PH_Sonate-fuer-Cadillac-eine-Altstimme-und-ein-Briquet_1992_1500Px.jpg 1500w","media_details":{"width":1500,"height":1257,"sizes":{"medium":{"file":"PH_Sonate-fuer-Cadillac-eine-Altstimme-und-ein-Briquet_1992_1500Px-300x251.jpg","width":300,"height":251,"mime-type":"image\/jpeg","source_url":"https:\/\/poll-berlin.de\/galerie\/wp-content\/uploads\/PH_Sonate-fuer-Cadillac-eine-Altstimme-und-ein-Briquet_1992_1500Px-300x251.jpg"},"large":{"file":"PH_Sonate-fuer-Cadillac-eine-Altstimme-und-ein-Briquet_1992_1500Px-800x670.jpg","width":800,"height":670,"mime-type":"image\/jpeg","source_url":"https:\/\/poll-berlin.de\/galerie\/wp-content\/uploads\/PH_Sonate-fuer-Cadillac-eine-Altstimme-und-ein-Briquet_1992_1500Px-800x670.jpg"},"thumbnail":{"file":"PH_Sonate-fuer-Cadillac-eine-Altstimme-und-ein-Briquet_1992_1500Px-150x150.jpg","width":150,"height":150,"mime-type":"image\/jpeg","source_url":"https:\/\/poll-berlin.de\/galerie\/wp-content\/uploads\/PH_Sonate-fuer-Cadillac-eine-Altstimme-und-ein-Briquet_1992_1500Px-150x150.jpg"},"medium_large":{"file":"PH_Sonate-fuer-Cadillac-eine-Altstimme-und-ein-Briquet_1992_1500Px-768x644.jpg","width":768,"height":644,"mime-type":"image\/jpeg","source_url":"https:\/\/poll-berlin.de\/galerie\/wp-content\/uploads\/PH_Sonate-fuer-Cadillac-eine-Altstimme-und-ein-Briquet_1992_1500Px-768x644.jpg"}}},"alt_text":"","url":"","target":""},{"id":1877,"title":"","caption":"Peter Herrmann, Kreuzberg, 1990, \u00d6l auf Leinwand, 130 x 80 cm","full_image_url":"https:\/\/poll-berlin.de\/galerie\/wp-content\/uploads\/PH_Kreuzberg_1990_1500Px.jpg","thumbnail_image_url":"https:\/\/poll-berlin.de\/galerie\/wp-content\/uploads\/PH_Kreuzberg_1990_1500Px-150x150.jpg","large_srcset":"https:\/\/poll-berlin.de\/galerie\/wp-content\/uploads\/PH_Kreuzberg_1990_1500Px-734x1200.jpg 734w, https:\/\/poll-berlin.de\/galerie\/wp-content\/uploads\/PH_Kreuzberg_1990_1500Px-183x300.jpg 183w, https:\/\/poll-berlin.de\/galerie\/wp-content\/uploads\/PH_Kreuzberg_1990_1500Px-768x1256.jpg 768w, https:\/\/poll-berlin.de\/galerie\/wp-content\/uploads\/PH_Kreuzberg_1990_1500Px.jpg 917w","medium_srcset":"https:\/\/poll-berlin.de\/galerie\/wp-content\/uploads\/PH_Kreuzberg_1990_1500Px-183x300.jpg 183w, https:\/\/poll-berlin.de\/galerie\/wp-content\/uploads\/PH_Kreuzberg_1990_1500Px-734x1200.jpg 734w, https:\/\/poll-berlin.de\/galerie\/wp-content\/uploads\/PH_Kreuzberg_1990_1500Px-768x1256.jpg 768w, https:\/\/poll-berlin.de\/galerie\/wp-content\/uploads\/PH_Kreuzberg_1990_1500Px.jpg 917w","media_details":{"width":917,"height":1500,"sizes":{"medium":{"file":"PH_Kreuzberg_1990_1500Px-183x300.jpg","width":183,"height":300,"mime-type":"image\/jpeg","source_url":"https:\/\/poll-berlin.de\/galerie\/wp-content\/uploads\/PH_Kreuzberg_1990_1500Px-183x300.jpg"},"large":{"file":"PH_Kreuzberg_1990_1500Px-734x1200.jpg","width":734,"height":1200,"mime-type":"image\/jpeg","source_url":"https:\/\/poll-berlin.de\/galerie\/wp-content\/uploads\/PH_Kreuzberg_1990_1500Px-734x1200.jpg"},"thumbnail":{"file":"PH_Kreuzberg_1990_1500Px-150x150.jpg","width":150,"height":150,"mime-type":"image\/jpeg","source_url":"https:\/\/poll-berlin.de\/galerie\/wp-content\/uploads\/PH_Kreuzberg_1990_1500Px-150x150.jpg"},"medium_large":{"file":"PH_Kreuzberg_1990_1500Px-768x1256.jpg","width":768,"height":1256,"mime-type":"image\/jpeg","source_url":"https:\/\/poll-berlin.de\/galerie\/wp-content\/uploads\/PH_Kreuzberg_1990_1500Px-768x1256.jpg"}}},"alt_text":"","url":"","target":""},{"id":1881,"title":"","caption":"Peter Herrmann, Transit, 1989, \u00d6l auf Leinwand, 175 x 205 cm","full_image_url":"https:\/\/poll-berlin.de\/galerie\/wp-content\/uploads\/PH_Transit_1989_1500Px.jpg","thumbnail_image_url":"https:\/\/poll-berlin.de\/galerie\/wp-content\/uploads\/PH_Transit_1989_1500Px-150x150.jpg","large_srcset":"https:\/\/poll-berlin.de\/galerie\/wp-content\/uploads\/PH_Transit_1989_1500Px-800x683.jpg 800w, https:\/\/poll-berlin.de\/galerie\/wp-content\/uploads\/PH_Transit_1989_1500Px-300x256.jpg 300w, https:\/\/poll-berlin.de\/galerie\/wp-content\/uploads\/PH_Transit_1989_1500Px-768x655.jpg 768w, https:\/\/poll-berlin.de\/galerie\/wp-content\/uploads\/PH_Transit_1989_1500Px.jpg 1500w","medium_srcset":"https:\/\/poll-berlin.de\/galerie\/wp-content\/uploads\/PH_Transit_1989_1500Px-300x256.jpg 300w, https:\/\/poll-berlin.de\/galerie\/wp-content\/uploads\/PH_Transit_1989_1500Px-800x683.jpg 800w, https:\/\/poll-berlin.de\/galerie\/wp-content\/uploads\/PH_Transit_1989_1500Px-768x655.jpg 768w, https:\/\/poll-berlin.de\/galerie\/wp-content\/uploads\/PH_Transit_1989_1500Px.jpg 1500w","media_details":{"width":1500,"height":1280,"sizes":{"medium":{"file":"PH_Transit_1989_1500Px-300x256.jpg","width":300,"height":256,"mime-type":"image\/jpeg","source_url":"https:\/\/poll-berlin.de\/galerie\/wp-content\/uploads\/PH_Transit_1989_1500Px-300x256.jpg"},"large":{"file":"PH_Transit_1989_1500Px-800x683.jpg","width":800,"height":683,"mime-type":"image\/jpeg","source_url":"https:\/\/poll-berlin.de\/galerie\/wp-content\/uploads\/PH_Transit_1989_1500Px-800x683.jpg"},"thumbnail":{"file":"PH_Transit_1989_1500Px-150x150.jpg","width":150,"height":150,"mime-type":"image\/jpeg","source_url":"https:\/\/poll-berlin.de\/galerie\/wp-content\/uploads\/PH_Transit_1989_1500Px-150x150.jpg"},"medium_large":{"file":"PH_Transit_1989_1500Px-768x655.jpg","width":768,"height":655,"mime-type":"image\/jpeg","source_url":"https:\/\/poll-berlin.de\/galerie\/wp-content\/uploads\/PH_Transit_1989_1500Px-768x655.jpg"}}},"alt_text":"","url":"","target":""},{"id":4411,"title":"Foto: Erik Mai","caption":"Peter Herrmann, LIVE (Eingang, Hamburg), 1984, \u00d6l auf Leinwand, 115 x 95 cm","full_image_url":"https:\/\/poll-berlin.de\/galerie\/wp-content\/uploads\/PH_LIVE_Eingang-Hamburg-1987_web.jpg","thumbnail_image_url":"https:\/\/poll-berlin.de\/galerie\/wp-content\/uploads\/PH_LIVE_Eingang-Hamburg-1987_web-150x150.jpg","large_srcset":"https:\/\/poll-berlin.de\/galerie\/wp-content\/uploads\/PH_LIVE_Eingang-Hamburg-1987_web-800x964.jpg 800w, https:\/\/poll-berlin.de\/galerie\/wp-content\/uploads\/PH_LIVE_Eingang-Hamburg-1987_web-249x300.jpg 249w, https:\/\/poll-berlin.de\/galerie\/wp-content\/uploads\/PH_LIVE_Eingang-Hamburg-1987_web-768x925.jpg 768w, https:\/\/poll-berlin.de\/galerie\/wp-content\/uploads\/PH_LIVE_Eingang-Hamburg-1987_web.jpg 1245w","medium_srcset":"https:\/\/poll-berlin.de\/galerie\/wp-content\/uploads\/PH_LIVE_Eingang-Hamburg-1987_web-249x300.jpg 249w, https:\/\/poll-berlin.de\/galerie\/wp-content\/uploads\/PH_LIVE_Eingang-Hamburg-1987_web-800x964.jpg 800w, https:\/\/poll-berlin.de\/galerie\/wp-content\/uploads\/PH_LIVE_Eingang-Hamburg-1987_web-768x925.jpg 768w, https:\/\/poll-berlin.de\/galerie\/wp-content\/uploads\/PH_LIVE_Eingang-Hamburg-1987_web.jpg 1245w","media_details":{"width":1245,"height":1500,"sizes":{"medium":{"file":"PH_LIVE_Eingang-Hamburg-1987_web-249x300.jpg","width":249,"height":300,"mime-type":"image\/jpeg","source_url":"https:\/\/poll-berlin.de\/galerie\/wp-content\/uploads\/PH_LIVE_Eingang-Hamburg-1987_web-249x300.jpg"},"large":{"file":"PH_LIVE_Eingang-Hamburg-1987_web-800x964.jpg","width":800,"height":964,"mime-type":"image\/jpeg","source_url":"https:\/\/poll-berlin.de\/galerie\/wp-content\/uploads\/PH_LIVE_Eingang-Hamburg-1987_web-800x964.jpg"},"thumbnail":{"file":"PH_LIVE_Eingang-Hamburg-1987_web-150x150.jpg","width":150,"height":150,"mime-type":"image\/jpeg","source_url":"https:\/\/poll-berlin.de\/galerie\/wp-content\/uploads\/PH_LIVE_Eingang-Hamburg-1987_web-150x150.jpg"},"medium_large":{"file":"PH_LIVE_Eingang-Hamburg-1987_web-768x925.jpg","width":768,"height":925,"mime-type":"image\/jpeg","source_url":"https:\/\/poll-berlin.de\/galerie\/wp-content\/uploads\/PH_LIVE_Eingang-Hamburg-1987_web-768x925.jpg"}}},"alt_text":"","url":"","target":""}]]}},"_links":{"self":[{"href":"https:\/\/poll-berlin.de\/galerie\/wp-json\/wp\/v2\/pages\/28106","targetHints":{"allow":["GET"]}}],"collection":[{"href":"https:\/\/poll-berlin.de\/galerie\/wp-json\/wp\/v2\/pages"}],"about":[{"href":"https:\/\/poll-berlin.de\/galerie\/wp-json\/wp\/v2\/types\/page"}],"author":[{"embeddable":true,"href":"https:\/\/poll-berlin.de\/galerie\/wp-json\/wp\/v2\/users\/2"}],"replies":[{"embeddable":true,"href":"https:\/\/poll-berlin.de\/galerie\/wp-json\/wp\/v2\/comments?post=28106"}],"version-history":[{"count":2,"href":"https:\/\/poll-berlin.de\/galerie\/wp-json\/wp\/v2\/pages\/28106\/revisions"}],"predecessor-version":[{"id":37282,"href":"https:\/\/poll-berlin.de\/galerie\/wp-json\/wp\/v2\/pages\/28106\/revisions\/37282"}],"up":[{"embeddable":true,"href":"https:\/\/poll-berlin.de\/galerie\/wp-json\/wp\/v2\/pages\/4703"}],"wp:attachment":[{"href":"https:\/\/poll-berlin.de\/galerie\/wp-json\/wp\/v2\/media?parent=28106"}],"curies":[{"name":"wp","href":"https:\/\/api.w.org\/{rel}","templated":true}]}}