{"id":28058,"date":"2023-05-16T14:48:37","date_gmt":"2023-05-16T12:48:37","guid":{"rendered":"https:\/\/poll-berlin.de\/galerie\/?page_id=28058"},"modified":"2026-03-11T13:42:24","modified_gmt":"2026-03-11T12:42:24","slug":"exhibitions","status":"publish","type":"page","link":"https:\/\/poll-berlin.de\/galerie\/en\/gallery-artists\/markus-draper\/exhibitions\/","title":{"rendered":"Exhibitions"},"content":{"rendered":"\n<p><strong>Solo exhibitions (selection<\/strong>)<\/p>\n\n\n\n<div style=\"height:10px\" aria-hidden=\"true\" class=\"wp-block-spacer\"><\/div>\n\n\n\n<figure class=\"wp-block-table\"><table><tbody><tr><td>2024-2025<\/td><td>Albertinum of the Dresden State Art Collections<\/td><\/tr><tr><td>2023<\/td><td>Galerie Poll, Berlin<br>K\u00fcnstlerhaus Bethanien, Berlin<\/td><\/tr><tr><td>2021<\/td><td>Galerie Poll, Berlin<\/td><\/tr><tr><td>2015<\/td><td>G\u00f6rlitz Museum of History and Culture<br>Bourouina Gallery, Berlin<\/td><\/tr><tr><td>2014<\/td><td>Kunsthaus Dresden<br>Berlinische Galerie &#8211; Museum of Modern Art<\/td><\/tr><tr><td>2013<\/td><td>Bourouina Gallery, Berlin<\/td><\/tr><tr><td>2011<\/td><td>Vogt Gallery, New York City<br>Neue Galerie Gladbeck<\/td><\/tr><tr><td>2010<\/td><td>Galerie Gebr. Lehmann, Berlin<\/td><\/tr><tr><td>2009<\/td><td>Sun Gallery, Munich<\/td><\/tr><tr><td>2008<\/td><td>Galerie Gebr. Lehmann, Dresden<br>KMA 36, Berlin<\/td><\/tr><tr><td>2007<\/td><td>Royal Palace of the Dresden State Art Collections<\/td><\/tr><tr><td>2006<\/td><td>Autocenter, Berlin<br>Sandroni Rey, Los Angeles (with Thoralf Knobloch)<\/td><\/tr><tr><td>2004<\/td><td>Galerie Gebr. Lehmann, Dresden<\/td><\/tr><tr><td>2002<\/td><td>Galerie Gebr. Lehmann, Dresden<\/td><\/tr><tr><td>2000<\/td><td>Dresden University of Fine Arts<br>Galerie Gebr. Lehmann, Dresden<br>Kunsthandlung H\u00f6hne, Cuxhaven<\/td><\/tr><tr><td>1999<\/td><td>LeRoy Neiman Gallery, Columbia University, New York City<\/td><\/tr><\/tbody><\/table><\/figure>\n\n\n\n<div style=\"height:10px\" aria-hidden=\"true\" class=\"wp-block-spacer\"><\/div>\n\n\n\n<p><strong>Group exhibitions (selection)<\/strong><\/p>\n\n\n\n<div style=\"height:10px\" aria-hidden=\"true\" class=\"wp-block-spacer\"><\/div>\n\n\n\n<figure class=\"wp-block-table\"><table><tbody><tr><td>2026<\/td><td>New Berlin Art Association (NBK)<\/td><\/tr><tr><td>2025<\/td><td>DAS MINSK Kunsthaus in Potsdam<\/td><\/tr><tr><td>2020<\/td><td>Museum of Prints and Drawings of the Dresden State Art Collections<\/td><\/tr><tr><td>2019<\/td><td>Motorenhalle, Dresden<br>Halle 14, Leipzig Cotton Mill<\/td><\/tr><tr><td>2018<\/td><td>Niels Borch Jensen Gallery &amp; Editions, Berlin<\/td><\/tr><tr><td>2017<\/td><td>Galerie f\u00fcr Zeitgen\u00f6ssische Kunst, Leipzig<br>Galerie Hrani\u010da\u0159, \u00dast\u00ed nad Labem<br>Kunstsammlungen Chemnitz<\/td><\/tr><tr><td>2016<\/td><td>Spendhaus of the Reutlingen City Art Museum<\/td><\/tr><tr><td>2015<\/td><td>Berlinische Galerie &#8211; Museum of Modern Art<br>Kunstsammlungen Zwickau<br>Dresden Municipal Gallery<\/td><\/tr><tr><td>2014<\/td><td>Kloster Unser Lieben Frauen, Magdeburg<br>Kunsthalle im Lipsiusbau, Dresden<br>Bourouina Gallery, Berlin<\/td><\/tr><tr><td>2013<\/td><td>Museum Belv\u00e9d\u00e8re, Heerenveen (Netherlands)<br>G\u00f6rlitz Museum of History and Culture<br>Locks Gallery, Philadelphia<br>Kunsthalle im Lipsiusbau, Dresden<br>Marcher Museum Witten<br>Autocenter, Berlin<\/td><\/tr><tr><td>2012<\/td><td>Deutsches Hygiene-Museum, Dresden<br>Ko\u0142o Plastyk\u00f3w, Warsaw<br>Albertinum of the Dresden State Art Collections<br>Vestfossen Kunstlaboratorium (Norway)<br>Tyrolean State Museum Ferdinandeum, Innsbruck<\/td><\/tr><tr><td>2011<\/td><td>Georg Kolbe Museum, Berlin<br>Galerie Gebr. Lehmann, Berlin<\/td><\/tr><tr><td>2010<\/td><td>Museum Folkwang, Essen<br>Albertinum of the Dresden State Art Collections<br>Marcher Museum Witten<\/td><\/tr><tr><td>2009<\/td><td>Galerie f\u00fcr Zeitgen\u00f6ssische Kunst, Leipzig<\/td><\/tr><tr><td>2008<\/td><td>National Art Museum of China, Peking<br>Willy-Brandt-Haus, Berlin<\/td><\/tr><tr><td>2007<\/td><td>7th Baltic Biennial of Contemporary Art, National Museum, Szczecin (Poland)<br>Vestfossen Kunstlaboratorium (Norway)<br>Berlinische Galerie &#8211; Museum of Modern Art<br>Arken Museum f\u00fcr moderne Kunst, Ishoj (Denmark)<\/td><\/tr><tr><td>2006<\/td><td>K\u00fcnstlerhaus Bethanien, Berlin<br>Marella Gallery, Milan<br>Galerie Michael Neff, Frankfurt am Main<br>Museum of Prints and Drawings of the Dresden State Art Collections<\/td><\/tr><tr><td>2005<\/td><td>Prague Biennale 2, Karlin Hall, Prague<br>Goethe-Institut, Rotterdam<br>R\u00fcgen Art Association, Putbus<\/td><\/tr><tr><td>2004<\/td><td>Kunsthaus Dresden<br>Autocenter, Berlin<br>Galerie Gebr. Lehmann, Dresden<br>Galerie Weltraum, Munich<\/td><\/tr><tr><td>2003<\/td><td>Pictura, Dordrecht (Netherlands)<br>Oldenburg Art Association<\/td><\/tr><tr><td>2002<\/td><td>Kunstmuseum Bonn<br>Galerie Michael Neff, Frankfurt am Main<br>N\u00e1rodni Galerie, Prague<\/td><\/tr><tr><td>2001<\/td><td>Fondazione Ado Furlan, Pordenone (Italy)<br>Galerie M\u00fcnsterland, Emsdetten<br>Galerie Gebr. Lehmann, Dresden<br>Kunsthaus Dresden<br>Octagon of the Dresden University of Fine Arts<br>Gladbeck Municipal Gallery<\/td><\/tr><tr><td>2000<\/td><td>Zwickau City Museum<br>Kunstsammlung Gera<br>Old Main Customs Office, Frankfurt am Main<\/td><\/tr><tr><td>1997<\/td><td>Bundeskunsthalle, Bonn<br>Goethe-Institut, London<br>Leonhardi-Museum, Dresden<\/td><\/tr><tr><td>1995<\/td><td>Bautzen City Museum<\/td><\/tr><tr><td>1994<\/td><td>Dresden University of Fine Arts<\/td><\/tr><\/tbody><\/table><\/figure>\n","protected":false},"excerpt":{"rendered":"<p>Solo exhibitions (selection) 2024-2025 Albertinum of the Dresden State Art Collections 2023 Galerie Poll, BerlinK\u00fcnstlerhaus Bethanien, Berlin 2021 Galerie Poll, Berlin 2015 G\u00f6rlitz Museum of History and CultureBourouina Gallery, Berlin 2014 Kunsthaus DresdenBerlinische Galerie &#8211; Museum of Modern Art 2013 Bourouina Gallery, Berlin 2011 Vogt Gallery, New York CityNeue Galerie Gladbeck 2010 Galerie Gebr. Lehmann, [&hellip;]<\/p>\n","protected":false},"author":1,"featured_media":0,"parent":28053,"menu_order":1,"comment_status":"closed","ping_status":"closed","template":"kuenstler-text.php","meta":{"_acf_changed":false,"footnotes":""},"class_list":["post-28058","page","type-page","status-publish","hentry"],"acf":[],"_links":{"self":[{"href":"https:\/\/poll-berlin.de\/galerie\/wp-json\/wp\/v2\/pages\/28058","targetHints":{"allow":["GET"]}}],"collection":[{"href":"https:\/\/poll-berlin.de\/galerie\/wp-json\/wp\/v2\/pages"}],"about":[{"href":"https:\/\/poll-berlin.de\/galerie\/wp-json\/wp\/v2\/types\/page"}],"author":[{"embeddable":true,"href":"https:\/\/poll-berlin.de\/galerie\/wp-json\/wp\/v2\/users\/1"}],"replies":[{"embeddable":true,"href":"https:\/\/poll-berlin.de\/galerie\/wp-json\/wp\/v2\/comments?post=28058"}],"version-history":[{"count":21,"href":"https:\/\/poll-berlin.de\/galerie\/wp-json\/wp\/v2\/pages\/28058\/revisions"}],"predecessor-version":[{"id":45442,"href":"https:\/\/poll-berlin.de\/galerie\/wp-json\/wp\/v2\/pages\/28058\/revisions\/45442"}],"up":[{"embeddable":true,"href":"https:\/\/poll-berlin.de\/galerie\/wp-json\/wp\/v2\/pages\/28053"}],"wp:attachment":[{"href":"https:\/\/poll-berlin.de\/galerie\/wp-json\/wp\/v2\/media?parent=28058"}],"curies":[{"name":"wp","href":"https:\/\/api.w.org\/{rel}","templated":true}]}}