{"id":28048,"date":"2023-05-15T13:16:19","date_gmt":"2023-05-15T11:16:19","guid":{"rendered":"https:\/\/poll-berlin.de\/galerie\/?page_id=28048"},"modified":"2025-08-27T12:52:11","modified_gmt":"2025-08-27T10:52:11","slug":"exhibitions","status":"publish","type":"page","link":"https:\/\/poll-berlin.de\/galerie\/en\/gallery-artists\/matthias-beckmann\/exhibitions\/","title":{"rendered":"Exhibitions"},"content":{"rendered":"\n<p><strong>Solo exhibitions (selection)<\/strong><\/p>\n\n\n\n<div style=\"height:10px\" aria-hidden=\"true\" class=\"wp-block-spacer\"><\/div>\n\n\n\n<figure class=\"wp-block-table\"><table><tbody><tr><td>2023<\/td><td>Galerie Poll, Berlin<\/td><\/tr><tr><td>2022<\/td><td>L\u00fcnen City Museum (with Patrick Borchers)<\/td><\/tr><tr><td>2021<\/td><td>Lichtenberg Studios<\/td><\/tr><tr><td>2020<\/td><td>Kunstfenster, Murrhardt<\/td><\/tr><tr><td>2019<\/td><td>K\u00f8nigliche Backstube, Berlin<br>Neue Kunst im Hagenbucher, Heilbronn (with Petra Lottje)<\/td><\/tr><tr><td>2017<\/td><td>M\u00fcnsterland Art Association, Coesfeld<br>R\u00fcsselsheim Art Association<br>Studiengalerie of the Pedagogical College Ludwigsburg<br>Galerie Artlantis, Stuttgart<\/td><\/tr><tr><td>2016<\/td><td>Mani\u00e8re Noire, Berlin<br>Kubin-Haus Zwickledt, Wernstein am Inn (Austria)<br>FAK \u2013 F\u00f6rderverein Aktuelle Kunst M\u00fcnster e.V.<\/td><\/tr><tr><td>2015<\/td><td>Kunststiftung Erich Hauser, Rottweil<br>Art Space Claudia Delank, Berlin<\/td><\/tr><tr><td>2014<\/td><td>Asian Art Museum, Berlin<br>Studio 1 in the Kunstquartier Bethanien, Berlin<\/td><\/tr><tr><td>2013<\/td><td>galerie laurent mueller, Paris<br>Gallery of the District Savings Bank Echterdingen<br>Neue Kunst im Hagenbucher, Heilbronn<\/td><\/tr><tr><td>2012<\/td><td>Columbus Art Foundation, Ravensburg<br>Fruehsorge Contemporary Drawings, Berlin<\/td><\/tr><tr><td>2011<\/td><td>St\u00e4dtische Galerie im Schlosspark Str\u00fcnkede, Herne<br>Emmanuel Walderdorff Galerie, Cologne (with Hans Pfrommer)<\/td><\/tr><tr><td>2009<\/td><td>Berlinische Galerie &#8211; Museum of Modern Art<br>Hessisches Landesmuseum Darmstadt<br>Galerie Netuschil, Darmstadt<br>Galerie Weisser Elefant, Berlin (with Inge Krause)<\/td><\/tr><tr><td>2008<\/td><td>Emmanuel Walderdorff Galerie, Cologne<\/td><\/tr><tr><td>2007<\/td><td>Ahlen Art Association<br>S.M.A.K. Stedelijk Museum voor Actuele Kunst, Ghent<br>Ulm Museum<br>Galerie Merkle, Stuttgart<br>Bochum Art Association<\/td><\/tr><tr><td>2006<\/td><td>Emmanuel Walderdorff Galerie, Cologne<\/td><\/tr><tr><td>2004<\/td><td>German Society for Christian Art, Munich<\/td><\/tr><tr><td>2002<\/td><td>Wilhelmsh\u00f6he Art Association, Ettlingen<br>Galerie Junge Kunst, Wolfsburg<br>Bilderbuchmuseum Burg Wissem, Troisdorf<\/td><\/tr><tr><td>2001<\/td><td>Galerie Barbara Cramer, Bonn<\/td><\/tr><tr><td>2000<\/td><td>Unna Art Association<\/td><\/tr><tr><td>1999<\/td><td>Villa Massimo, Rome (with Carl Vetter)<br>Arnsberg Art Association<\/td><\/tr><tr><td>1998<\/td><td>artothek \u2013 Raum f\u00fcr junge Kunst, Cologne<\/td><\/tr><tr><td>1995<\/td><td>State Academy of Fine Arts Stuttgart<\/td><\/tr><\/tbody><\/table><\/figure>\n\n\n\n<div style=\"height:10px\" aria-hidden=\"true\" class=\"wp-block-spacer\"><\/div>\n\n\n\n<p><strong>Group exhibitions (selection)<\/strong><\/p>\n\n\n\n<div style=\"height:10px\" aria-hidden=\"true\" class=\"wp-block-spacer\"><\/div>\n\n\n\n<figure class=\"wp-block-table\"><table><tbody><tr><td>2024<\/td><td>Axel Obiger, Berlin<br>K\u00fcnstlerhaus Sootb\u00f6rn, Hamburg<br>W\u00fcrttembergischer Kunstverein Stuttgart<\/td><\/tr><tr><td>2023<\/td><td>Red Ger Gallery, Ulaanbaatar (Mongolia)<br>Neuk\u00f6lln Art Association, Berlin<\/td><\/tr><tr><td>2022-2023<\/td><td>Kunstmuseum Bochum<\/td><\/tr><tr><td>2022<\/td><td>Galerie Poll, Berlin<br>Kunstsammlung Gera with the Art Association Gera e.V.<br>Kunstmuseum im Marstall, Paderborn<br>ZAK (Zentrum f\u00fcr Aktuelle Kunst), Zitadelle Spandau, Berlin<br>Bietigheim-Bissingen Municipal Gallery<\/td><\/tr><tr><td>2020<\/td><td>Emmanuel Walderdorff Galerie, Molsberg<br>Allgemeiner Konsumverein, Braunschweig<br>Neuk\u00f6lln Art Association, Berlin<br>Artothek of the Communal Gallery Berlin<\/td><\/tr><tr><td>2019<\/td><td>Marburg Art Association<br>Osthaus Museum Hagen<br>Heilbronn Municipal Museums<br>Kunsthalle Hense, Gescher<br>Zwitschermaschine, Berlin<\/td><\/tr><tr><td>2018<\/td><td>Staatliche Kunsthalle Baden-Baden<br>Communal Gallery Berlin<br>Galerie Axel Obiger, Berlin<br>Kunsthalle Hense, Gescher<br>Ludwiggalerie Schloss Oberhausen<\/td><\/tr><tr><td>2017<\/td><td>Salon f\u00fcr Kunstbuch in the 21er Haus, Vienna<br>Ludwiggalerie Schloss Oberhausen<br>Artist-run space of the Association of German Artists, Berlin<br>Weserburg Museum f\u00fcr moderne Kunst, Bremen<br>Ostwall Museum, Dortmund<\/td><\/tr><tr><td>2016<\/td><td>Lateral Art Space, Cluj-Napoca (Romania)<br>Presidential B. Yeltsin Centre, Jekaterinburg (Russia)<br>National Gallery Windhoek, Namibia<br>W\u00fcrttemberg State Museum in the Old Palace, Stuttgart<br>Artist-run space of the Association of German Artists, Berlin<br>Kunststiftung Poll, Berlin<\/td><\/tr><tr><td>2015<\/td><td>Galerie Poll, Berlin<br>Hegenbarth Collection Berlin<br>W\u00fcrttembergischer Kunstverein Stuttgart<br>Zwitschermaschine, Berlin<\/td><\/tr><tr><td>2014<\/td><td>De Vishal \u2013 Space for Visual Arts, Haarlem<br>House of Margreet Bouman and Ronald Ruseler, Haarlem<br>Alte Feuerwache, Berlin<br>Ludwiggalerie Schloss Oberhausen<br>Albstadt Municipal Gallery<br>Galerie Axel Obiger, Berlin<br>Albstadt Municipal Gallery<\/td><\/tr><tr><td>2013<\/td><td>Petit Palais, Paris<br>Spinnerei Leipzig<br>Galerie Delikatessenhaus Leipzig<br>Temporary Art Center Eindhoven (Netherlands)<br>Kers Gallery, Amsterdam and Galerie Roy, Z\u00fclpich<br>Neues Kunsthaus Ahrenshoop<br>Schau Fenster \u2013 Raum f\u00fcr Kunst, Berlin<\/td><\/tr><tr><td>2012<\/td><td>German Bundestag, Berlin<br>Goethe-Institut Johannesburg<br>Galerie Poll, Berlin<br>K\u00fcnstlerhaus Dortmund<br>Communal Gallery Berlin<br>Schau Fenster \u2013 Raum f\u00fcr Kunst, Berlin<\/td><\/tr><tr><td>2011<\/td><td>Backnang Municipal Gallery<br>Ulm Museum<br>Kunst + Kulturverein Alte Schule Baruth e.V.<br>Galerie Laurent Mueller, Paris<\/td><\/tr><tr><td>2010<\/td><td>Berlinische Galerie &#8211; Museum of Modern Art<br>Artist-run space of the Association of German Artists, Berlin<br>Ludwiggalerie Schloss Oberhausen<br>Emmanuel Walderdorff Galerie, Cologne<br>Transformer Gallery, Washington D.C.<br>Woodward Studios, Capetown<\/td><\/tr><tr><td>2009<\/td><td>New Berlin Art Association (NBK)<\/td><\/tr><tr><td>2008<\/td><td>Kultur Bahnhof Eller, Dusseldorf<br>Kunstraum D\u00fcsseldorf<br>Galerie Thomas, Munich<br>Johanniterhalle, Schw\u00e4bisch Hall<\/td><\/tr><tr><td>2007<\/td><td>German Bundestag, Berlin<\/td><\/tr><tr><td>2006<\/td><td>Westphalian State Museum, M\u00fcnster<\/td><\/tr><tr><td>2005<\/td><td>Galerie Nord \u2013 Kunstverein Tiergarten, Berlin<br>Columbus Art Foundation, Ravensburg<br>Mannheim Art Association<\/td><\/tr><tr><td>2004<\/td><td>Eislingen Art Association<br>Graphikmuseum Pablo Picasso, M\u00fcnster<\/td><\/tr><tr><td>2003<\/td><td>Kunsthalle Erfurt<\/td><\/tr><tr><td>2002<\/td><td>Kunsthalle Recklinghausen<\/td><\/tr><tr><td>2000<\/td><td>W\u00fcrttembergischer Kunstverein Stuttgart<\/td><\/tr><tr><td>1999<\/td><td>K\u00fcnstlerhaus Dortmund<\/td><\/tr><tr><td>1997<\/td><td>Society of Friends of Modern Art, Baden-Baden<br>Kunsthalle Recklinghausen<\/td><\/tr><\/tbody><\/table><\/figure>\n","protected":false},"excerpt":{"rendered":"<p>Solo exhibitions (selection) 2023 Galerie Poll, Berlin 2022 L\u00fcnen City Museum (with Patrick Borchers) 2021 Lichtenberg Studios 2020 Kunstfenster, Murrhardt 2019 K\u00f8nigliche Backstube, BerlinNeue Kunst im Hagenbucher, Heilbronn (with Petra Lottje) 2017 M\u00fcnsterland Art Association, CoesfeldR\u00fcsselsheim Art AssociationStudiengalerie of the Pedagogical College LudwigsburgGalerie Artlantis, Stuttgart 2016 Mani\u00e8re Noire, BerlinKubin-Haus Zwickledt, Wernstein am Inn (Austria)FAK \u2013 [&hellip;]<\/p>\n","protected":false},"author":1,"featured_media":0,"parent":28045,"menu_order":1,"comment_status":"closed","ping_status":"closed","template":"kuenstler-text.php","meta":{"_acf_changed":false,"footnotes":""},"class_list":["post-28048","page","type-page","status-publish","hentry"],"acf":[],"_links":{"self":[{"href":"https:\/\/poll-berlin.de\/galerie\/wp-json\/wp\/v2\/pages\/28048","targetHints":{"allow":["GET"]}}],"collection":[{"href":"https:\/\/poll-berlin.de\/galerie\/wp-json\/wp\/v2\/pages"}],"about":[{"href":"https:\/\/poll-berlin.de\/galerie\/wp-json\/wp\/v2\/types\/page"}],"author":[{"embeddable":true,"href":"https:\/\/poll-berlin.de\/galerie\/wp-json\/wp\/v2\/users\/1"}],"replies":[{"embeddable":true,"href":"https:\/\/poll-berlin.de\/galerie\/wp-json\/wp\/v2\/comments?post=28048"}],"version-history":[{"count":20,"href":"https:\/\/poll-berlin.de\/galerie\/wp-json\/wp\/v2\/pages\/28048\/revisions"}],"predecessor-version":[{"id":43888,"href":"https:\/\/poll-berlin.de\/galerie\/wp-json\/wp\/v2\/pages\/28048\/revisions\/43888"}],"up":[{"embeddable":true,"href":"https:\/\/poll-berlin.de\/galerie\/wp-json\/wp\/v2\/pages\/28045"}],"wp:attachment":[{"href":"https:\/\/poll-berlin.de\/galerie\/wp-json\/wp\/v2\/media?parent=28048"}],"curies":[{"name":"wp","href":"https:\/\/api.w.org\/{rel}","templated":true}]}}