{"id":28030,"date":"2023-07-27T14:21:26","date_gmt":"2023-07-27T12:21:26","guid":{"rendered":"https:\/\/poll-berlin.de\/galerie\/?page_id=28030"},"modified":"2026-03-11T13:34:15","modified_gmt":"2026-03-11T12:34:15","slug":"exhibitions","status":"publish","type":"page","link":"https:\/\/poll-berlin.de\/galerie\/en\/gallery-artists\/heike-negenborn\/exhibitions\/","title":{"rendered":"Exhibitions"},"content":{"rendered":"\n<p><strong>Solo exhibitions (selection)<\/strong><\/p>\n\n\n\n<div style=\"height:10px\" aria-hidden=\"true\" class=\"wp-block-spacer\"><\/div>\n\n\n\n<figure class=\"wp-block-table\"><table><tbody><tr><td>2026<\/td><td>Galerie Poll, Berlin<\/td><\/tr><tr><td>2025<\/td><td>Municipal Gallery Eichenm\u00fcllerhaus, Lemgo<\/td><\/tr><tr><td>2024<\/td><td>Galerie Peter Zimmermann, Mannheim<\/td><\/tr><tr><td>2023<\/td><td>Galerie H\u00fcbner + H\u00fcbner, Frankfurt am Main<\/td><\/tr><tr><td>2022-2023<\/td><td>Galerie Poll, Berlin<\/td><\/tr><tr><td>2022<\/td><td>Bentlage Monastery, Rheine<br>Siegburg City Museum<\/td><\/tr><tr><td>2020-2021<\/td><td>Galerie Peter Zimmermann, Mannheim<\/td><\/tr><tr><td>2020<\/td><td>Wilhelm Morgner Museum, Soest<\/td><\/tr><tr><td>2019-2020<\/td><td>Galerie Poll, Berlin (with Andreas Silbermann)<\/td><\/tr><tr><td>2019<\/td><td>Galerie H\u00fcbner + H\u00fcbner, Frankfurt am Main<br>Museum Pfalzgalerie Kaiserslautern<\/td><\/tr><tr><td>2018<\/td><td>UP ART Galerie, Neustadt an der Weinstra\u00dfe<br>Kunsthaus Frankenthal<\/td><\/tr><tr><td>2017<\/td><td>Galerie unterm Maulbeerbaum, Badenheim<br>K\u00fcnstlerbahnhof Ebernburg e.V., Bad Kreuznach (with Michael Rausch)<\/td><\/tr><tr><td>2016<\/td><td>Galerie Ulrich Gering, Frankfurt am Main (with Michael Rausch)<br>Kunststation Kleinsassen e.V., Hofbieber-Kleinsassen<\/td><\/tr><tr><td>2015<\/td><td>Atelier-Galerie J\u00fcrgen Schmitz, Siegburg<br>Kunsthalle Ingelheim<\/td><\/tr><tr><td>2013<\/td><td>Junger Kunstkreis H\u00fcnfeld e.V. (with Peter L\u00f6rincz)<br>Museum Pachen, Rockenhausen (with Michael Rausch)<\/td><\/tr><tr><td>2012<\/td><td>French Embassy in Madrid<\/td><\/tr><tr><td>2011<\/td><td>Maison de Heidelberg, Montpellier<\/td><\/tr><tr><td>2010<\/td><td>Galerie de l\u2019Ancien Courrier, Montpellier<\/td><\/tr><tr><td>2006<\/td><td>Galerie Palais Walderdorff, Trier<br>Kronberg Painters&#8216; Colony Museum, Kronberg im Taunus<\/td><\/tr><tr><td>2004<\/td><td>Bad Kreuznach Castle Park Museum<\/td><\/tr><tr><td>2000<\/td><td>K\u00fcnstlerbahnhof Ebernburg e.V., Bad Kreuznach<\/td><\/tr><tr><td>1999<\/td><td>Art Galerie Armand Gaasch (Luxembourg)<br>Art Association Essenheim e.V.<\/td><\/tr><\/tbody><\/table><\/figure>\n\n\n\n<div style=\"height:10px\" aria-hidden=\"true\" class=\"wp-block-spacer\"><\/div>\n\n\n\n<p><strong>Group exhibitions (selection)<\/strong><\/p>\n\n\n\n<div style=\"height:10px\" aria-hidden=\"true\" class=\"wp-block-spacer\"><\/div>\n\n\n\n<figure class=\"wp-block-table\"><table><tbody><tr><td>2024<\/td><td>Middle Rhine Museum, Koblenz<\/td><\/tr><tr><td>2023<\/td><td>Vischering Castle, L\u00fcdinghausen<\/td><\/tr><tr><td>2022-2023<\/td><td>Museum of Art, Rockenhausen<\/td><\/tr><tr><td>2021<\/td><td>Kunstverein Kreis G\u00fctersloh e.V.<br>Galerie Michael W. Schmalfuss, Marburg<\/td><\/tr><tr><td>2020<\/td><td>Speyer Municipal Gallery<\/td><\/tr><tr><td>2019<\/td><td>Kunstbezirk &#8211; Galerie im Gustav-Siegle-Haus, Stuttgart<\/td><\/tr><tr><td>2018<\/td><td>Museum Pfalzgalerie Kaiserslautern<br>Germersheim Art Association<br>Bund Bildender K\u00fcnstler Leipzig e.V.<br>Galerie Moderne, Bad Zwischenahn<br>Palatine Secession, Herrenhof Mu\u00dfbach<\/td><\/tr><tr><td>2017<\/td><td>Wilhelm Morgner Museum, Soest<br>Karlsruhe Regional Council at Rondellplatz<br>10th Biennale internationale d&#8217;estampe contemporaine de Trois-Rivi\u00e8res<br>Stewart Center Gallery at Purdue University, West Lafayette (USA)<br>Museum Kunstpalast, D\u00fcsseldorf<\/td><\/tr><tr><td>2016<\/td><td>Boppard Museum, Boppard am Rhein<br>Kunsthaus Frankenthal<br>Essenheim Art Association<br>6th Realism Biennale, Berlin<br>Art Association Eisenturm Mainz e.V.<br>Rhineland-Palatinate State Representation, Berlin<\/td><\/tr><tr><td>2015<\/td><td>Mennonite Church Municipal Gallery, Neuwied<br>Galerie Mainzer Kunst!, Mainz<br>Forum des Arts, Saint-G\u00e9ly-du-Fesc (France)<br>Galerie Ulrich Gering, Frankfurt am Main<br>Speyer Municipal Gallery<br>Mining and City Museum City of Weilburg an der Lahn<br>Museum Kunstpalast, D\u00fcsseldorf<\/td><\/tr><tr><td>2014<\/td><td>Uferhallen, Berlin<br>Langenfeld City Museum<\/td><\/tr><tr><td>2013<\/td><td>Art Salon in the State Museum of Egyptian Art, Munich<br>Contemporary Art Gallery, Opeln (Poland)<br>Central Michigan University Art Gallery, Mount Pleasant (USA)<br>The Art Museum at SUNY Potsdam, New York<\/td><\/tr><tr><td>2012<\/td><td>Robert und Elaine Stein Galleries, Dayton (USA)<br>Uferhallen, Berlin<br>Purdue University Galleries, West Lafayette (USA)<\/td><\/tr><tr><td>2005<\/td><td>4th Biennale internationale d&#8217;estampe contemporaine de Trois-Rivi\u00e8res<br>Speyer Municipal Gallery<\/td><\/tr><tr><td>2003<\/td><td>Galerie Michael W. Schmalfuss, Marburg<\/td><\/tr><tr><td>2002<\/td><td>VIII. German International Graphic Arts Triennial, Frechen<\/td><\/tr><tr><td>2001<\/td><td>International Graphic Biennale for Drypoint Graphics, Uzi\u00e7e (Yugoslavia)<br>John Bloxham Gallery, London<\/td><\/tr><tr><td>1998<\/td><td>Hokkaido Museum of Modern Art, Sapporo (Japan)<\/td><\/tr><tr><td>1992<\/td><td>Kunsthalle Darmstadt<\/td><\/tr><\/tbody><\/table><\/figure>\n","protected":false},"excerpt":{"rendered":"<p>Solo exhibitions (selection) 2026 Galerie Poll, Berlin 2025 Municipal Gallery Eichenm\u00fcllerhaus, Lemgo 2024 Galerie Peter Zimmermann, Mannheim 2023 Galerie H\u00fcbner + H\u00fcbner, Frankfurt am Main 2022-2023 Galerie Poll, Berlin 2022 Bentlage Monastery, RheineSiegburg City Museum 2020-2021 Galerie Peter Zimmermann, Mannheim 2020 Wilhelm Morgner Museum, Soest 2019-2020 Galerie Poll, Berlin (with Andreas Silbermann) 2019 Galerie H\u00fcbner [&hellip;]<\/p>\n","protected":false},"author":1,"featured_media":0,"parent":28024,"menu_order":1,"comment_status":"closed","ping_status":"closed","template":"kuenstler-text.php","meta":{"_acf_changed":false,"footnotes":""},"class_list":["post-28030","page","type-page","status-publish","hentry"],"acf":[],"_links":{"self":[{"href":"https:\/\/poll-berlin.de\/galerie\/wp-json\/wp\/v2\/pages\/28030","targetHints":{"allow":["GET"]}}],"collection":[{"href":"https:\/\/poll-berlin.de\/galerie\/wp-json\/wp\/v2\/pages"}],"about":[{"href":"https:\/\/poll-berlin.de\/galerie\/wp-json\/wp\/v2\/types\/page"}],"author":[{"embeddable":true,"href":"https:\/\/poll-berlin.de\/galerie\/wp-json\/wp\/v2\/users\/1"}],"replies":[{"embeddable":true,"href":"https:\/\/poll-berlin.de\/galerie\/wp-json\/wp\/v2\/comments?post=28030"}],"version-history":[{"count":9,"href":"https:\/\/poll-berlin.de\/galerie\/wp-json\/wp\/v2\/pages\/28030\/revisions"}],"predecessor-version":[{"id":45437,"href":"https:\/\/poll-berlin.de\/galerie\/wp-json\/wp\/v2\/pages\/28030\/revisions\/45437"}],"up":[{"embeddable":true,"href":"https:\/\/poll-berlin.de\/galerie\/wp-json\/wp\/v2\/pages\/28024"}],"wp:attachment":[{"href":"https:\/\/poll-berlin.de\/galerie\/wp-json\/wp\/v2\/media?parent=28030"}],"curies":[{"name":"wp","href":"https:\/\/api.w.org\/{rel}","templated":true}]}}