{"id":27842,"date":"2024-04-02T17:56:58","date_gmt":"2024-04-02T15:56:58","guid":{"rendered":"https:\/\/poll-berlin.de\/galerie\/?page_id=27842"},"modified":"2025-02-18T13:20:05","modified_gmt":"2025-02-18T12:20:05","slug":"audio-video","status":"publish","type":"page","link":"https:\/\/poll-berlin.de\/galerie\/ausstellungen\/archiv\/jan-schueler\/audio-video\/","title":{"rendered":"Audio \/ Video"},"content":{"rendered":"\n<p>Anl\u00e4sslich der Ausstellung f\u00fchrte Jochen L. St\u00f6ckmann ein K\u00fcnstlergespr\u00e4ch, das hier nachzuh\u00f6ren ist (dt., Dauer: 32 Min.):<\/p>\n\n\n\n<figure class=\"wp-block-image size-full\"><a href=\"https:\/\/soundcloud.com\/jochen-stoeckmann\/jan-schuler-malt-deutsche-landschaften\" target=\"_blank\" rel=\"noreferrer noopener\"><img loading=\"lazy\" decoding=\"async\" width=\"200\" height=\"23\" src=\"https:\/\/poll-berlin.de\/galerie\/wp-content\/uploads\/Soundcloud_Logo-1.gif\" alt=\"\" class=\"wp-image-36839\"\/><\/a><\/figure>\n\n\n\n<div style=\"height:10px\" aria-hidden=\"true\" class=\"wp-block-spacer\"><\/div>\n\n\n\n<figure class=\"wp-block-image size-large is-resized\"><img loading=\"lazy\" decoding=\"async\" width=\"800\" height=\"603\" src=\"https:\/\/poll-berlin.de\/galerie\/wp-content\/uploads\/JS-JLS_Foto-Nana-Poll_web-800x603.jpg\" alt=\"\" class=\"wp-image-36843\" style=\"width:400px\" srcset=\"https:\/\/poll-berlin.de\/galerie\/wp-content\/uploads\/JS-JLS_Foto-Nana-Poll_web-800x603.jpg 800w, https:\/\/poll-berlin.de\/galerie\/wp-content\/uploads\/JS-JLS_Foto-Nana-Poll_web-300x226.jpg 300w, https:\/\/poll-berlin.de\/galerie\/wp-content\/uploads\/JS-JLS_Foto-Nana-Poll_web-768x579.jpg 768w, https:\/\/poll-berlin.de\/galerie\/wp-content\/uploads\/JS-JLS_Foto-Nana-Poll_web.jpg 1500w\" sizes=\"auto, (max-width: 800px) 100vw, 800px\" \/><\/figure>\n","protected":false},"excerpt":{"rendered":"<p>Anl\u00e4sslich der Ausstellung f\u00fchrte Jochen L. St\u00f6ckmann ein K\u00fcnstlergespr\u00e4ch, das hier nachzuh\u00f6ren ist (dt., Dauer: 32 Min.):<\/p>\n","protected":false},"author":1,"featured_media":0,"parent":27836,"menu_order":4,"comment_status":"closed","ping_status":"closed","template":"ausstellen-text.php","meta":{"_acf_changed":false,"footnotes":""},"class_list":["post-27842","page","type-page","status-publish","hentry"],"acf":[],"_links":{"self":[{"href":"https:\/\/poll-berlin.de\/galerie\/wp-json\/wp\/v2\/pages\/27842","targetHints":{"allow":["GET"]}}],"collection":[{"href":"https:\/\/poll-berlin.de\/galerie\/wp-json\/wp\/v2\/pages"}],"about":[{"href":"https:\/\/poll-berlin.de\/galerie\/wp-json\/wp\/v2\/types\/page"}],"author":[{"embeddable":true,"href":"https:\/\/poll-berlin.de\/galerie\/wp-json\/wp\/v2\/users\/1"}],"replies":[{"embeddable":true,"href":"https:\/\/poll-berlin.de\/galerie\/wp-json\/wp\/v2\/comments?post=27842"}],"version-history":[{"count":13,"href":"https:\/\/poll-berlin.de\/galerie\/wp-json\/wp\/v2\/pages\/27842\/revisions"}],"predecessor-version":[{"id":41119,"href":"https:\/\/poll-berlin.de\/galerie\/wp-json\/wp\/v2\/pages\/27842\/revisions\/41119"}],"up":[{"embeddable":true,"href":"https:\/\/poll-berlin.de\/galerie\/wp-json\/wp\/v2\/pages\/27836"}],"wp:attachment":[{"href":"https:\/\/poll-berlin.de\/galerie\/wp-json\/wp\/v2\/media?parent=27842"}],"curies":[{"name":"wp","href":"https:\/\/api.w.org\/{rel}","templated":true}]}}