{"id":27836,"date":"2023-01-01T19:57:05","date_gmt":"2023-01-01T18:57:05","guid":{"rendered":"https:\/\/poll-berlin.de\/galerie\/?page_id=27836"},"modified":"2025-02-05T15:38:34","modified_gmt":"2025-02-05T14:38:34","slug":"jan-schueler","status":"publish","type":"page","link":"https:\/\/poll-berlin.de\/galerie\/ausstellungen\/archiv\/jan-schueler\/","title":{"rendered":"Jan Sch\u00fcler<\/br>13. Januar \u2013 25. Februar 2023"},"content":{"rendered":"\n<p><strong>Deutsche Landschaft <br>Jan Sch\u00fcler \u2013 Malerei<\/strong><br>13. Januar \u2013 25. Februar 2023, Er\u00f6ffnung: 12. Januar, 18-21 Uhr<br>Buchvorstellung und K\u00fcnstlergespr\u00e4ch mit Jochen L. St\u00f6ckmann: 16. Februar um 19 Uhr<\/p>\n","protected":false},"excerpt":{"rendered":"<p>Deutsche Landschaft Jan Sch\u00fcler \u2013 Malerei13. Januar \u2013 25. Februar 2023, Er\u00f6ffnung: 12. Januar, 18-21 UhrBuchvorstellung und K\u00fcnstlergespr\u00e4ch mit Jochen L. St\u00f6ckmann: 16. Februar um 19 Uhr<\/p>\n","protected":false},"author":2,"featured_media":27516,"parent":440,"menu_order":19,"comment_status":"closed","ping_status":"closed","template":"ausstellen-austellung.php","meta":{"_acf_changed":false,"footnotes":""},"class_list":["post-27836","page","type-page","status-publish","has-post-thumbnail","hentry"],"acf":[],"_links":{"self":[{"href":"https:\/\/poll-berlin.de\/galerie\/wp-json\/wp\/v2\/pages\/27836","targetHints":{"allow":["GET"]}}],"collection":[{"href":"https:\/\/poll-berlin.de\/galerie\/wp-json\/wp\/v2\/pages"}],"about":[{"href":"https:\/\/poll-berlin.de\/galerie\/wp-json\/wp\/v2\/types\/page"}],"author":[{"embeddable":true,"href":"https:\/\/poll-berlin.de\/galerie\/wp-json\/wp\/v2\/users\/2"}],"replies":[{"embeddable":true,"href":"https:\/\/poll-berlin.de\/galerie\/wp-json\/wp\/v2\/comments?post=27836"}],"version-history":[{"count":10,"href":"https:\/\/poll-berlin.de\/galerie\/wp-json\/wp\/v2\/pages\/27836\/revisions"}],"predecessor-version":[{"id":40998,"href":"https:\/\/poll-berlin.de\/galerie\/wp-json\/wp\/v2\/pages\/27836\/revisions\/40998"}],"up":[{"embeddable":true,"href":"https:\/\/poll-berlin.de\/galerie\/wp-json\/wp\/v2\/pages\/440"}],"wp:featuredmedia":[{"embeddable":true,"href":"https:\/\/poll-berlin.de\/galerie\/wp-json\/wp\/v2\/media\/27516"}],"wp:attachment":[{"href":"https:\/\/poll-berlin.de\/galerie\/wp-json\/wp\/v2\/media?parent=27836"}],"curies":[{"name":"wp","href":"https:\/\/api.w.org\/{rel}","templated":true}]}}