{"id":27721,"date":"2022-12-02T16:50:52","date_gmt":"2022-12-02T15:50:52","guid":{"rendered":"https:\/\/poll-berlin.de\/galerie\/?page_id=27721"},"modified":"2025-02-18T13:15:59","modified_gmt":"2025-02-18T12:15:59","slug":"audio-video","status":"publish","type":"page","link":"https:\/\/poll-berlin.de\/galerie\/ausstellungen\/archiv\/heike-negenborn\/audio-video\/","title":{"rendered":"Audio \/ Video"},"content":{"rendered":"\n<p>Zur Ausstellungser\u00f6ffnung f\u00fchrte Jochen L. St\u00f6ckmann ein K\u00fcnstlergespr\u00e4ch, das hier nachzuh\u00f6ren ist (dt., Dauer: 24 Min.):<\/p>\n\n\n\n<figure class=\"wp-block-image size-full\"><a href=\"https:\/\/soundcloud.com\/jochen-stoeckmann\/heike-negenborn-inszenierung-und-wirklichkeit-galerie-poll-berlin\" target=\"_blank\" rel=\"noreferrer noopener\"><img loading=\"lazy\" decoding=\"async\" width=\"200\" height=\"23\" src=\"https:\/\/poll-berlin.de\/galerie\/wp-content\/uploads\/Soundcloud_Logo.gif\" alt=\"\" class=\"wp-image-2556\"\/><\/a><\/figure>\n\n\n\n<div style=\"height:10px\" aria-hidden=\"true\" class=\"wp-block-spacer\"><\/div>\n\n\n\n<figure class=\"wp-block-image size-large is-resized\"><img loading=\"lazy\" decoding=\"async\" width=\"800\" height=\"1067\" src=\"https:\/\/poll-berlin.de\/galerie\/wp-content\/uploads\/HN-JLS_Foto-Nana-Poll_web-800x1067.jpg\" alt=\"\" class=\"wp-image-36856\" style=\"height:400px\" srcset=\"https:\/\/poll-berlin.de\/galerie\/wp-content\/uploads\/HN-JLS_Foto-Nana-Poll_web-800x1067.jpg 800w, https:\/\/poll-berlin.de\/galerie\/wp-content\/uploads\/HN-JLS_Foto-Nana-Poll_web-225x300.jpg 225w, https:\/\/poll-berlin.de\/galerie\/wp-content\/uploads\/HN-JLS_Foto-Nana-Poll_web-768x1025.jpg 768w, https:\/\/poll-berlin.de\/galerie\/wp-content\/uploads\/HN-JLS_Foto-Nana-Poll_web.jpg 1092w\" sizes=\"auto, (max-width: 800px) 100vw, 800px\" \/><\/figure>\n","protected":false},"excerpt":{"rendered":"<p>Zur Ausstellungser\u00f6ffnung f\u00fchrte Jochen L. St\u00f6ckmann ein K\u00fcnstlergespr\u00e4ch, das hier nachzuh\u00f6ren ist (dt., Dauer: 24 Min.):<\/p>\n","protected":false},"author":1,"featured_media":0,"parent":27714,"menu_order":3,"comment_status":"closed","ping_status":"closed","template":"ausstellen-text.php","meta":{"_acf_changed":false,"footnotes":""},"class_list":["post-27721","page","type-page","status-publish","hentry"],"acf":[],"_links":{"self":[{"href":"https:\/\/poll-berlin.de\/galerie\/wp-json\/wp\/v2\/pages\/27721","targetHints":{"allow":["GET"]}}],"collection":[{"href":"https:\/\/poll-berlin.de\/galerie\/wp-json\/wp\/v2\/pages"}],"about":[{"href":"https:\/\/poll-berlin.de\/galerie\/wp-json\/wp\/v2\/types\/page"}],"author":[{"embeddable":true,"href":"https:\/\/poll-berlin.de\/galerie\/wp-json\/wp\/v2\/users\/1"}],"replies":[{"embeddable":true,"href":"https:\/\/poll-berlin.de\/galerie\/wp-json\/wp\/v2\/comments?post=27721"}],"version-history":[{"count":10,"href":"https:\/\/poll-berlin.de\/galerie\/wp-json\/wp\/v2\/pages\/27721\/revisions"}],"predecessor-version":[{"id":41115,"href":"https:\/\/poll-berlin.de\/galerie\/wp-json\/wp\/v2\/pages\/27721\/revisions\/41115"}],"up":[{"embeddable":true,"href":"https:\/\/poll-berlin.de\/galerie\/wp-json\/wp\/v2\/pages\/27714"}],"wp:attachment":[{"href":"https:\/\/poll-berlin.de\/galerie\/wp-json\/wp\/v2\/media?parent=27721"}],"curies":[{"name":"wp","href":"https:\/\/api.w.org\/{rel}","templated":true}]}}